{"id":6662,"date":"2025-11-18T11:58:48","date_gmt":"2025-11-18T11:58:48","guid":{"rendered":"https:\/\/sakoplan.pl\/?post_type=product&#038;p=6662"},"modified":"2025-11-18T11:58:48","modified_gmt":"2025-11-18T11:58:48","slug":"przemyslowy-klej-do-naprawy-plandek-folii-tkanin-skor-100-ml","status":"publish","type":"product","link":"https:\/\/sakoplan.pl\/ru\/product\/przemyslowy-klej-do-naprawy-plandek-folii-tkanin-skor-100-ml\/","title":{"rendered":"Przemys\u0142owy klej do naprawy plandek, folii, tkanin, sk\u00f3r &#8211; 100 ml"},"content":{"rendered":"<p><strong>Klej do plandek i<\/strong>\u00a0folii. Bezbarwny\u00a0<strong>klej do plandek<\/strong>\u00a0&#8211; MULTIBOND 25 stworzony na bazie poliuretanu oraz \u015brodk\u00f3w modyfikuj\u0105cych roztwory rozpuszczalnik\u00f3w.\u00a0Posiada wyd\u0142u\u017cony\u00a0czas monta\u017cu oraz szeroki zakres zastosowa\u0144 warsztatowych. \u0141\u0105czy gumy poliuretanowe PCV, PUR, piank\u0119 PE, sk\u00f3r\u0119, EPDM, metale i drewno.\u00a0Dost\u0119pny r\u00f3wnie\u017c w\u00a0<a href=\"https:\/\/www.sakoexpo.com.pl\/pl\/glowna\/523-przemyslowy-klej-do-plandek-i-folii?search_query=klej&amp;results=4\">wi\u0119kszej puszce<\/a>.<\/p>\n<p>&nbsp;<\/p>\n<p>Posiada szeroki zakres zastosowa\u0144, mo\u017cna go bezpiecznie u\u017cywa\u0107 do \u0142\u0105czenia gum poliuretanowych PUR, PCV, EPDM, pianki PE, sk\u00f3ry, metali i drewna.\u00a0\u00a0Przygotowanie i wykonanie klejenia : wg instrukcji na opakowaniu<\/p>\n<p><strong>Informacje dodatkowe:<\/strong><\/p>\n<ul>\n<li>Produkt \u0142atwopalny. Chroni\u0107 przed dzie\u0107mi. Stosowa\u0107 r\u0119kawice ochronne, odzie\u017c ochronn\u0105 i ochron\u0119 oczu.<\/li>\n<li>Zawiera : toluen, aceton.<\/li>\n<li>Opakowanie\u00a0100 ml<\/li>\n<\/ul>","protected":false},"excerpt":{"rendered":"<p>Klej do plandek i\u00a0folii. Bezbarwny\u00a0klej do plandek\u00a0&#8211; MULTIBOND 25 stworzony na bazie poliuretanu oraz \u015brodk\u00f3w modyfikuj\u0105cych roztwory rozpuszczalnik\u00f3w.\u00a0Posiada wyd\u0142u\u017cony\u00a0czas monta\u017cu oraz szeroki zakres zastosowa\u0144 warsztatowych. \u0141\u0105czy gumy poliuretanowe PCV, PUR, piank\u0119 PE, sk\u00f3r\u0119, EPDM, metale i drewno.\u00a0Dost\u0119pny r\u00f3wnie\u017c w\u00a0wi\u0119kszej puszce. &nbsp; Posiada szeroki zakres zastosowa\u0144, mo\u017cna go bezpiecznie u\u017cywa\u0107 do \u0142\u0105czenia gum poliuretanowych PUR, PCV, [&hellip;]<\/p>\n","protected":false},"featured_media":6666,"template":"","meta":{"_acf_changed":false},"product_cat":[586],"product_tag":[],"class_list":{"0":"post-6662","1":"product","2":"type-product","3":"status-publish","4":"has-post-thumbnail","6":"product_cat-okucia-i-akcesoria","8":"first","9":"instock","10":"taxable","11":"shipping-taxable","12":"purchasable","13":"product-type-simple","swatches":"rey-swatches","show_selected":""},"acf":[],"_links":{"self":[{"href":"https:\/\/sakoplan.pl\/ru\/wp-json\/wp\/v2\/product\/6662","targetHints":{"allow":["GET"]}}],"collection":[{"href":"https:\/\/sakoplan.pl\/ru\/wp-json\/wp\/v2\/product"}],"about":[{"href":"https:\/\/sakoplan.pl\/ru\/wp-json\/wp\/v2\/types\/product"}],"version-history":[{"count":0,"href":"https:\/\/sakoplan.pl\/ru\/wp-json\/wp\/v2\/product\/6662\/revisions"}],"wp:featuredmedia":[{"embeddable":true,"href":"https:\/\/sakoplan.pl\/ru\/wp-json\/wp\/v2\/media\/6666"}],"wp:attachment":[{"href":"https:\/\/sakoplan.pl\/ru\/wp-json\/wp\/v2\/media?parent=6662"}],"wp:term":[{"taxonomy":"product_cat","embeddable":true,"href":"https:\/\/sakoplan.pl\/ru\/wp-json\/wp\/v2\/product_cat?post=6662"},{"taxonomy":"product_tag","embeddable":true,"href":"https:\/\/sakoplan.pl\/ru\/wp-json\/wp\/v2\/product_tag?post=6662"}],"curies":[{"name":"wp","href":"https:\/\/api.w.org\/{rel}","templated":true}]}}