{"id":6642,"date":"2025-11-18T11:29:00","date_gmt":"2025-11-18T11:29:00","guid":{"rendered":"https:\/\/sakoplan.pl\/?post_type=product&#038;p=6642"},"modified":"2025-11-18T11:30:24","modified_gmt":"2025-11-18T11:30:24","slug":"zakuwak-do-nitow-aluminiowych-2","status":"publish","type":"product","link":"https:\/\/sakoplan.pl\/ru\/product\/zakuwak-do-nitow-aluminiowych-2\/","title":{"rendered":"Zakuwak do nit\u00f3w aluminiowych"},"content":{"rendered":"<p>R\u0119czny zakuwak do nit\u00f3w aluminiowych wykonany ze stali ocynkowej.<\/p>\n<p>&nbsp;<\/p>\n<p>Zastosowanie:<\/p>\n<p>zakuwanie nit\u00f3w aluminiowych<\/p>\n<p>&nbsp;<\/p>\n<p>Dane techniczne:<\/p>\n<p>materia\u0142: stal ocynkowana<br \/>\n\u015brednica robocza nita: 5 mm<\/p>\n<p>&nbsp;<\/p>\n<p>Do zakucia wymagane s\u0105 r\u00f3wnie\u017c:<\/p>\n<p>nity aluminiowe 5&#215;8<br \/>\nnity aluminiowe 5&#215;10<br \/>\nnity aluminiowe 5&#215;12<br \/>\np\u0142yta do zakuwania &#8211; zapewnia odpowiednie pod\u0142o\u017ce<br \/>\nm\u0142otek &#8211; chroni narz\u0119dzia przed zu\u017cyciem<\/p>","protected":false},"excerpt":{"rendered":"<p>R\u0119czny zakuwak do nit\u00f3w aluminiowych wykonany ze stali ocynkowej. &nbsp; Zastosowanie: zakuwanie nit\u00f3w aluminiowych &nbsp; Dane techniczne: materia\u0142: stal ocynkowana \u015brednica robocza nita: 5 mm &nbsp; Do zakucia wymagane s\u0105 r\u00f3wnie\u017c: nity aluminiowe 5&#215;8 nity aluminiowe 5&#215;10 nity aluminiowe 5&#215;12 p\u0142yta do zakuwania &#8211; zapewnia odpowiednie pod\u0142o\u017ce m\u0142otek &#8211; chroni narz\u0119dzia przed zu\u017cyciem<\/p>","protected":false},"featured_media":6643,"template":"","meta":{"_acf_changed":false},"product_cat":[588],"product_tag":[],"class_list":{"0":"post-6642","1":"product","2":"type-product","3":"status-publish","4":"has-post-thumbnail","6":"product_cat-zakuwaki-i-wycinaki","8":"first","9":"instock","10":"taxable","11":"shipping-taxable","12":"purchasable","13":"product-type-simple","swatches":"rey-swatches","show_selected":""},"acf":[],"_links":{"self":[{"href":"https:\/\/sakoplan.pl\/ru\/wp-json\/wp\/v2\/product\/6642","targetHints":{"allow":["GET"]}}],"collection":[{"href":"https:\/\/sakoplan.pl\/ru\/wp-json\/wp\/v2\/product"}],"about":[{"href":"https:\/\/sakoplan.pl\/ru\/wp-json\/wp\/v2\/types\/product"}],"version-history":[{"count":0,"href":"https:\/\/sakoplan.pl\/ru\/wp-json\/wp\/v2\/product\/6642\/revisions"}],"wp:featuredmedia":[{"embeddable":true,"href":"https:\/\/sakoplan.pl\/ru\/wp-json\/wp\/v2\/media\/6643"}],"wp:attachment":[{"href":"https:\/\/sakoplan.pl\/ru\/wp-json\/wp\/v2\/media?parent=6642"}],"wp:term":[{"taxonomy":"product_cat","embeddable":true,"href":"https:\/\/sakoplan.pl\/ru\/wp-json\/wp\/v2\/product_cat?post=6642"},{"taxonomy":"product_tag","embeddable":true,"href":"https:\/\/sakoplan.pl\/ru\/wp-json\/wp\/v2\/product_tag?post=6642"}],"curies":[{"name":"wp","href":"https:\/\/api.w.org\/{rel}","templated":true}]}}