{"id":6637,"date":"2025-11-18T11:22:19","date_gmt":"2025-11-18T11:22:19","guid":{"rendered":"https:\/\/sakoplan.pl\/?post_type=product&#038;p=6637"},"modified":"2025-11-18T11:24:14","modified_gmt":"2025-11-18T11:24:14","slug":"profil-aluminiowy-artrama-25x20","status":"publish","type":"product","link":"https:\/\/sakoplan.pl\/ru\/product\/profil-aluminiowy-artrama-25x20\/","title":{"rendered":"Profil aluminiowy ArtRama 25&#215;20"},"content":{"rendered":"<p>Profil aluminiowy ArtRama o wymiarach 24&#215;20 mm do prezentacji reklamy wewn\u0119trznej i p\u0142\u00f3cien obrazowych. Jest to jedyny taki profil w rodzinie SAKORAM i ca\u0142kowita nowo\u015bci\u0105 na rynku, specjalnie zaprojektowany profil pozwala na wymian\u0119 p\u0142\u00f3tna bez konieczno\u015bci niszczenia ramy. Profil surowy do u\u017cytku wewn\u0119trznego.<\/p>\n<p><strong>Cena dotyczy 1 mb.<\/strong><\/p>\n<p>&nbsp;<\/p>\n<p>System SAKORAMY to autorski pomys\u0142 naszej firmy, s\u0142u\u017c\u0105cy do prezentacji reklam \u015bredniego formatu. Dzi\u0119ki mocowaniu listwy napinaj\u0105cej na ca\u0142ym obwodzie konstrukcji zbudowane w ten spos\u00f3b ramy s\u0105 stabilne i doskonale napr\u0119\u017caj\u0105 prezentowany materia\u0142\u00a0PVC\u00a0lub p\u0142\u00f3tno typu canvas.<\/p>\n<p>Profil aluminiowy do prezentacji wydruk\u00f3w frontlit oraz p\u0142\u00f3tna canvas. Dost\u0119pny w wersji surowego aluminium.<\/p>\n<p>Wymiary [sz x gr]:<\/p>\n<p>24 x 20 mm.<\/p>\n<p>Dost\u0119pny w sztangach:<\/p>\n<p>3 mb.<\/p>\n","protected":false},"excerpt":{"rendered":"<p>Profil aluminiowy ArtRama o wymiarach 24&#215;20 mm do prezentacji reklamy wewn\u0119trznej i p\u0142\u00f3cien obrazowych. Jest to jedyny taki profil w rodzinie SAKORAM i ca\u0142kowita nowo\u015bci\u0105 na rynku, specjalnie zaprojektowany profil pozwala na wymian\u0119 p\u0142\u00f3tna bez konieczno\u015bci niszczenia ramy. Profil surowy do u\u017cytku wewn\u0119trznego. Cena dotyczy 1 mb. &nbsp; System SAKORAMY to autorski pomys\u0142 naszej firmy, [&hellip;]<\/p>\n","protected":false},"featured_media":6640,"template":"","meta":{"_acf_changed":false},"product_cat":[551],"product_tag":[],"class_list":{"0":"post-6637","1":"product","2":"type-product","3":"status-publish","4":"has-post-thumbnail","6":"product_cat-profile","8":"first","9":"instock","10":"taxable","11":"shipping-taxable","12":"purchasable","13":"product-type-simple","swatches":"rey-swatches","show_selected":""},"acf":[],"_links":{"self":[{"href":"https:\/\/sakoplan.pl\/ru\/wp-json\/wp\/v2\/product\/6637","targetHints":{"allow":["GET"]}}],"collection":[{"href":"https:\/\/sakoplan.pl\/ru\/wp-json\/wp\/v2\/product"}],"about":[{"href":"https:\/\/sakoplan.pl\/ru\/wp-json\/wp\/v2\/types\/product"}],"version-history":[{"count":0,"href":"https:\/\/sakoplan.pl\/ru\/wp-json\/wp\/v2\/product\/6637\/revisions"}],"wp:featuredmedia":[{"embeddable":true,"href":"https:\/\/sakoplan.pl\/ru\/wp-json\/wp\/v2\/media\/6640"}],"wp:attachment":[{"href":"https:\/\/sakoplan.pl\/ru\/wp-json\/wp\/v2\/media?parent=6637"}],"wp:term":[{"taxonomy":"product_cat","embeddable":true,"href":"https:\/\/sakoplan.pl\/ru\/wp-json\/wp\/v2\/product_cat?post=6637"},{"taxonomy":"product_tag","embeddable":true,"href":"https:\/\/sakoplan.pl\/ru\/wp-json\/wp\/v2\/product_tag?post=6637"}],"curies":[{"name":"wp","href":"https:\/\/api.w.org\/{rel}","templated":true}]}}