{"id":6634,"date":"2025-11-18T11:16:53","date_gmt":"2025-11-18T11:16:53","guid":{"rendered":"https:\/\/sakoplan.pl\/?post_type=product&#038;p=6634"},"modified":"2025-11-18T11:19:19","modified_gmt":"2025-11-18T11:19:19","slug":"profil-aluminiowy-surowy-52x25","status":"publish","type":"product","link":"https:\/\/sakoplan.pl\/ru\/product\/profil-aluminiowy-surowy-52x25\/","title":{"rendered":"Profil aluminiowy surowy 52&#215;25"},"content":{"rendered":"<p>Profil aluminiowy (surowy) do prezentacji reklamy &#8211; frontlitu i backlitu. Jest ona jednym z trzech oferowanych przez nas profili do systemu napinaj\u0105cego.<\/p>\n<p><strong>Cena dotyczy 1 mb.<\/strong><\/p>\n<p>&nbsp;<\/p>\n<p>Szeroko\u015b\u0107 52 mm pozwala na u\u017cycie pod\u015bwietlenia wewn\u0119trznego przy zastosowaniu system\u00f3w LED.\u00a0System SAKORAMY to autorski pomys\u0142 naszej firmy, s\u0142u\u017c\u0105cy do prezentacji reklam \u015bredniego formatu. Dzi\u0119ki mocowaniu listwy napinaj\u0105cej na ca\u0142ym obwodzie konstrukcji zbudowane w ten spos\u00f3b ramy do reklam s\u0105 stabilne i doskonale napr\u0119\u017caj\u0105 prezentowany baner.<\/p>\n<p>Profil aluminiowy do prezentacji wydruk\u00f3w frontlit oraz backlit z pod\u015bwietleniem LED. Profil dost\u0119pny w wersji surowej i anodowanej.\u00a0Anodowanie profilu sprawia, \u017ce jest ona bardziej odporny na warunki atmosferyczne oraz promienie UV, co predysponuje go do zastosowa\u0144 w reklamach zewn\u0119trznych.<\/p>\n<p>Wymiary [sz x gr]:<\/p>\n<p>52 x 25 mm.<\/p>\n<p>D\u0142ugo\u015b\u0107 sztang:<\/p>\n<p>6,00 mb.<\/p>\n","protected":false},"excerpt":{"rendered":"<p>Profil aluminiowy (surowy) do prezentacji reklamy &#8211; frontlitu i backlitu. Jest ona jednym z trzech oferowanych przez nas profili do systemu napinaj\u0105cego. Cena dotyczy 1 mb. &nbsp; Szeroko\u015b\u0107 52 mm pozwala na u\u017cycie pod\u015bwietlenia wewn\u0119trznego przy zastosowaniu system\u00f3w LED.\u00a0System SAKORAMY to autorski pomys\u0142 naszej firmy, s\u0142u\u017c\u0105cy do prezentacji reklam \u015bredniego formatu. Dzi\u0119ki mocowaniu listwy napinaj\u0105cej [&hellip;]<\/p>\n","protected":false},"featured_media":5635,"template":"","meta":{"_acf_changed":false},"product_cat":[552],"product_tag":[],"class_list":{"0":"post-6634","1":"product","2":"type-product","3":"status-publish","4":"has-post-thumbnail","6":"product_cat-profile-surowe","8":"first","9":"instock","10":"taxable","11":"shipping-taxable","12":"purchasable","13":"product-type-simple","swatches":"rey-swatches","show_selected":""},"acf":[],"_links":{"self":[{"href":"https:\/\/sakoplan.pl\/ru\/wp-json\/wp\/v2\/product\/6634","targetHints":{"allow":["GET"]}}],"collection":[{"href":"https:\/\/sakoplan.pl\/ru\/wp-json\/wp\/v2\/product"}],"about":[{"href":"https:\/\/sakoplan.pl\/ru\/wp-json\/wp\/v2\/types\/product"}],"version-history":[{"count":0,"href":"https:\/\/sakoplan.pl\/ru\/wp-json\/wp\/v2\/product\/6634\/revisions"}],"wp:featuredmedia":[{"embeddable":true,"href":"https:\/\/sakoplan.pl\/ru\/wp-json\/wp\/v2\/media\/5635"}],"wp:attachment":[{"href":"https:\/\/sakoplan.pl\/ru\/wp-json\/wp\/v2\/media?parent=6634"}],"wp:term":[{"taxonomy":"product_cat","embeddable":true,"href":"https:\/\/sakoplan.pl\/ru\/wp-json\/wp\/v2\/product_cat?post=6634"},{"taxonomy":"product_tag","embeddable":true,"href":"https:\/\/sakoplan.pl\/ru\/wp-json\/wp\/v2\/product_tag?post=6634"}],"curies":[{"name":"wp","href":"https:\/\/api.w.org\/{rel}","templated":true}]}}