{"id":6585,"date":"2025-11-18T08:42:17","date_gmt":"2025-11-18T08:42:17","guid":{"rendered":"https:\/\/sakoplan.pl\/?post_type=product&#038;p=6585"},"modified":"2025-11-18T08:44:27","modified_gmt":"2025-11-18T08:44:27","slug":"pas-hf-tasma-pvc","status":"publish","type":"product","link":"https:\/\/sakoplan.pl\/ru\/product\/pas-hf-tasma-pvc\/","title":{"rendered":"Pas HF \/ Ta\u015bma PVC"},"content":{"rendered":"<p>Ta\u015bma z PVC o szeroko\u015bci 48 mm i grubo\u015bci ok 1 mm. Dost\u0119pna w trzech kolorach.<\/p>","protected":false},"excerpt":{"rendered":"<p>Ta\u015bma z PVC o szeroko\u015bci 48 mm i grubo\u015bci ok 1 mm. Dost\u0119pna w trzech kolorach.<\/p>","protected":false},"featured_media":6588,"template":"","meta":{"_acf_changed":false},"product_cat":[591],"product_tag":[],"class_list":{"0":"post-6585","1":"product","2":"type-product","3":"status-publish","4":"has-post-thumbnail","6":"product_cat-akcesoria-drobne","7":"pa_kolor-bialy","8":"pa_kolor-czarny","9":"pa_kolor-szary","11":"first","12":"instock","13":"taxable","14":"shipping-taxable","15":"purchasable","16":"product-type-variable","swatches":"rey-swatches","show_selected":""},"acf":[],"_links":{"self":[{"href":"https:\/\/sakoplan.pl\/ru\/wp-json\/wp\/v2\/product\/6585","targetHints":{"allow":["GET"]}}],"collection":[{"href":"https:\/\/sakoplan.pl\/ru\/wp-json\/wp\/v2\/product"}],"about":[{"href":"https:\/\/sakoplan.pl\/ru\/wp-json\/wp\/v2\/types\/product"}],"version-history":[{"count":0,"href":"https:\/\/sakoplan.pl\/ru\/wp-json\/wp\/v2\/product\/6585\/revisions"}],"wp:featuredmedia":[{"embeddable":true,"href":"https:\/\/sakoplan.pl\/ru\/wp-json\/wp\/v2\/media\/6588"}],"wp:attachment":[{"href":"https:\/\/sakoplan.pl\/ru\/wp-json\/wp\/v2\/media?parent=6585"}],"wp:term":[{"taxonomy":"product_cat","embeddable":true,"href":"https:\/\/sakoplan.pl\/ru\/wp-json\/wp\/v2\/product_cat?post=6585"},{"taxonomy":"product_tag","embeddable":true,"href":"https:\/\/sakoplan.pl\/ru\/wp-json\/wp\/v2\/product_tag?post=6585"}],"curies":[{"name":"wp","href":"https:\/\/api.w.org\/{rel}","templated":true}]}}