{"id":6582,"date":"2025-11-18T08:38:56","date_gmt":"2025-11-18T08:38:56","guid":{"rendered":"https:\/\/sakoplan.pl\/?post_type=product&#038;p=6582"},"modified":"2025-11-18T08:38:56","modified_gmt":"2025-11-18T08:38:56","slug":"uchwyt-szyny","status":"publish","type":"product","link":"https:\/\/sakoplan.pl\/ru\/product\/uchwyt-szyny\/","title":{"rendered":"Uchwyt szyny"},"content":{"rendered":"<p>Uchwyt mocuj\u0105cy szyn\u0119 do ramy.<\/p>\n<p>&nbsp;<\/p>\n<p>D\u0142ugo\u015b\u0107:<\/p>\n<p>40 mm<\/p>","protected":false},"excerpt":{"rendered":"<p>Uchwyt mocuj\u0105cy szyn\u0119 do ramy. &nbsp; D\u0142ugo\u015b\u0107: 40 mm<\/p>","protected":false},"featured_media":6583,"template":"","meta":{"_acf_changed":false},"product_cat":[591],"product_tag":[],"class_list":{"0":"post-6582","1":"product","2":"type-product","3":"status-publish","4":"has-post-thumbnail","6":"product_cat-akcesoria-drobne","8":"first","9":"instock","10":"taxable","11":"shipping-taxable","12":"purchasable","13":"product-type-simple","swatches":"rey-swatches","show_selected":""},"acf":[],"_links":{"self":[{"href":"https:\/\/sakoplan.pl\/ru\/wp-json\/wp\/v2\/product\/6582","targetHints":{"allow":["GET"]}}],"collection":[{"href":"https:\/\/sakoplan.pl\/ru\/wp-json\/wp\/v2\/product"}],"about":[{"href":"https:\/\/sakoplan.pl\/ru\/wp-json\/wp\/v2\/types\/product"}],"version-history":[{"count":0,"href":"https:\/\/sakoplan.pl\/ru\/wp-json\/wp\/v2\/product\/6582\/revisions"}],"wp:featuredmedia":[{"embeddable":true,"href":"https:\/\/sakoplan.pl\/ru\/wp-json\/wp\/v2\/media\/6583"}],"wp:attachment":[{"href":"https:\/\/sakoplan.pl\/ru\/wp-json\/wp\/v2\/media?parent=6582"}],"wp:term":[{"taxonomy":"product_cat","embeddable":true,"href":"https:\/\/sakoplan.pl\/ru\/wp-json\/wp\/v2\/product_cat?post=6582"},{"taxonomy":"product_tag","embeddable":true,"href":"https:\/\/sakoplan.pl\/ru\/wp-json\/wp\/v2\/product_tag?post=6582"}],"curies":[{"name":"wp","href":"https:\/\/api.w.org\/{rel}","templated":true}]}}