{"id":6579,"date":"2025-11-18T08:36:44","date_gmt":"2025-11-18T08:36:44","guid":{"rendered":"https:\/\/sakoplan.pl\/?post_type=product&#038;p=6579"},"modified":"2025-11-18T08:37:26","modified_gmt":"2025-11-18T08:37:26","slug":"szyna-cynkowana","status":"publish","type":"product","link":"https:\/\/sakoplan.pl\/ru\/product\/szyna-cynkowana\/","title":{"rendered":"Szyna cynkowana"},"content":{"rendered":"<p>Element konstrukcyjny do prowadzenia kurtyn. Tylko do zastosowa\u0144 wewn\u0119trznych.<\/p>\n<p>UWAGA! Szyna sprzedawana\u00a0<strong>w sztangach po 6 metr\u00f3w<\/strong>. Prosimy wybra\u0107 ilo\u015b\u0107 zamawianych sztang.\u00a0<strong>W przypadku ch\u0119ci optymalizacji koszt\u00f3w transportu poprzez przeci\u0119cie sztangi na kr\u00f3tsze odcinki, prosimy o kontakt.<\/strong><\/p>\n<p>&nbsp;<\/p>\n<p>Wymiary:<\/p>\n<p>a=24,<\/p>\n<p>b=25mm<\/p>","protected":false},"excerpt":{"rendered":"<p>Element konstrukcyjny do prowadzenia kurtyn. Tylko do zastosowa\u0144 wewn\u0119trznych. UWAGA! Szyna sprzedawana\u00a0w sztangach po 6 metr\u00f3w. Prosimy wybra\u0107 ilo\u015b\u0107 zamawianych sztang.\u00a0W przypadku ch\u0119ci optymalizacji koszt\u00f3w transportu poprzez przeci\u0119cie sztangi na kr\u00f3tsze odcinki, prosimy o kontakt. &nbsp; Wymiary: a=24, b=25mm<\/p>","protected":false},"featured_media":6580,"template":"","meta":{"_acf_changed":false},"product_cat":[591],"product_tag":[],"class_list":{"0":"post-6579","1":"product","2":"type-product","3":"status-publish","4":"has-post-thumbnail","6":"product_cat-akcesoria-drobne","8":"first","9":"outofstock","10":"taxable","11":"shipping-taxable","12":"purchasable","13":"product-type-simple","swatches":"rey-swatches","show_selected":""},"acf":[],"_links":{"self":[{"href":"https:\/\/sakoplan.pl\/ru\/wp-json\/wp\/v2\/product\/6579","targetHints":{"allow":["GET"]}}],"collection":[{"href":"https:\/\/sakoplan.pl\/ru\/wp-json\/wp\/v2\/product"}],"about":[{"href":"https:\/\/sakoplan.pl\/ru\/wp-json\/wp\/v2\/types\/product"}],"version-history":[{"count":0,"href":"https:\/\/sakoplan.pl\/ru\/wp-json\/wp\/v2\/product\/6579\/revisions"}],"wp:featuredmedia":[{"embeddable":true,"href":"https:\/\/sakoplan.pl\/ru\/wp-json\/wp\/v2\/media\/6580"}],"wp:attachment":[{"href":"https:\/\/sakoplan.pl\/ru\/wp-json\/wp\/v2\/media?parent=6579"}],"wp:term":[{"taxonomy":"product_cat","embeddable":true,"href":"https:\/\/sakoplan.pl\/ru\/wp-json\/wp\/v2\/product_cat?post=6579"},{"taxonomy":"product_tag","embeddable":true,"href":"https:\/\/sakoplan.pl\/ru\/wp-json\/wp\/v2\/product_tag?post=6579"}],"curies":[{"name":"wp","href":"https:\/\/api.w.org\/{rel}","templated":true}]}}