{"id":6555,"date":"2025-11-18T08:12:05","date_gmt":"2025-11-18T08:12:05","guid":{"rendered":"https:\/\/sakoplan.pl\/?post_type=product&#038;p=6555"},"modified":"2025-11-18T08:13:46","modified_gmt":"2025-11-18T08:13:46","slug":"koncowka-linki-z-hakiem-o8-cynkowana","status":"publish","type":"product","link":"https:\/\/sakoplan.pl\/ru\/product\/koncowka-linki-z-hakiem-o8-cynkowana\/","title":{"rendered":"Ko\u0144c\u00f3wka linki z hakiem \u00f88 cynkowana"},"content":{"rendered":"<p>Ko\u0144c\u00f3wka linki celnej z hakiem, ocynkowana o \u015brednicy 8 mm.<\/p>","protected":false},"excerpt":{"rendered":"<p>Ko\u0144c\u00f3wka linki celnej z hakiem, ocynkowana o \u015brednicy 8 mm.<\/p>","protected":false},"featured_media":6551,"template":"","meta":{"_acf_changed":false},"product_cat":[591],"product_tag":[],"class_list":{"0":"post-6555","1":"product","2":"type-product","3":"status-publish","4":"has-post-thumbnail","6":"product_cat-akcesoria-drobne","8":"first","9":"instock","10":"taxable","11":"shipping-taxable","12":"purchasable","13":"product-type-variable","swatches":"rey-swatches","show_selected":""},"acf":[],"_links":{"self":[{"href":"https:\/\/sakoplan.pl\/ru\/wp-json\/wp\/v2\/product\/6555","targetHints":{"allow":["GET"]}}],"collection":[{"href":"https:\/\/sakoplan.pl\/ru\/wp-json\/wp\/v2\/product"}],"about":[{"href":"https:\/\/sakoplan.pl\/ru\/wp-json\/wp\/v2\/types\/product"}],"version-history":[{"count":0,"href":"https:\/\/sakoplan.pl\/ru\/wp-json\/wp\/v2\/product\/6555\/revisions"}],"wp:featuredmedia":[{"embeddable":true,"href":"https:\/\/sakoplan.pl\/ru\/wp-json\/wp\/v2\/media\/6551"}],"wp:attachment":[{"href":"https:\/\/sakoplan.pl\/ru\/wp-json\/wp\/v2\/media?parent=6555"}],"wp:term":[{"taxonomy":"product_cat","embeddable":true,"href":"https:\/\/sakoplan.pl\/ru\/wp-json\/wp\/v2\/product_cat?post=6555"},{"taxonomy":"product_tag","embeddable":true,"href":"https:\/\/sakoplan.pl\/ru\/wp-json\/wp\/v2\/product_tag?post=6555"}],"curies":[{"name":"wp","href":"https:\/\/api.w.org\/{rel}","templated":true}]}}