{"id":6517,"date":"2025-11-17T19:38:40","date_gmt":"2025-11-17T19:38:40","guid":{"rendered":"https:\/\/sakoplan.pl\/?post_type=product&#038;p=6517"},"modified":"2025-11-17T19:38:40","modified_gmt":"2025-11-17T19:38:40","slug":"kolko-cynkowane-rozne-srednice","status":"publish","type":"product","link":"https:\/\/sakoplan.pl\/ru\/product\/kolko-cynkowane-rozne-srednice\/","title":{"rendered":"K\u00f3\u0142ko cynkowane &#8211; r\u00f3\u017cne \u015brednice"},"content":{"rendered":"<p>K\u00f3\u0142ko cynkowane o wybranej \u015brednicy 20, 25, 30, 35, 40, 45 lub 50 mm.<\/p>","protected":false},"excerpt":{"rendered":"<p>K\u00f3\u0142ko cynkowane o wybranej \u015brednicy 20, 25, 30, 35, 40, 45 lub 50 mm.<\/p>","protected":false},"featured_media":6518,"template":"","meta":{"_acf_changed":false},"product_cat":[591],"product_tag":[],"class_list":{"0":"post-6517","1":"product","2":"type-product","3":"status-publish","4":"has-post-thumbnail","6":"product_cat-akcesoria-drobne","8":"first","9":"instock","10":"taxable","11":"shipping-taxable","12":"purchasable","13":"product-type-variable","swatches":"rey-swatches","show_selected":""},"acf":[],"_links":{"self":[{"href":"https:\/\/sakoplan.pl\/ru\/wp-json\/wp\/v2\/product\/6517","targetHints":{"allow":["GET"]}}],"collection":[{"href":"https:\/\/sakoplan.pl\/ru\/wp-json\/wp\/v2\/product"}],"about":[{"href":"https:\/\/sakoplan.pl\/ru\/wp-json\/wp\/v2\/types\/product"}],"version-history":[{"count":0,"href":"https:\/\/sakoplan.pl\/ru\/wp-json\/wp\/v2\/product\/6517\/revisions"}],"wp:featuredmedia":[{"embeddable":true,"href":"https:\/\/sakoplan.pl\/ru\/wp-json\/wp\/v2\/media\/6518"}],"wp:attachment":[{"href":"https:\/\/sakoplan.pl\/ru\/wp-json\/wp\/v2\/media?parent=6517"}],"wp:term":[{"taxonomy":"product_cat","embeddable":true,"href":"https:\/\/sakoplan.pl\/ru\/wp-json\/wp\/v2\/product_cat?post=6517"},{"taxonomy":"product_tag","embeddable":true,"href":"https:\/\/sakoplan.pl\/ru\/wp-json\/wp\/v2\/product_tag?post=6517"}],"curies":[{"name":"wp","href":"https:\/\/api.w.org\/{rel}","templated":true}]}}