{"id":6511,"date":"2025-11-17T19:29:27","date_gmt":"2025-11-17T19:29:27","guid":{"rendered":"https:\/\/sakoplan.pl\/?post_type=product&#038;p=6511"},"modified":"2025-11-17T19:30:13","modified_gmt":"2025-11-17T19:30:13","slug":"rolka-na-lozyskach-podwojna","status":"publish","type":"product","link":"https:\/\/sakoplan.pl\/ru\/product\/rolka-na-lozyskach-podwojna\/","title":{"rendered":"Rolka na \u0142o\u017cyskach podw\u00f3jna"},"content":{"rendered":"<p>Rolka na \u0142o\u017cyskach podw\u00f3jna, cynkowana.<\/p>","protected":false},"excerpt":{"rendered":"<p>Rolka na \u0142o\u017cyskach podw\u00f3jna, cynkowana.<\/p>","protected":false},"featured_media":6512,"template":"","meta":{"_acf_changed":false},"product_cat":[591],"product_tag":[],"class_list":{"0":"post-6511","1":"product","2":"type-product","3":"status-publish","4":"has-post-thumbnail","6":"product_cat-akcesoria-drobne","8":"first","9":"instock","10":"taxable","11":"shipping-taxable","12":"purchasable","13":"product-type-simple","swatches":"rey-swatches","show_selected":""},"acf":[],"_links":{"self":[{"href":"https:\/\/sakoplan.pl\/ru\/wp-json\/wp\/v2\/product\/6511","targetHints":{"allow":["GET"]}}],"collection":[{"href":"https:\/\/sakoplan.pl\/ru\/wp-json\/wp\/v2\/product"}],"about":[{"href":"https:\/\/sakoplan.pl\/ru\/wp-json\/wp\/v2\/types\/product"}],"version-history":[{"count":0,"href":"https:\/\/sakoplan.pl\/ru\/wp-json\/wp\/v2\/product\/6511\/revisions"}],"wp:featuredmedia":[{"embeddable":true,"href":"https:\/\/sakoplan.pl\/ru\/wp-json\/wp\/v2\/media\/6512"}],"wp:attachment":[{"href":"https:\/\/sakoplan.pl\/ru\/wp-json\/wp\/v2\/media?parent=6511"}],"wp:term":[{"taxonomy":"product_cat","embeddable":true,"href":"https:\/\/sakoplan.pl\/ru\/wp-json\/wp\/v2\/product_cat?post=6511"},{"taxonomy":"product_tag","embeddable":true,"href":"https:\/\/sakoplan.pl\/ru\/wp-json\/wp\/v2\/product_tag?post=6511"}],"curies":[{"name":"wp","href":"https:\/\/api.w.org\/{rel}","templated":true}]}}