{"id":6479,"date":"2025-11-17T19:06:41","date_gmt":"2025-11-17T19:06:41","guid":{"rendered":"https:\/\/sakoplan.pl\/?post_type=product&#038;p=6479"},"modified":"2025-11-17T19:15:00","modified_gmt":"2025-11-17T19:15:00","slug":"hak-sprezynowy-ekspandora","status":"publish","type":"product","link":"https:\/\/sakoplan.pl\/ru\/product\/hak-sprezynowy-ekspandora\/","title":{"rendered":"Zacisk do hak\u00f3w spr\u0119\u017cynowych ekspandora 8"},"content":{"rendered":"<p>Zacisk do hak\u00f3w spr\u0119\u017cynowych ekspandora, tulejkowy o \u015brednicy 8 mm.<\/p>","protected":false},"excerpt":{"rendered":"<p>Zacisk do hak\u00f3w spr\u0119\u017cynowych ekspandora, tulejkowy o \u015brednicy 8 mm.<\/p>","protected":false},"featured_media":6486,"template":"","meta":{"_acf_changed":false},"product_cat":[591],"product_tag":[],"class_list":{"0":"post-6479","1":"product","2":"type-product","3":"status-publish","4":"has-post-thumbnail","6":"product_cat-akcesoria-drobne","8":"first","9":"instock","10":"taxable","11":"shipping-taxable","12":"purchasable","13":"product-type-variable","swatches":"rey-swatches","show_selected":""},"acf":[],"_links":{"self":[{"href":"https:\/\/sakoplan.pl\/ru\/wp-json\/wp\/v2\/product\/6479","targetHints":{"allow":["GET"]}}],"collection":[{"href":"https:\/\/sakoplan.pl\/ru\/wp-json\/wp\/v2\/product"}],"about":[{"href":"https:\/\/sakoplan.pl\/ru\/wp-json\/wp\/v2\/types\/product"}],"version-history":[{"count":0,"href":"https:\/\/sakoplan.pl\/ru\/wp-json\/wp\/v2\/product\/6479\/revisions"}],"wp:featuredmedia":[{"embeddable":true,"href":"https:\/\/sakoplan.pl\/ru\/wp-json\/wp\/v2\/media\/6486"}],"wp:attachment":[{"href":"https:\/\/sakoplan.pl\/ru\/wp-json\/wp\/v2\/media?parent=6479"}],"wp:term":[{"taxonomy":"product_cat","embeddable":true,"href":"https:\/\/sakoplan.pl\/ru\/wp-json\/wp\/v2\/product_cat?post=6479"},{"taxonomy":"product_tag","embeddable":true,"href":"https:\/\/sakoplan.pl\/ru\/wp-json\/wp\/v2\/product_tag?post=6479"}],"curies":[{"name":"wp","href":"https:\/\/api.w.org\/{rel}","templated":true}]}}