{"id":6430,"date":"2025-11-17T17:37:28","date_gmt":"2025-11-17T17:37:28","guid":{"rendered":"https:\/\/sakoplan.pl\/?post_type=product&#038;p=6430"},"modified":"2025-11-17T17:50:24","modified_gmt":"2025-11-17T17:50:24","slug":"pasek-z-polkolkiem-rozne-dlugosci","status":"publish","type":"product","link":"https:\/\/sakoplan.pl\/ru\/product\/pasek-z-polkolkiem-rozne-dlugosci\/","title":{"rendered":"Pasek z p\u00f3\u0142k\u00f3\u0142kiem &#8211; r\u00f3\u017cne d\u0142ugo\u015bci"},"content":{"rendered":"<p>Pasek parciany zako\u0144czony p\u00f3\u0142k\u00f3\u0142kiem do mocowania plandek.<\/p>\n<p>&nbsp;<\/p>\n<p>D\u0142ugo\u015b\u0107:<\/p>\n<p>30, 40 lub 50 cm<\/p>","protected":false},"excerpt":{"rendered":"<p>Pasek parciany zako\u0144czony p\u00f3\u0142k\u00f3\u0142kiem do mocowania plandek. &nbsp; D\u0142ugo\u015b\u0107: 30, 40 lub 50 cm<\/p>","protected":false},"featured_media":6431,"template":"","meta":{"_acf_changed":false},"product_cat":[593],"product_tag":[],"class_list":{"0":"post-6430","1":"product","2":"type-product","3":"status-publish","4":"has-post-thumbnail","6":"product_cat-pasy","8":"first","9":"instock","10":"taxable","11":"shipping-taxable","12":"purchasable","13":"product-type-variable","swatches":"rey-swatches","show_selected":""},"acf":[],"_links":{"self":[{"href":"https:\/\/sakoplan.pl\/ru\/wp-json\/wp\/v2\/product\/6430","targetHints":{"allow":["GET"]}}],"collection":[{"href":"https:\/\/sakoplan.pl\/ru\/wp-json\/wp\/v2\/product"}],"about":[{"href":"https:\/\/sakoplan.pl\/ru\/wp-json\/wp\/v2\/types\/product"}],"version-history":[{"count":0,"href":"https:\/\/sakoplan.pl\/ru\/wp-json\/wp\/v2\/product\/6430\/revisions"}],"wp:featuredmedia":[{"embeddable":true,"href":"https:\/\/sakoplan.pl\/ru\/wp-json\/wp\/v2\/media\/6431"}],"wp:attachment":[{"href":"https:\/\/sakoplan.pl\/ru\/wp-json\/wp\/v2\/media?parent=6430"}],"wp:term":[{"taxonomy":"product_cat","embeddable":true,"href":"https:\/\/sakoplan.pl\/ru\/wp-json\/wp\/v2\/product_cat?post=6430"},{"taxonomy":"product_tag","embeddable":true,"href":"https:\/\/sakoplan.pl\/ru\/wp-json\/wp\/v2\/product_tag?post=6430"}],"curies":[{"name":"wp","href":"https:\/\/api.w.org\/{rel}","templated":true}]}}