{"id":6393,"date":"2025-11-17T17:15:44","date_gmt":"2025-11-17T17:15:44","guid":{"rendered":"https:\/\/sakoplan.pl\/?post_type=product&#038;p=6393"},"modified":"2025-11-17T17:16:30","modified_gmt":"2025-11-17T17:16:30","slug":"hak-trojkatny","status":"publish","type":"product","link":"https:\/\/sakoplan.pl\/ru\/product\/hak-trojkatny\/","title":{"rendered":"Hak tr\u00f3jk\u0105tny"},"content":{"rendered":"<p>Hak tr\u00f3jk\u0105tny do pasa \u015bci\u0105gaj\u0105cego 5 T. Wykonany ze stali ocynkowanej.<\/p>","protected":false},"excerpt":{"rendered":"<p>Hak tr\u00f3jk\u0105tny do pasa \u015bci\u0105gaj\u0105cego 5 T. Wykonany ze stali ocynkowanej.<\/p>","protected":false},"featured_media":6394,"template":"","meta":{"_acf_changed":false},"product_cat":[592],"product_tag":[],"class_list":{"0":"post-6393","1":"product","2":"type-product","3":"status-publish","4":"has-post-thumbnail","6":"product_cat-haki","8":"first","9":"instock","10":"taxable","11":"shipping-taxable","12":"purchasable","13":"product-type-simple","swatches":"rey-swatches","show_selected":""},"acf":[],"_links":{"self":[{"href":"https:\/\/sakoplan.pl\/ru\/wp-json\/wp\/v2\/product\/6393","targetHints":{"allow":["GET"]}}],"collection":[{"href":"https:\/\/sakoplan.pl\/ru\/wp-json\/wp\/v2\/product"}],"about":[{"href":"https:\/\/sakoplan.pl\/ru\/wp-json\/wp\/v2\/types\/product"}],"version-history":[{"count":0,"href":"https:\/\/sakoplan.pl\/ru\/wp-json\/wp\/v2\/product\/6393\/revisions"}],"wp:featuredmedia":[{"embeddable":true,"href":"https:\/\/sakoplan.pl\/ru\/wp-json\/wp\/v2\/media\/6394"}],"wp:attachment":[{"href":"https:\/\/sakoplan.pl\/ru\/wp-json\/wp\/v2\/media?parent=6393"}],"wp:term":[{"taxonomy":"product_cat","embeddable":true,"href":"https:\/\/sakoplan.pl\/ru\/wp-json\/wp\/v2\/product_cat?post=6393"},{"taxonomy":"product_tag","embeddable":true,"href":"https:\/\/sakoplan.pl\/ru\/wp-json\/wp\/v2\/product_tag?post=6393"}],"curies":[{"name":"wp","href":"https:\/\/api.w.org\/{rel}","templated":true}]}}