{"id":6339,"date":"2025-11-17T16:32:27","date_gmt":"2025-11-17T16:32:27","guid":{"rendered":"https:\/\/sakoplan.pl\/?post_type=product&#038;p=6339"},"modified":"2025-11-17T16:34:14","modified_gmt":"2025-11-17T16:34:14","slug":"chwytka-obrotowa-wahliwa","status":"publish","type":"product","link":"https:\/\/sakoplan.pl\/ru\/product\/chwytka-obrotowa-wahliwa\/","title":{"rendered":"Chwytka obrotowa wahliwa"},"content":{"rendered":"<p>Chwytka obrotowa wahliwa (o podstawie w kszta\u0142cie prostok\u0105ta) pozwala na zablokowanie oczka w mechanizmie poprzez przekr\u0119cenie cz\u0119\u015bci obrotowej.<\/p>\n<p>&nbsp;<\/p>\n<p>Wysoko\u015b\u0107 ca\u0142kowita:<\/p>\n<p>54 mm<\/p>\n<p>&nbsp;<\/p>\n<p>Wysoko\u015b\u0107 cze\u015bci obrotowej:<\/p>\n<p>35 mm<\/p>\n<p>&nbsp;<\/p>\n<div id=\"kompatybilne\">\n<p><strong>Kompatybilne akcesoria monta\u017cowe:<\/strong><\/p>\n<p>Chwytka obrotowa wahliwa\u00a0&#8211; pasuj\u0105 do nich\u00a0oczka 42&#215;22. Mo\u017cna dobra\u0107 do niej r\u00f3wnie\u017c\u00a0pasek celny 15&#215;3\u00a0i\u00a0link\u0119 celn\u0105 6\u00a0lub\u00a0link\u0119 celn\u0105 8. Do zapinania nale\u017cy u\u017cy\u0107\u00a0paska zapinka 42&#215;22. Aby trwale przytwierdzi\u0107 chwytk\u0119 do materia\u0142u niezb\u0119dna b\u0119dzie r\u00f3wnie\u017c\u00a0podk\u0142adka 51\u00a0i\u00a0nity aluminiowe.<\/p>\n<\/div>","protected":false},"excerpt":{"rendered":"<p>Chwytka obrotowa wahliwa (o podstawie w kszta\u0142cie prostok\u0105ta) pozwala na zablokowanie oczka w mechanizmie poprzez przekr\u0119cenie cz\u0119\u015bci obrotowej. &nbsp; Wysoko\u015b\u0107 ca\u0142kowita: 54 mm &nbsp; Wysoko\u015b\u0107 cze\u015bci obrotowej: 35 mm &nbsp; Kompatybilne akcesoria monta\u017cowe: Chwytka obrotowa wahliwa\u00a0&#8211; pasuj\u0105 do nich\u00a0oczka 42&#215;22. Mo\u017cna dobra\u0107 do niej r\u00f3wnie\u017c\u00a0pasek celny 15&#215;3\u00a0i\u00a0link\u0119 celn\u0105 6\u00a0lub\u00a0link\u0119 celn\u0105 8. Do zapinania nale\u017cy u\u017cy\u0107\u00a0paska [&hellip;]<\/p>\n","protected":false},"featured_media":6342,"template":"","meta":{"_acf_changed":false},"product_cat":[589],"product_tag":[],"class_list":{"0":"post-6339","1":"product","2":"type-product","3":"status-publish","4":"has-post-thumbnail","6":"product_cat-chwytki-i-prowadnice","8":"first","9":"instock","10":"taxable","11":"shipping-taxable","12":"purchasable","13":"product-type-variable","swatches":"rey-swatches","show_selected":""},"acf":[],"_links":{"self":[{"href":"https:\/\/sakoplan.pl\/ru\/wp-json\/wp\/v2\/product\/6339","targetHints":{"allow":["GET"]}}],"collection":[{"href":"https:\/\/sakoplan.pl\/ru\/wp-json\/wp\/v2\/product"}],"about":[{"href":"https:\/\/sakoplan.pl\/ru\/wp-json\/wp\/v2\/types\/product"}],"version-history":[{"count":0,"href":"https:\/\/sakoplan.pl\/ru\/wp-json\/wp\/v2\/product\/6339\/revisions"}],"wp:featuredmedia":[{"embeddable":true,"href":"https:\/\/sakoplan.pl\/ru\/wp-json\/wp\/v2\/media\/6342"}],"wp:attachment":[{"href":"https:\/\/sakoplan.pl\/ru\/wp-json\/wp\/v2\/media?parent=6339"}],"wp:term":[{"taxonomy":"product_cat","embeddable":true,"href":"https:\/\/sakoplan.pl\/ru\/wp-json\/wp\/v2\/product_cat?post=6339"},{"taxonomy":"product_tag","embeddable":true,"href":"https:\/\/sakoplan.pl\/ru\/wp-json\/wp\/v2\/product_tag?post=6339"}],"curies":[{"name":"wp","href":"https:\/\/api.w.org\/{rel}","templated":true}]}}