{"id":6280,"date":"2025-11-17T15:47:48","date_gmt":"2025-11-17T15:47:48","guid":{"rendered":"https:\/\/sakoplan.pl\/?post_type=product&#038;p=6280"},"modified":"2025-11-17T15:49:20","modified_gmt":"2025-11-17T15:49:20","slug":"ekspandor-o6","status":"publish","type":"product","link":"https:\/\/sakoplan.pl\/ru\/product\/ekspandor-o6\/","title":{"rendered":"Ekspandor \u00f86"},"content":{"rendered":"<p>Ekspandor to guma oplatana prz\u0119dz\u0105 polipropylenow\u0105. Do kupienia na metry bie\u017c\u0105ce lub w nawoju 100-200 m.<\/p>\n<p>&nbsp;<\/p>\n<p>Zastosowanie:<\/p>\n<p>Naci\u0105gania plandek samochodowych, przyczep baga\u017cowych<br \/>\nMocowania baga\u017cu<br \/>\nSprz\u0119tu sportowego<br \/>\nMocowania i naci\u0105gania banner\u00f3w<br \/>\nStosowania na \u0142odziach motorowych oraz \u017caglowych<br \/>\nHal namiotowych<\/p>\n<p>&nbsp;<\/p>\n<p>Dane techniczne:<\/p>\n<p>\u015brednica: 6 mm,<br \/>\nrdze\u0144 &#8211; nici lateksowe,<br \/>\notulina &#8211; jedwab polipropylenowy,<br \/>\nrozci\u0105gliwo\u015b\u0107: ok. 135%,<br \/>\nkolor: czarny,<br \/>\nbryzgo i wodoodporny,<br \/>\ndu\u017ca odporno\u015b\u0107 na warunki atmosferyczne &#8211; otulina odporna na promienie UV.<\/p>","protected":false},"excerpt":{"rendered":"<p>Ekspandor to guma oplatana prz\u0119dz\u0105 polipropylenow\u0105. Do kupienia na metry bie\u017c\u0105ce lub w nawoju 100-200 m. &nbsp; Zastosowanie: Naci\u0105gania plandek samochodowych, przyczep baga\u017cowych Mocowania baga\u017cu Sprz\u0119tu sportowego Mocowania i naci\u0105gania banner\u00f3w Stosowania na \u0142odziach motorowych oraz \u017caglowych Hal namiotowych &nbsp; Dane techniczne: \u015brednica: 6 mm, rdze\u0144 &#8211; nici lateksowe, otulina &#8211; jedwab polipropylenowy, rozci\u0105gliwo\u015b\u0107: ok. [&hellip;]<\/p>\n","protected":false},"featured_media":6281,"template":"","meta":{"_acf_changed":false},"product_cat":[590],"product_tag":[],"class_list":{"0":"post-6280","1":"product","2":"type-product","3":"status-publish","4":"has-post-thumbnail","6":"product_cat-linki","8":"first","9":"instock","10":"taxable","11":"shipping-taxable","12":"purchasable","13":"product-type-variable","swatches":"rey-swatches","show_selected":""},"acf":[],"_links":{"self":[{"href":"https:\/\/sakoplan.pl\/ru\/wp-json\/wp\/v2\/product\/6280","targetHints":{"allow":["GET"]}}],"collection":[{"href":"https:\/\/sakoplan.pl\/ru\/wp-json\/wp\/v2\/product"}],"about":[{"href":"https:\/\/sakoplan.pl\/ru\/wp-json\/wp\/v2\/types\/product"}],"version-history":[{"count":0,"href":"https:\/\/sakoplan.pl\/ru\/wp-json\/wp\/v2\/product\/6280\/revisions"}],"wp:featuredmedia":[{"embeddable":true,"href":"https:\/\/sakoplan.pl\/ru\/wp-json\/wp\/v2\/media\/6281"}],"wp:attachment":[{"href":"https:\/\/sakoplan.pl\/ru\/wp-json\/wp\/v2\/media?parent=6280"}],"wp:term":[{"taxonomy":"product_cat","embeddable":true,"href":"https:\/\/sakoplan.pl\/ru\/wp-json\/wp\/v2\/product_cat?post=6280"},{"taxonomy":"product_tag","embeddable":true,"href":"https:\/\/sakoplan.pl\/ru\/wp-json\/wp\/v2\/product_tag?post=6280"}],"curies":[{"name":"wp","href":"https:\/\/api.w.org\/{rel}","templated":true}]}}