{"id":6258,"date":"2025-11-17T15:34:49","date_gmt":"2025-11-17T15:34:49","guid":{"rendered":"https:\/\/sakoplan.pl\/?post_type=product&#038;p=6258"},"modified":"2025-11-17T15:36:07","modified_gmt":"2025-11-17T15:36:07","slug":"zakuwak-do-linki-celnej-uniwersalny-6-i-8-mm","status":"publish","type":"product","link":"https:\/\/sakoplan.pl\/ru\/product\/zakuwak-do-linki-celnej-uniwersalny-6-i-8-mm\/","title":{"rendered":"Zakuwak do linki celnej UNIWERSALNY 6 i 8 mm"},"content":{"rendered":"<p>Zakuwak do ko\u0144c\u00f3wek linki celnej o \u015brednicy fi 6 mm oraz 8 mm (komplet). Jest uniwersalny i umo\u017cliwia zakuwanie linek celnych zar\u00f3wno o \u015brednicy 6 mm jak i 8 mm. Ko\u0144c\u00f3wki w obu \u015brednicach s\u0105 dost\u0119pne tak\u017ce w naszym sklepie. Wykonany z wysokiej jako\u015bci stali, dodatkowo ocynkowany.<\/p>\n<p>&nbsp;<\/p>\n<p>W sk\u0142ad kompletu wchodz\u0105:<\/p>\n<p>korpus do linki,<br \/>\nuchwyt grota,<br \/>\nzakuwak nita mosi\u0119\u017cnego,<br \/>\ngrot uniwersalny (hartowany)<\/p>\n<p>&nbsp;<\/p>\n<p>Do zakucia wymagane s\u0105 r\u00f3wnie\u017c:<\/p>\n<p>nity kapslowe &#8211; nity pasuj\u0105ce do zakuwaka<br \/>\np\u0142yta do zakuwania &#8211; zapewnia odpowiednie pod\u0142o\u017ce<br \/>\nm\u0142otek &#8211; chroni narz\u0119dzia przed zu\u017cyciem<\/p>","protected":false},"excerpt":{"rendered":"<p>Zakuwak do ko\u0144c\u00f3wek linki celnej o \u015brednicy fi 6 mm oraz 8 mm (komplet). Jest uniwersalny i umo\u017cliwia zakuwanie linek celnych zar\u00f3wno o \u015brednicy 6 mm jak i 8 mm. Ko\u0144c\u00f3wki w obu \u015brednicach s\u0105 dost\u0119pne tak\u017ce w naszym sklepie. Wykonany z wysokiej jako\u015bci stali, dodatkowo ocynkowany. &nbsp; W sk\u0142ad kompletu wchodz\u0105: korpus do linki, [&hellip;]<\/p>\n","protected":false},"featured_media":6261,"template":"","meta":{"_acf_changed":false},"product_cat":[588],"product_tag":[],"class_list":{"0":"post-6258","1":"product","2":"type-product","3":"status-publish","4":"has-post-thumbnail","6":"product_cat-zakuwaki-i-wycinaki","8":"first","9":"instock","10":"taxable","11":"shipping-taxable","12":"purchasable","13":"product-type-simple","swatches":"rey-swatches","show_selected":""},"acf":[],"_links":{"self":[{"href":"https:\/\/sakoplan.pl\/ru\/wp-json\/wp\/v2\/product\/6258","targetHints":{"allow":["GET"]}}],"collection":[{"href":"https:\/\/sakoplan.pl\/ru\/wp-json\/wp\/v2\/product"}],"about":[{"href":"https:\/\/sakoplan.pl\/ru\/wp-json\/wp\/v2\/types\/product"}],"version-history":[{"count":0,"href":"https:\/\/sakoplan.pl\/ru\/wp-json\/wp\/v2\/product\/6258\/revisions"}],"wp:featuredmedia":[{"embeddable":true,"href":"https:\/\/sakoplan.pl\/ru\/wp-json\/wp\/v2\/media\/6261"}],"wp:attachment":[{"href":"https:\/\/sakoplan.pl\/ru\/wp-json\/wp\/v2\/media?parent=6258"}],"wp:term":[{"taxonomy":"product_cat","embeddable":true,"href":"https:\/\/sakoplan.pl\/ru\/wp-json\/wp\/v2\/product_cat?post=6258"},{"taxonomy":"product_tag","embeddable":true,"href":"https:\/\/sakoplan.pl\/ru\/wp-json\/wp\/v2\/product_tag?post=6258"}],"curies":[{"name":"wp","href":"https:\/\/api.w.org\/{rel}","templated":true}]}}