{"id":6240,"date":"2025-11-17T15:26:46","date_gmt":"2025-11-17T15:26:46","guid":{"rendered":"https:\/\/sakoplan.pl\/?post_type=product&#038;p=6240"},"modified":"2025-11-17T15:29:47","modified_gmt":"2025-11-17T15:29:47","slug":"wycinak-owalny-42x22","status":"publish","type":"product","link":"https:\/\/sakoplan.pl\/ru\/product\/wycinak-owalny-42x22\/","title":{"rendered":"Wycinak owalny 42&#215;22"},"content":{"rendered":"<p>Solidny wycinak wykonany ze stali nierdzewnej do wycinania otwor\u00f3w pod oczka owalne 42&#215;22 mm.<\/p>\n<p>&nbsp;<\/p>\n<p>Dane techniczne:<\/p>\n<p>materia\u0142: stal ocynkowana<br \/>\nwymiar roboczy: 42&#215;22 mm<\/p>\n<p>&nbsp;<\/p>\n<p>Do zakucia wymagane s\u0105 r\u00f3wnie\u017c:<\/p>\n<p>oczka 42&#215;22 mm &#8211; oczka pasuj\u0105ce do wycinaka<br \/>\np\u0142yta do zakuwania &#8211; zapewnia odpowiednie pod\u0142o\u017ce, chroni ostrze przed zniszczeniem<br \/>\nm\u0142otek &#8211; chroni narz\u0119dzia przed zu\u017cyciem<\/p>","protected":false},"excerpt":{"rendered":"<p>Solidny wycinak wykonany ze stali nierdzewnej do wycinania otwor\u00f3w pod oczka owalne 42&#215;22 mm. &nbsp; Dane techniczne: materia\u0142: stal ocynkowana wymiar roboczy: 42&#215;22 mm &nbsp; Do zakucia wymagane s\u0105 r\u00f3wnie\u017c: oczka 42&#215;22 mm &#8211; oczka pasuj\u0105ce do wycinaka p\u0142yta do zakuwania &#8211; zapewnia odpowiednie pod\u0142o\u017ce, chroni ostrze przed zniszczeniem m\u0142otek &#8211; chroni narz\u0119dzia przed zu\u017cyciem<\/p>","protected":false},"featured_media":6242,"template":"","meta":{"_acf_changed":false},"product_cat":[588],"product_tag":[],"class_list":{"0":"post-6240","1":"product","2":"type-product","3":"status-publish","4":"has-post-thumbnail","6":"product_cat-zakuwaki-i-wycinaki","8":"first","9":"instock","10":"taxable","11":"shipping-taxable","12":"purchasable","13":"product-type-simple","swatches":"rey-swatches","show_selected":""},"acf":[],"_links":{"self":[{"href":"https:\/\/sakoplan.pl\/ru\/wp-json\/wp\/v2\/product\/6240","targetHints":{"allow":["GET"]}}],"collection":[{"href":"https:\/\/sakoplan.pl\/ru\/wp-json\/wp\/v2\/product"}],"about":[{"href":"https:\/\/sakoplan.pl\/ru\/wp-json\/wp\/v2\/types\/product"}],"version-history":[{"count":0,"href":"https:\/\/sakoplan.pl\/ru\/wp-json\/wp\/v2\/product\/6240\/revisions"}],"wp:featuredmedia":[{"embeddable":true,"href":"https:\/\/sakoplan.pl\/ru\/wp-json\/wp\/v2\/media\/6242"}],"wp:attachment":[{"href":"https:\/\/sakoplan.pl\/ru\/wp-json\/wp\/v2\/media?parent=6240"}],"wp:term":[{"taxonomy":"product_cat","embeddable":true,"href":"https:\/\/sakoplan.pl\/ru\/wp-json\/wp\/v2\/product_cat?post=6240"},{"taxonomy":"product_tag","embeddable":true,"href":"https:\/\/sakoplan.pl\/ru\/wp-json\/wp\/v2\/product_tag?post=6240"}],"curies":[{"name":"wp","href":"https:\/\/api.w.org\/{rel}","templated":true}]}}