{"id":6177,"date":"2025-11-17T14:14:53","date_gmt":"2025-11-17T14:14:53","guid":{"rendered":"https:\/\/sakoplan.pl\/?post_type=product&#038;p=6177"},"modified":"2025-11-17T14:21:37","modified_gmt":"2025-11-17T14:21:37","slug":"zakuwak-do-oczek-okraglych-rozne-srednice","status":"publish","type":"product","link":"https:\/\/sakoplan.pl\/ru\/product\/zakuwak-do-oczek-okraglych-rozne-srednice\/","title":{"rendered":"Zakuwak do oczek okr\u0105g\u0142ych &#8211; r\u00f3\u017cne \u015brednice"},"content":{"rendered":"<p>Zakuwak okr\u0105g\u0142y do plandek s\u0142u\u017cy do mocowania oczek w materiale. Przy kompletowaniu narz\u0119dzi okuciowych nale\u017cy pami\u0119ta\u0107, by odpowiada\u0142y one sobie rozmiarem.<\/p>\n<p>&nbsp;<\/p>\n<p>Zastosowanie:<\/p>\n<p>zakuwanie oczek okr\u0105g\u0142ych<\/p>\n<p>Dane techniczne:<\/p>\n<p>materia\u0142: stal ocynkowana<br \/>\n\u015brednica robocza: 10, 12, 16, 20, 25, 40 mm<\/p>\n<p>Do zakucia wymagane s\u0105 r\u00f3wnie\u017c:<\/p>\n<p>oczka pasuj\u0105ce do zakuwaka<br \/>\np\u0142yta do zakuwania &#8211; zapewnia odpowiednie pod\u0142o\u017ce<br \/>\nm\u0142otek &#8211; chroni narz\u0119dzia przed zu\u017cyciem<\/p>\n<p>Ilo\u015b\u0107 w opakowaniu: 1 sztuka<br \/>\nPrzeznaczenie: zakuwanie oczek okr\u0105g\u0142ych<\/p>","protected":false},"excerpt":{"rendered":"<p>Zakuwak okr\u0105g\u0142y do plandek s\u0142u\u017cy do mocowania oczek w materiale. Przy kompletowaniu narz\u0119dzi okuciowych nale\u017cy pami\u0119ta\u0107, by odpowiada\u0142y one sobie rozmiarem. &nbsp; Zastosowanie: zakuwanie oczek okr\u0105g\u0142ych Dane techniczne: materia\u0142: stal ocynkowana \u015brednica robocza: 10, 12, 16, 20, 25, 40 mm Do zakucia wymagane s\u0105 r\u00f3wnie\u017c: oczka pasuj\u0105ce do zakuwaka p\u0142yta do zakuwania &#8211; zapewnia odpowiednie [&hellip;]<\/p>\n","protected":false},"featured_media":6178,"template":"","meta":{"_acf_changed":false},"product_cat":[588],"product_tag":[],"class_list":{"0":"post-6177","1":"product","2":"type-product","3":"status-publish","4":"has-post-thumbnail","6":"product_cat-zakuwaki-i-wycinaki","8":"first","9":"instock","10":"taxable","11":"shipping-taxable","12":"purchasable","13":"product-type-variable","swatches":"rey-swatches","show_selected":""},"acf":[],"_links":{"self":[{"href":"https:\/\/sakoplan.pl\/ru\/wp-json\/wp\/v2\/product\/6177","targetHints":{"allow":["GET"]}}],"collection":[{"href":"https:\/\/sakoplan.pl\/ru\/wp-json\/wp\/v2\/product"}],"about":[{"href":"https:\/\/sakoplan.pl\/ru\/wp-json\/wp\/v2\/types\/product"}],"version-history":[{"count":0,"href":"https:\/\/sakoplan.pl\/ru\/wp-json\/wp\/v2\/product\/6177\/revisions"}],"wp:featuredmedia":[{"embeddable":true,"href":"https:\/\/sakoplan.pl\/ru\/wp-json\/wp\/v2\/media\/6178"}],"wp:attachment":[{"href":"https:\/\/sakoplan.pl\/ru\/wp-json\/wp\/v2\/media?parent=6177"}],"wp:term":[{"taxonomy":"product_cat","embeddable":true,"href":"https:\/\/sakoplan.pl\/ru\/wp-json\/wp\/v2\/product_cat?post=6177"},{"taxonomy":"product_tag","embeddable":true,"href":"https:\/\/sakoplan.pl\/ru\/wp-json\/wp\/v2\/product_tag?post=6177"}],"curies":[{"name":"wp","href":"https:\/\/api.w.org\/{rel}","templated":true}]}}