{"id":6112,"date":"2025-11-17T12:19:40","date_gmt":"2025-11-17T12:19:40","guid":{"rendered":"https:\/\/sakoplan.pl\/?post_type=product&#038;p=6112"},"modified":"2025-11-17T12:26:18","modified_gmt":"2025-11-17T12:26:18","slug":"b6067-950-g-m2-typ-ii-material-membrana-biogazowa","status":"publish","type":"product","link":"https:\/\/sakoplan.pl\/ru\/product\/b6067-950-g-m2-typ-ii-material-membrana-biogazowa\/","title":{"rendered":"B6067 &#8211; 950 g\/m2 &#8211; typ II, materia\u0142 \/ membrana biogazowa"},"content":{"rendered":"<p>Materia\u0142 PCV &#8211;\u00a0<strong>B6067<\/strong>,\u00a0producenta\u00a0<strong>SIOEN<\/strong>, do zastosowania jako membrana fermentator\u00f3w, zbiornikach gazu oraz zadaszeniach zbiornik\u00f3w na gnojowic\u0119 i wsz\u0119dzie tam, gdzie wyst\u0119puje agresywne \u015brodowisko. Odporny na hydroliz\u0119 materia\u0142 techniczny o gramaturze 950 g\/m\u00b2 do przechowywania obornika, nawoz\u00f3w p\u0142ynnych i elastycznych zbiornik\u00f3w (flexitank\u00f3w). Antybakteryjny i stabilizowany UV.<\/p>\n<p>&nbsp;<\/p>\n<p>Materia\u0142 PCV &#8211;\u00a0<strong>B6067<\/strong>, wyprodukowany przez renomowan\u0105 firm\u0119\u00a0<strong>SIOEN<\/strong>, jest idealny do zastosowania w membranach fermentator\u00f3w, zbiornikach gazu oraz zadaszeniach zbiornik\u00f3w na gnojowic\u0119 i wsz\u0119dzie tam, gdzie wyst\u0119puje agresywne \u015brodowisko.<\/p>\n<h3>Wytrzyma\u0142o\u015b\u0107 na hydroliz\u0119<\/h3>\n<p>Wykonany z tego materia\u0142u techniczny ma gramatur\u0119 wynosz\u0105c\u0105 imponuj\u0105ce 950 g\/m\u00b2, co czyni go doskona\u0142ym rozwi\u0105zaniem do przechowywania obornika, nawoz\u00f3w p\u0142ynnych oraz elastycznych zbiornik\u00f3w.<\/p>\n<h3>Antybakteryjny i odporny na promienie UV<\/h3>\n<p>Warto r\u00f3wnie\u017c podkre\u015bli\u0107, \u017ce materia\u0142 ten ma pow\u0142ok\u0119 antybakteryjn\u0105, co sprawia, \u017ce jest idealny do zastosowa\u0144, gdzie wa\u017cna jest higiena oraz bezpiecze\u0144stwo. Dodatkowo, posiada bardzo wysok\u0105 odporno\u015b\u0107 na promieniowanie UV, co zapewni d\u0142ugotrwa\u0142\u0105 odporno\u015b\u0107 na dzia\u0142anie szkodliwych promieni s\u0142onecznych.<\/p>\n<h3>Materia\u0142 typu Low wick<\/h3>\n<p>Jedn\u0105 z kluczowych cech tego matria\u0142u jest zabezpieczenie przez wch\u0142anianiem wody. Zapewnia to, \u017ce materia\u0142 zachowuje swoje w\u0142a\u015bciwo\u015bci nawet w wilgotnych warunkach.<\/p>\n<h3>Doskona\u0142a przepuszczalno\u015b\u0107 gazu<\/h3>\n<p>Materia\u0142 B6067 zapewnia r\u00f3wnie\u017c doskona\u0142\u0105 przepuszczalno\u015b\u0107 gazu, wynosz\u0105c\u0105\u00a0<strong>&lt; 400 cm\u00b3\/m\u00b2.bar.d<\/strong>. To sprawia, \u017ce jest on idealnym wyborem do zastosowa\u0144, gdzie wymagany jest kontrolowany przep\u0142yw gaz\u00f3w.<\/p>\n<p>Nie wahaj si\u0119 wybra\u0107 materia\u0142u\u00a0<strong>B6067<\/strong>, je\u015bli potrzebujesz wyj\u0105tkowej wytrzyma\u0142o\u015bci, odporno\u015bci na hydroliz\u0119 oraz doskona\u0142ych w\u0142a\u015bciwo\u015bci antybakteryjnych i UV-stabilizacji. Ten produkt firmy\u00a0<strong>SIOEN<\/strong>\u00a0spe\u0142ni Twoje najwy\u017csze oczekiwania!<\/p>\n<p>&nbsp;<\/p>\n<p>Gramatura: 950 g\/m2<br \/>\nOchrona UV: \u2714<br \/>\nAtest higieniczny: PZH<\/p>","protected":false},"excerpt":{"rendered":"<p>Materia\u0142 PCV &#8211;\u00a0B6067,\u00a0producenta\u00a0SIOEN, do zastosowania jako membrana fermentator\u00f3w, zbiornikach gazu oraz zadaszeniach zbiornik\u00f3w na gnojowic\u0119 i wsz\u0119dzie tam, gdzie wyst\u0119puje agresywne \u015brodowisko. Odporny na hydroliz\u0119 materia\u0142 techniczny o gramaturze 950 g\/m\u00b2 do przechowywania obornika, nawoz\u00f3w p\u0142ynnych i elastycznych zbiornik\u00f3w (flexitank\u00f3w). Antybakteryjny i stabilizowany UV. &nbsp; Materia\u0142 PCV &#8211;\u00a0B6067, wyprodukowany przez renomowan\u0105 firm\u0119\u00a0SIOEN, jest idealny do [&hellip;]<\/p>\n","protected":false},"featured_media":6114,"template":"","meta":{"_acf_changed":false},"product_cat":[690],"product_tag":[],"class_list":{"0":"post-6112","1":"product","2":"type-product","3":"status-publish","4":"has-post-thumbnail","6":"product_cat-typ-ii","8":"first","9":"outofstock","10":"taxable","11":"shipping-taxable","12":"product-type-simple","swatches":"rey-swatches","show_selected":""},"acf":[],"_links":{"self":[{"href":"https:\/\/sakoplan.pl\/ru\/wp-json\/wp\/v2\/product\/6112","targetHints":{"allow":["GET"]}}],"collection":[{"href":"https:\/\/sakoplan.pl\/ru\/wp-json\/wp\/v2\/product"}],"about":[{"href":"https:\/\/sakoplan.pl\/ru\/wp-json\/wp\/v2\/types\/product"}],"version-history":[{"count":0,"href":"https:\/\/sakoplan.pl\/ru\/wp-json\/wp\/v2\/product\/6112\/revisions"}],"wp:featuredmedia":[{"embeddable":true,"href":"https:\/\/sakoplan.pl\/ru\/wp-json\/wp\/v2\/media\/6114"}],"wp:attachment":[{"href":"https:\/\/sakoplan.pl\/ru\/wp-json\/wp\/v2\/media?parent=6112"}],"wp:term":[{"taxonomy":"product_cat","embeddable":true,"href":"https:\/\/sakoplan.pl\/ru\/wp-json\/wp\/v2\/product_cat?post=6112"},{"taxonomy":"product_tag","embeddable":true,"href":"https:\/\/sakoplan.pl\/ru\/wp-json\/wp\/v2\/product_tag?post=6112"}],"curies":[{"name":"wp","href":"https:\/\/api.w.org\/{rel}","templated":true}]}}