{"id":6026,"date":"2025-11-17T11:26:24","date_gmt":"2025-11-17T11:26:24","guid":{"rendered":"https:\/\/sakoplan.pl\/?post_type=product&#038;p=6026"},"modified":"2025-11-17T11:27:35","modified_gmt":"2025-11-17T11:27:35","slug":"tkanina-material-pp-na-maty-batuty-do-trampolin","status":"publish","type":"product","link":"https:\/\/sakoplan.pl\/ru\/product\/tkanina-material-pp-na-maty-batuty-do-trampolin\/","title":{"rendered":"Tkanina, materia\u0142 PP na maty, batuty do trampolin"},"content":{"rendered":"<div class=\"row\">\n<div class=\"col-sm-9\">Wytrzyma\u0142a i elastyczna<strong>\u00a0tkanina PP<\/strong>\u00a0(polipropylenowa) do produkcji i naprawy mat do trampolin. Wykonana z wysokiej jako\u015bci materia\u0142u polipropylenowego. Charakteryzuje si\u0119 wysok\u0105 odporno\u015bci\u0105 na uszkodzenia mechaniczne czy warunki atmosferyczne (<strong>deszcz<\/strong>,\u00a0<strong>wahania temperatur<\/strong>, promieniowanie\u00a0<strong>UV<\/strong>). <strong style=\"color: #484f56; font-size: 1.125rem;\">MATERIA\u0141 TRAMPOLINOWY SPRZEDAWANY JEST W ROLKACH O NAWOJU: 98 MB.<\/strong><\/div>\n<\/div>\n<div><\/div>\n<div><\/div>\n<div>\n<p><strong>Nie blaknie<\/strong>\u00a0z up\u0142ywem czasu. Estetyczna i perfekcyjnie wykonana.<\/p>\n<p>Niezb\u0119dna w przypadku zu\u017cycia lub uszkodzenia oryginalnej<strong>\u00a0<\/strong>maty. Dzi\u0119ki starannie dobranym,<strong>\u00a0wytrzyma\u0142ym materia\u0142om<\/strong>, zapewnia doskona\u0142\u0105 amortyzacj\u0119 podczas skok\u00f3w i akrobacji.<\/p>\n<p><strong>Dane techniczne:<\/strong><\/p>\n<p>Gramatura:\u00a0<strong>260 g\/m<sup>2<\/sup><\/strong>,<\/p>\n<p>Szeroko\u015b\u0107 brutto:\u00a0<strong>402 cm,<\/strong><\/p>\n<p>Szeroko\u015b\u0107 netto (u\u017cytkowa):\u00a0<strong>400 cm,<\/strong><\/p>\n<p>Naw\u00f3j rolki:<strong>\u00a098 mb.<\/strong><\/p>\n<p>Ochrona UV: \u2714<\/p>\n<\/div>","protected":false},"excerpt":{"rendered":"<p>Wytrzyma\u0142a i elastyczna\u00a0tkanina PP\u00a0(polipropylenowa) do produkcji i naprawy mat do trampolin. Wykonana z wysokiej jako\u015bci materia\u0142u polipropylenowego. Charakteryzuje si\u0119 wysok\u0105 odporno\u015bci\u0105 na uszkodzenia mechaniczne czy warunki atmosferyczne (deszcz,\u00a0wahania temperatur, promieniowanie\u00a0UV). MATERIA\u0141 TRAMPOLINOWY SPRZEDAWANY JEST W ROLKACH O NAWOJU: 98 MB. Nie blaknie\u00a0z up\u0142ywem czasu. Estetyczna i perfekcyjnie wykonana. Niezb\u0119dna w przypadku zu\u017cycia lub uszkodzenia oryginalnej\u00a0maty. [&hellip;]<\/p>\n","protected":false},"featured_media":6033,"template":"","meta":{"_acf_changed":false},"product_cat":[658],"product_tag":[],"class_list":{"0":"post-6026","1":"product","2":"type-product","3":"status-publish","4":"has-post-thumbnail","6":"product_cat-na-trampoliny","8":"first","9":"instock","10":"taxable","11":"shipping-taxable","12":"purchasable","13":"product-type-simple","swatches":"rey-swatches","show_selected":""},"acf":[],"_links":{"self":[{"href":"https:\/\/sakoplan.pl\/ru\/wp-json\/wp\/v2\/product\/6026","targetHints":{"allow":["GET"]}}],"collection":[{"href":"https:\/\/sakoplan.pl\/ru\/wp-json\/wp\/v2\/product"}],"about":[{"href":"https:\/\/sakoplan.pl\/ru\/wp-json\/wp\/v2\/types\/product"}],"version-history":[{"count":0,"href":"https:\/\/sakoplan.pl\/ru\/wp-json\/wp\/v2\/product\/6026\/revisions"}],"wp:featuredmedia":[{"embeddable":true,"href":"https:\/\/sakoplan.pl\/ru\/wp-json\/wp\/v2\/media\/6033"}],"wp:attachment":[{"href":"https:\/\/sakoplan.pl\/ru\/wp-json\/wp\/v2\/media?parent=6026"}],"wp:term":[{"taxonomy":"product_cat","embeddable":true,"href":"https:\/\/sakoplan.pl\/ru\/wp-json\/wp\/v2\/product_cat?post=6026"},{"taxonomy":"product_tag","embeddable":true,"href":"https:\/\/sakoplan.pl\/ru\/wp-json\/wp\/v2\/product_tag?post=6026"}],"curies":[{"name":"wp","href":"https:\/\/api.w.org\/{rel}","templated":true}]}}