{"id":5911,"date":"2025-11-17T09:41:57","date_gmt":"2025-11-17T09:41:57","guid":{"rendered":"https:\/\/sakoplan.pl\/?post_type=product&#038;p=5911"},"modified":"2025-11-18T12:20:43","modified_gmt":"2025-11-18T12:20:43","slug":"fol-tex-folia-zbrojona-na-opakowania-szer-2-m","status":"publish","type":"product","link":"https:\/\/sakoplan.pl\/ru\/product\/fol-tex-folia-zbrojona-na-opakowania-szer-2-m\/","title":{"rendered":"Fol-Tex Folia zbrojona na opakowania, szer. 2 m"},"content":{"rendered":"<ul>\n<li><strong>mocna folia o gramaturze 160 g<\/strong><\/li>\n<li>wielokrotnie wi\u0119ksza wytrzyma\u0142o\u015b\u0107<\/li>\n<li>folia\u00a0<strong>nie rozci\u0105ga si\u0119<\/strong>\u00a0pod wp\u0142ywem wysokiej temperatury &#8211; brak tzw. work\u00f3w<\/li>\n<li>wytrzyma\u0142a na niskie temperatury<\/li>\n<li><strong>siatka z w\u0142\u00f3kna<\/strong>\u00a0stabilizuje konstrukcj\u0119 i chroni przez rozdarciem<\/li>\n<li>mo\u017cna naprawia\u0107 poprzez zgrzewanie gor\u0105cym powietrzem<\/li>\n<li>po okresie przydatno\u015bci folii, pozostaje siatka, mo\u017cna j\u0105 wykorzysta\u0107 na wiele sposob\u00f3w<\/li>\n<\/ul>\n<p>&nbsp;<\/p>\n<p>UWAGA! Nie nale\u017cy stosowa\u0107 w zim\u0119 do tuneli ogrzewanych<\/p>\n<p>Przy monta\u017cu folii Fol-Tex zalecamy stosowanie pianek separuj\u0105cych foli\u0119 od konstrukcji celem unikni\u0119cia du\u017cych napr\u0119\u017ce\u0144.<\/p>\n<p>Specjalistyczne separatory buforowe do nabycia w naszym sklepie internetowym.<\/p>\n<p>&nbsp;<\/p>\n<p><strong>Gramatura: 160 g\/m2<\/strong><\/p>\n<p>Folia w rolce:<br \/>\nszeroko\u015b\u0107: 2 mb,<br \/>\nnaw\u00f3j: 100 mb<\/p>\n<p>&nbsp;<\/p>\n<p>Folia prze\u017aroczysta polietylenowa zbrojona siatk\u0105 HDPE, oczko siatki ma oko\u0142o 1cm x 1 cm, siatka w kolorze bia\u0142ym<\/p>","protected":false},"excerpt":{"rendered":"<p>mocna folia o gramaturze 160 g wielokrotnie wi\u0119ksza wytrzyma\u0142o\u015b\u0107 folia\u00a0nie rozci\u0105ga si\u0119\u00a0pod wp\u0142ywem wysokiej temperatury &#8211; brak tzw. work\u00f3w wytrzyma\u0142a na niskie temperatury siatka z w\u0142\u00f3kna\u00a0stabilizuje konstrukcj\u0119 i chroni przez rozdarciem mo\u017cna naprawia\u0107 poprzez zgrzewanie gor\u0105cym powietrzem po okresie przydatno\u015bci folii, pozostaje siatka, mo\u017cna j\u0105 wykorzysta\u0107 na wiele sposob\u00f3w &nbsp; UWAGA! Nie nale\u017cy stosowa\u0107 w [&hellip;]<\/p>\n","protected":false},"featured_media":5912,"template":"","meta":{"_acf_changed":false},"product_cat":[631],"product_tag":[],"class_list":{"0":"post-5911","1":"product","2":"type-product","3":"status-publish","4":"has-post-thumbnail","6":"product_cat-zbrojone-folie-ogrodnicze","8":"first","9":"instock","10":"taxable","11":"shipping-taxable","12":"purchasable","13":"product-type-variable","swatches":"rey-swatches","show_selected":""},"acf":[],"_links":{"self":[{"href":"https:\/\/sakoplan.pl\/ru\/wp-json\/wp\/v2\/product\/5911","targetHints":{"allow":["GET"]}}],"collection":[{"href":"https:\/\/sakoplan.pl\/ru\/wp-json\/wp\/v2\/product"}],"about":[{"href":"https:\/\/sakoplan.pl\/ru\/wp-json\/wp\/v2\/types\/product"}],"version-history":[{"count":0,"href":"https:\/\/sakoplan.pl\/ru\/wp-json\/wp\/v2\/product\/5911\/revisions"}],"wp:featuredmedia":[{"embeddable":true,"href":"https:\/\/sakoplan.pl\/ru\/wp-json\/wp\/v2\/media\/5912"}],"wp:attachment":[{"href":"https:\/\/sakoplan.pl\/ru\/wp-json\/wp\/v2\/media?parent=5911"}],"wp:term":[{"taxonomy":"product_cat","embeddable":true,"href":"https:\/\/sakoplan.pl\/ru\/wp-json\/wp\/v2\/product_cat?post=5911"},{"taxonomy":"product_tag","embeddable":true,"href":"https:\/\/sakoplan.pl\/ru\/wp-json\/wp\/v2\/product_tag?post=5911"}],"curies":[{"name":"wp","href":"https:\/\/api.w.org\/{rel}","templated":true}]}}