{"id":5857,"date":"2025-11-17T08:35:38","date_gmt":"2025-11-17T08:35:38","guid":{"rendered":"https:\/\/sakoplan.pl\/?post_type=product&#038;p=5857"},"modified":"2025-11-25T11:26:06","modified_gmt":"2025-11-25T11:26:06","slug":"oslona-soczewki-do-led-ow","status":"publish","type":"product","link":"https:\/\/sakoplan.pl\/ru\/product\/oslona-soczewki-do-led-ow\/","title":{"rendered":"Os\u0142ona, soczewki do LED-\u00f3w"},"content":{"rendered":"<p>Os\u0142ona, soczewki do LED-\u00f3w.<\/p>\n<p>&nbsp;<\/p>\n<p><b>Materia\u0142<\/b>: tworzywo sztuczne, plexi soczewka<\/p>\n<p><b>Zastosowanie<\/b>:<\/p>\n<p>&#8211; Soczewka, os\u0142ona do profili LED 2(m)<\/p>\n<p>&#8211; Wsp\u00f3\u0142czynnik zachowania strumienia \u015bwietlnego: 0,7<\/p>","protected":false},"excerpt":{"rendered":"<p>Os\u0142ona, soczewki do LED-\u00f3w. &nbsp; Materia\u0142: tworzywo sztuczne, plexi soczewka Zastosowanie: &#8211; Soczewka, os\u0142ona do profili LED 2(m) &#8211; Wsp\u00f3\u0142czynnik zachowania strumienia \u015bwietlnego: 0,7<\/p>","protected":false},"featured_media":5858,"template":"","meta":{"_acf_changed":false},"product_cat":[610],"product_tag":[],"class_list":{"0":"post-5857","1":"product","2":"type-product","3":"status-publish","4":"has-post-thumbnail","6":"product_cat-akcesoria-led","8":"first","9":"instock","10":"taxable","11":"shipping-taxable","12":"purchasable","13":"product-type-simple","swatches":"rey-swatches","show_selected":""},"acf":[],"_links":{"self":[{"href":"https:\/\/sakoplan.pl\/ru\/wp-json\/wp\/v2\/product\/5857","targetHints":{"allow":["GET"]}}],"collection":[{"href":"https:\/\/sakoplan.pl\/ru\/wp-json\/wp\/v2\/product"}],"about":[{"href":"https:\/\/sakoplan.pl\/ru\/wp-json\/wp\/v2\/types\/product"}],"version-history":[{"count":0,"href":"https:\/\/sakoplan.pl\/ru\/wp-json\/wp\/v2\/product\/5857\/revisions"}],"wp:featuredmedia":[{"embeddable":true,"href":"https:\/\/sakoplan.pl\/ru\/wp-json\/wp\/v2\/media\/5858"}],"wp:attachment":[{"href":"https:\/\/sakoplan.pl\/ru\/wp-json\/wp\/v2\/media?parent=5857"}],"wp:term":[{"taxonomy":"product_cat","embeddable":true,"href":"https:\/\/sakoplan.pl\/ru\/wp-json\/wp\/v2\/product_cat?post=5857"},{"taxonomy":"product_tag","embeddable":true,"href":"https:\/\/sakoplan.pl\/ru\/wp-json\/wp\/v2\/product_tag?post=5857"}],"curies":[{"name":"wp","href":"https:\/\/api.w.org\/{rel}","templated":true}]}}