{"id":5836,"date":"2025-11-16T16:39:31","date_gmt":"2025-11-16T16:39:31","guid":{"rendered":"https:\/\/sakoplan.pl\/?post_type=product&#038;p=5836"},"modified":"2025-11-16T16:39:31","modified_gmt":"2025-11-16T16:39:31","slug":"rolka-dociskowa-5mm-obla-do-naroznikow-106-972","status":"publish","type":"product","link":"https:\/\/sakoplan.pl\/ru\/product\/rolka-dociskowa-5mm-obla-do-naroznikow-106-972\/","title":{"rendered":"Rolka dociskowa 5mm, ob\u0142a do naro\u017cnik\u00f3w \u2013 106.972"},"content":{"rendered":"<p>Wa\u0142ek \/ rolka dociskowa do naro\u017cnik\u00f3w i trudnodost\u0119pnych miejsc. Szeroko\u015b\u0107 5 mm. Wykonana z mosi\u0105dzu.\u00a0 Posiada drewnian\u0105 r\u0105czk\u0119. Oryginalny produkt LEISTER. Niezwykle trwa\u0142a. Niezb\u0119dna do obr\u00f3bki detali, naro\u017cnik\u00f3w oraz w miejsc trudnodost\u0119pnych podczas zgrzewania folii dachowych \/ membran i wyk\u0142adzin.<\/p>","protected":false},"excerpt":{"rendered":"<p>Wa\u0142ek \/ rolka dociskowa do naro\u017cnik\u00f3w i trudnodost\u0119pnych miejsc. Szeroko\u015b\u0107 5 mm. Wykonana z mosi\u0105dzu.\u00a0 Posiada drewnian\u0105 r\u0105czk\u0119. Oryginalny produkt LEISTER. Niezwykle trwa\u0142a. Niezb\u0119dna do obr\u00f3bki detali, naro\u017cnik\u00f3w oraz w miejsc trudnodost\u0119pnych podczas zgrzewania folii dachowych \/ membran i wyk\u0142adzin.<\/p>","protected":false},"featured_media":5840,"template":"","meta":{"_acf_changed":false},"product_cat":[595],"product_tag":[],"class_list":{"0":"post-5836","1":"product","2":"type-product","3":"status-publish","4":"has-post-thumbnail","6":"product_cat-akcesoria-do-zgrzewarek","8":"first","9":"instock","10":"taxable","11":"shipping-taxable","12":"purchasable","13":"product-type-simple","swatches":"rey-swatches","show_selected":""},"acf":[],"_links":{"self":[{"href":"https:\/\/sakoplan.pl\/ru\/wp-json\/wp\/v2\/product\/5836","targetHints":{"allow":["GET"]}}],"collection":[{"href":"https:\/\/sakoplan.pl\/ru\/wp-json\/wp\/v2\/product"}],"about":[{"href":"https:\/\/sakoplan.pl\/ru\/wp-json\/wp\/v2\/types\/product"}],"version-history":[{"count":0,"href":"https:\/\/sakoplan.pl\/ru\/wp-json\/wp\/v2\/product\/5836\/revisions"}],"wp:featuredmedia":[{"embeddable":true,"href":"https:\/\/sakoplan.pl\/ru\/wp-json\/wp\/v2\/media\/5840"}],"wp:attachment":[{"href":"https:\/\/sakoplan.pl\/ru\/wp-json\/wp\/v2\/media?parent=5836"}],"wp:term":[{"taxonomy":"product_cat","embeddable":true,"href":"https:\/\/sakoplan.pl\/ru\/wp-json\/wp\/v2\/product_cat?post=5836"},{"taxonomy":"product_tag","embeddable":true,"href":"https:\/\/sakoplan.pl\/ru\/wp-json\/wp\/v2\/product_tag?post=5836"}],"curies":[{"name":"wp","href":"https:\/\/api.w.org\/{rel}","templated":true}]}}