{"id":5834,"date":"2025-11-16T16:35:25","date_gmt":"2025-11-16T16:35:25","guid":{"rendered":"https:\/\/sakoplan.pl\/?post_type=product&#038;p=5834"},"modified":"2025-11-16T16:36:42","modified_gmt":"2025-11-16T16:36:42","slug":"grzalka-leister-typ-33-do-triac-s-230v-1550w-100-689","status":"publish","type":"product","link":"https:\/\/sakoplan.pl\/ru\/product\/grzalka-leister-typ-33-do-triac-s-230v-1550w-100-689\/","title":{"rendered":"Grza\u0142ka Leister typ 33 do TRIAC S, 230V\/1550W \u2013 100.689"},"content":{"rendered":"<p>Tzw. ceramiczny element grzejny typ 33, napi\u0119cie 230 volt\u00f3w i moc 1550 wat\u00f3w.<\/p>","protected":false},"excerpt":{"rendered":"<p>Tzw. ceramiczny element grzejny typ 33, napi\u0119cie 230 volt\u00f3w i moc 1550 wat\u00f3w.<\/p>","protected":false},"featured_media":5832,"template":"","meta":{"_acf_changed":false},"product_cat":[595],"product_tag":[],"class_list":{"0":"post-5834","1":"product","2":"type-product","3":"status-publish","4":"has-post-thumbnail","6":"product_cat-akcesoria-do-zgrzewarek","8":"first","9":"instock","10":"taxable","11":"shipping-taxable","12":"purchasable","13":"product-type-simple","swatches":"rey-swatches","show_selected":""},"acf":[],"_links":{"self":[{"href":"https:\/\/sakoplan.pl\/ru\/wp-json\/wp\/v2\/product\/5834","targetHints":{"allow":["GET"]}}],"collection":[{"href":"https:\/\/sakoplan.pl\/ru\/wp-json\/wp\/v2\/product"}],"about":[{"href":"https:\/\/sakoplan.pl\/ru\/wp-json\/wp\/v2\/types\/product"}],"version-history":[{"count":0,"href":"https:\/\/sakoplan.pl\/ru\/wp-json\/wp\/v2\/product\/5834\/revisions"}],"wp:featuredmedia":[{"embeddable":true,"href":"https:\/\/sakoplan.pl\/ru\/wp-json\/wp\/v2\/media\/5832"}],"wp:attachment":[{"href":"https:\/\/sakoplan.pl\/ru\/wp-json\/wp\/v2\/media?parent=5834"}],"wp:term":[{"taxonomy":"product_cat","embeddable":true,"href":"https:\/\/sakoplan.pl\/ru\/wp-json\/wp\/v2\/product_cat?post=5834"},{"taxonomy":"product_tag","embeddable":true,"href":"https:\/\/sakoplan.pl\/ru\/wp-json\/wp\/v2\/product_tag?post=5834"}],"curies":[{"name":"wp","href":"https:\/\/api.w.org\/{rel}","templated":true}]}}