{"id":5831,"date":"2025-11-16T16:33:01","date_gmt":"2025-11-16T16:33:01","guid":{"rendered":"https:\/\/sakoplan.pl\/?post_type=product&#038;p=5831"},"modified":"2025-11-16T16:35:08","modified_gmt":"2025-11-16T16:35:08","slug":"grzalka-leister-triac-at-st-230v-1550w-142-717","status":"publish","type":"product","link":"https:\/\/sakoplan.pl\/ru\/product\/grzalka-leister-triac-at-st-230v-1550w-142-717\/","title":{"rendered":"Grza\u0142ka Leister Triac AT\/ST 230V\/1550W \u2013 142.717"},"content":{"rendered":"<p>Tzw. ceramiczny element grzejny typ 33, napi\u0119cie 230 volt\u00f3w i moc 1550 wat\u00f3w.<\/p>","protected":false},"excerpt":{"rendered":"<p>Tzw. ceramiczny element grzejny typ 33, napi\u0119cie 230 volt\u00f3w i moc 1550 wat\u00f3w.<\/p>","protected":false},"featured_media":5832,"template":"","meta":{"_acf_changed":false},"product_cat":[595],"product_tag":[],"class_list":{"0":"post-5831","1":"product","2":"type-product","3":"status-publish","4":"has-post-thumbnail","6":"product_cat-akcesoria-do-zgrzewarek","8":"first","9":"instock","10":"taxable","11":"shipping-taxable","12":"purchasable","13":"product-type-simple","swatches":"rey-swatches","show_selected":""},"acf":[],"_links":{"self":[{"href":"https:\/\/sakoplan.pl\/ru\/wp-json\/wp\/v2\/product\/5831","targetHints":{"allow":["GET"]}}],"collection":[{"href":"https:\/\/sakoplan.pl\/ru\/wp-json\/wp\/v2\/product"}],"about":[{"href":"https:\/\/sakoplan.pl\/ru\/wp-json\/wp\/v2\/types\/product"}],"version-history":[{"count":0,"href":"https:\/\/sakoplan.pl\/ru\/wp-json\/wp\/v2\/product\/5831\/revisions"}],"wp:featuredmedia":[{"embeddable":true,"href":"https:\/\/sakoplan.pl\/ru\/wp-json\/wp\/v2\/media\/5832"}],"wp:attachment":[{"href":"https:\/\/sakoplan.pl\/ru\/wp-json\/wp\/v2\/media?parent=5831"}],"wp:term":[{"taxonomy":"product_cat","embeddable":true,"href":"https:\/\/sakoplan.pl\/ru\/wp-json\/wp\/v2\/product_cat?post=5831"},{"taxonomy":"product_tag","embeddable":true,"href":"https:\/\/sakoplan.pl\/ru\/wp-json\/wp\/v2\/product_tag?post=5831"}],"curies":[{"name":"wp","href":"https:\/\/api.w.org\/{rel}","templated":true}]}}