{"id":5824,"date":"2025-11-16T16:29:14","date_gmt":"2025-11-16T16:29:14","guid":{"rendered":"https:\/\/sakoplan.pl\/?post_type=product&#038;p=5824"},"modified":"2025-11-16T16:30:07","modified_gmt":"2025-11-16T16:30:07","slug":"dysza-do-spawania-o4-mm","status":"publish","type":"product","link":"https:\/\/sakoplan.pl\/ru\/product\/dysza-do-spawania-o4-mm\/","title":{"rendered":"Dysza do spawania \u00f84 mm"},"content":{"rendered":"<p>Dysza\u00a0do spawania, nasuwana na dysz\u0119 rurow\u0105 &#8211; okr\u0105g\u0142a\u00a0o \u015brednicy 4 mm.<\/p>","protected":false},"excerpt":{"rendered":"<p>Dysza\u00a0do spawania, nasuwana na dysz\u0119 rurow\u0105 &#8211; okr\u0105g\u0142a\u00a0o \u015brednicy 4 mm.<\/p>","protected":false},"featured_media":5825,"template":"","meta":{"_acf_changed":false},"product_cat":[595],"product_tag":[],"class_list":{"0":"post-5824","1":"product","2":"type-product","3":"status-publish","4":"has-post-thumbnail","6":"product_cat-akcesoria-do-zgrzewarek","8":"first","9":"instock","10":"taxable","11":"shipping-taxable","12":"purchasable","13":"product-type-simple","swatches":"rey-swatches","show_selected":""},"acf":[],"_links":{"self":[{"href":"https:\/\/sakoplan.pl\/ru\/wp-json\/wp\/v2\/product\/5824","targetHints":{"allow":["GET"]}}],"collection":[{"href":"https:\/\/sakoplan.pl\/ru\/wp-json\/wp\/v2\/product"}],"about":[{"href":"https:\/\/sakoplan.pl\/ru\/wp-json\/wp\/v2\/types\/product"}],"version-history":[{"count":0,"href":"https:\/\/sakoplan.pl\/ru\/wp-json\/wp\/v2\/product\/5824\/revisions"}],"wp:featuredmedia":[{"embeddable":true,"href":"https:\/\/sakoplan.pl\/ru\/wp-json\/wp\/v2\/media\/5825"}],"wp:attachment":[{"href":"https:\/\/sakoplan.pl\/ru\/wp-json\/wp\/v2\/media?parent=5824"}],"wp:term":[{"taxonomy":"product_cat","embeddable":true,"href":"https:\/\/sakoplan.pl\/ru\/wp-json\/wp\/v2\/product_cat?post=5824"},{"taxonomy":"product_tag","embeddable":true,"href":"https:\/\/sakoplan.pl\/ru\/wp-json\/wp\/v2\/product_tag?post=5824"}],"curies":[{"name":"wp","href":"https:\/\/api.w.org\/{rel}","templated":true}]}}