{"id":5781,"date":"2025-11-16T15:58:19","date_gmt":"2025-11-16T15:58:19","guid":{"rendered":"https:\/\/sakoplan.pl\/?post_type=product&#038;p=5781"},"modified":"2025-11-16T16:05:11","modified_gmt":"2025-11-16T16:05:11","slug":"leister-triac-at-zgrzewarka-reczna-na-gorace-powietrze","status":"publish","type":"product","link":"https:\/\/sakoplan.pl\/ru\/product\/leister-triac-at-zgrzewarka-reczna-na-gorace-powietrze\/","title":{"rendered":"Leister Triac AT Zgrzewarka r\u0119czna na gor\u0105ce powietrze"},"content":{"rendered":"<p>Nowa\u00a0<strong>wersja<\/strong>\u00a0<strong>z wy\u015bwietlaczem<\/strong>, elektronicznym ustawieniem, regulowanym nadmuchem i\u00a0<strong>poprawion\u0105<\/strong>\u00a0<strong>obudow\u0105<\/strong>. Dodatkowo, skuteczne\u00a0<strong>zabezpieczenia<\/strong>\u00a0i\u00a0<strong>zdejmowane<\/strong>\u00a0<strong>filtry<\/strong>\u00a0powietrza gwarantuj\u0105 bezproblemow\u0105 i wydajn\u0105 prac\u0119 przy zgrzewaniu i spawaniu tworzyw praktycznie\u00a0<strong>w ka\u017cdych<\/strong>\u00a0<strong>warunkach<\/strong>.<\/p>\n<p>&nbsp;<\/p>\n<p><strong>LEISTER TRIAC AT<\/strong>\u00a0to wysokiej jako\u015bci zgrzewarka r\u0119czna, kt\u00f3ra jest wykorzystywana do zgrzewania r\u00f3\u017cnych materia\u0142\u00f3w termoplastycznych, takich jak folie, rury,\u00a0<strong>membrany<\/strong>\u00a0czy<strong>\u00a0tworzywa sztuczne<\/strong>. Urz\u0105dzenie to cechuje si\u0119 niezawodno\u015bci\u0105, trwa\u0142o\u015bci\u0105 oraz wytrzyma\u0142o\u015bci\u0105 na intensywne u\u017cytkowanie.<\/p>\n<p><strong>LEISTER TRIAC AT<\/strong>\u00a0jest wyposa\u017cony w\u00a0<strong>nowoczesny system sterowania<\/strong>, kt\u00f3ry umo\u017cliwia\u00a0<strong>\u0142atwe dostosowanie parametr\u00f3w<\/strong>\u00a0zgrzewania do rodzaju i grubo\u015bci materia\u0142u. Dzi\u0119ki temu zgrzewarka ta pozwala na szybkie i skuteczne zgrzewanie r\u00f3\u017cnych materia\u0142\u00f3w, bez konieczno\u015bci stosowania r\u00f3\u017cnych narz\u0119dzi czy dodatkowych akcesori\u00f3w.<\/p>\n<p>&#8211; Zaprojektowana do profesjonalnych zastosowa\u0144<br \/>\n&#8211; P\u0142ynne sterowanie temperatur\u0105<br \/>\n&#8211; Sterowany przep\u0142yw powietrza<br \/>\n&#8211; Zdejmowane, obustronne filtry powietrza<br \/>\n&#8211; Wygodna obs\u0142uga pokr\u0119t\u0142em &#8220;<strong>e-Drive<\/strong>&#8221;<br \/>\n&#8211; Gumowana, wygodna w trzymaniu r\u0119koje\u015b\u0107<br \/>\n&#8211; Nowe, niezwykle skuteczne zabezpieczenie grza\u0142ki przed przegrzaniem<br \/>\n&#8211; Dost\u0119pnych ponad 80 modeli\u00a0<strong>dysz Leister \u00d832<\/strong><\/p>\n<p>Urz\u0105dzenie to cechuje si\u0119 r\u00f3wnie\u017c ergonomicznym kszta\u0142tem, kt\u00f3ry zapewnia wygodne i bezpieczne u\u017cytkowanie, a tak\u017ce niskim poziomem ha\u0142asu oraz minimalnymi wibracjami, co zwi\u0119ksza komfort pracy. Ponadto, zgrzewarka\u00a0<strong>LEISTER TRIAC AT<\/strong>\u00a0posiada system\u00a0<strong>zabezpieczaj\u0105cy<\/strong>\u00a0<strong>przed<\/strong>\u00a0<strong>przegrzaniem<\/strong>, co gwarantuje bezpiecze\u0144stwo podczas pracy.<\/p>\n<p><strong>LEISTER TRIAC AT<\/strong>\u00a0to bardzo\u00a0<strong>uniwersalne<\/strong>\u00a0<strong>urz\u0105dzenie<\/strong>, kt\u00f3re mo\u017cna wykorzysta\u0107 do zgrzewania r\u00f3\u017cnych materia\u0142\u00f3w termoplastycznych, a tak\u017ce do innych zada\u0144, takich jak naprawy lub ci\u0119cia materia\u0142\u00f3w.<\/p>","protected":false},"excerpt":{"rendered":"<p>Nowa\u00a0wersja\u00a0z wy\u015bwietlaczem, elektronicznym ustawieniem, regulowanym nadmuchem i\u00a0poprawion\u0105\u00a0obudow\u0105. Dodatkowo, skuteczne\u00a0zabezpieczenia\u00a0i\u00a0zdejmowane\u00a0filtry\u00a0powietrza gwarantuj\u0105 bezproblemow\u0105 i wydajn\u0105 prac\u0119 przy zgrzewaniu i spawaniu tworzyw praktycznie\u00a0w ka\u017cdych\u00a0warunkach. &nbsp; LEISTER TRIAC AT\u00a0to wysokiej jako\u015bci zgrzewarka r\u0119czna, kt\u00f3ra jest wykorzystywana do zgrzewania r\u00f3\u017cnych materia\u0142\u00f3w termoplastycznych, takich jak folie, rury,\u00a0membrany\u00a0czy\u00a0tworzywa sztuczne. Urz\u0105dzenie to cechuje si\u0119 niezawodno\u015bci\u0105, trwa\u0142o\u015bci\u0105 oraz wytrzyma\u0142o\u015bci\u0105 na intensywne u\u017cytkowanie. LEISTER TRIAC [&hellip;]<\/p>\n","protected":false},"featured_media":5793,"template":"","meta":{"_acf_changed":false},"product_cat":[594],"product_tag":[],"class_list":{"0":"post-5781","1":"product","2":"type-product","3":"status-publish","4":"has-post-thumbnail","6":"product_cat-zgrzewarki-zgrzewarki","8":"first","9":"instock","10":"taxable","11":"shipping-taxable","12":"purchasable","13":"product-type-simple","swatches":"rey-swatches","show_selected":""},"acf":[],"_links":{"self":[{"href":"https:\/\/sakoplan.pl\/ru\/wp-json\/wp\/v2\/product\/5781","targetHints":{"allow":["GET"]}}],"collection":[{"href":"https:\/\/sakoplan.pl\/ru\/wp-json\/wp\/v2\/product"}],"about":[{"href":"https:\/\/sakoplan.pl\/ru\/wp-json\/wp\/v2\/types\/product"}],"version-history":[{"count":0,"href":"https:\/\/sakoplan.pl\/ru\/wp-json\/wp\/v2\/product\/5781\/revisions"}],"wp:featuredmedia":[{"embeddable":true,"href":"https:\/\/sakoplan.pl\/ru\/wp-json\/wp\/v2\/media\/5793"}],"wp:attachment":[{"href":"https:\/\/sakoplan.pl\/ru\/wp-json\/wp\/v2\/media?parent=5781"}],"wp:term":[{"taxonomy":"product_cat","embeddable":true,"href":"https:\/\/sakoplan.pl\/ru\/wp-json\/wp\/v2\/product_cat?post=5781"},{"taxonomy":"product_tag","embeddable":true,"href":"https:\/\/sakoplan.pl\/ru\/wp-json\/wp\/v2\/product_tag?post=5781"}],"curies":[{"name":"wp","href":"https:\/\/api.w.org\/{rel}","templated":true}]}}