{"id":5719,"date":"2025-11-12T18:54:25","date_gmt":"2025-11-12T18:54:25","guid":{"rendered":"https:\/\/sakoplan.pl\/?post_type=product&#038;p=5719"},"modified":"2025-11-12T18:54:59","modified_gmt":"2025-11-12T18:54:59","slug":"waz-uszczejniajacy-pvc","status":"publish","type":"product","link":"https:\/\/sakoplan.pl\/ru\/product\/waz-uszczejniajacy-pvc\/","title":{"rendered":"W\u0105\u017c uszczejniaj\u0105cy PVC"},"content":{"rendered":"<p>W\u0105\u017c uszczelniaj\u0105cy PVC. Ma zastosowanie w ramie otwieranej do uszczelnienia szczeliny mi\u0119dzy dwoma profilami. Wykonany jest z czarnego PVC, kt\u00f3re zapobiega wydostawaniu si\u0119 \u015bwiat\u0142a na zewn\u0105trz kasetonu. \u015arednica: 13 mm.<\/p>\n<div class=\"listwa\"><strong>Cena dotyczy 1 mb.<\/strong><\/div>","protected":false},"excerpt":{"rendered":"<p>W\u0105\u017c uszczelniaj\u0105cy PVC. Ma zastosowanie w ramie otwieranej do uszczelnienia szczeliny mi\u0119dzy dwoma profilami. Wykonany jest z czarnego PVC, kt\u00f3re zapobiega wydostawaniu si\u0119 \u015bwiat\u0142a na zewn\u0105trz kasetonu. \u015arednica: 13 mm. Cena dotyczy 1 mb.<\/p>","protected":false},"featured_media":5720,"template":"","meta":{"_acf_changed":false},"product_cat":[556],"product_tag":[],"class_list":{"0":"post-5719","1":"product","2":"type-product","3":"status-publish","4":"has-post-thumbnail","6":"product_cat-inne","8":"first","9":"instock","10":"taxable","11":"shipping-taxable","12":"purchasable","13":"product-type-simple","swatches":"rey-swatches","show_selected":""},"acf":[],"_links":{"self":[{"href":"https:\/\/sakoplan.pl\/ru\/wp-json\/wp\/v2\/product\/5719","targetHints":{"allow":["GET"]}}],"collection":[{"href":"https:\/\/sakoplan.pl\/ru\/wp-json\/wp\/v2\/product"}],"about":[{"href":"https:\/\/sakoplan.pl\/ru\/wp-json\/wp\/v2\/types\/product"}],"version-history":[{"count":0,"href":"https:\/\/sakoplan.pl\/ru\/wp-json\/wp\/v2\/product\/5719\/revisions"}],"wp:featuredmedia":[{"embeddable":true,"href":"https:\/\/sakoplan.pl\/ru\/wp-json\/wp\/v2\/media\/5720"}],"wp:attachment":[{"href":"https:\/\/sakoplan.pl\/ru\/wp-json\/wp\/v2\/media?parent=5719"}],"wp:term":[{"taxonomy":"product_cat","embeddable":true,"href":"https:\/\/sakoplan.pl\/ru\/wp-json\/wp\/v2\/product_cat?post=5719"},{"taxonomy":"product_tag","embeddable":true,"href":"https:\/\/sakoplan.pl\/ru\/wp-json\/wp\/v2\/product_tag?post=5719"}],"curies":[{"name":"wp","href":"https:\/\/api.w.org\/{rel}","templated":true}]}}