{"id":5708,"date":"2025-11-12T18:42:58","date_gmt":"2025-11-12T18:42:58","guid":{"rendered":"https:\/\/sakoplan.pl\/?post_type=product&#038;p=5708"},"modified":"2025-11-12T18:52:21","modified_gmt":"2025-11-12T18:52:21","slug":"listwa-napinajaca-pvc","status":"publish","type":"product","link":"https:\/\/sakoplan.pl\/ru\/product\/listwa-napinajaca-pvc\/","title":{"rendered":"Listwa napinaj\u0105ca PVC"},"content":{"rendered":"<p>Listwa napinaj\u0105ca PVC, dost\u0119pna w trzech\u00a0kolorach. D\u0142ugo\u015b\u0107 sztangi: 2 mb.<\/p>\n<p><strong>Sztangi sprzedawane s\u0105 na sztuki. 1 szt. =\u00a02mb.<\/strong><\/p>\n<p><strong>W sezonie zimowym przed u\u017cyciem listwy powinny przele\u017cakowa\u0107 24h w temperaturze pokojowej.<\/strong><\/p>\n<p>&nbsp;<\/p>\n<p>Dost\u0119pne kolory:<\/p>\n<p>&#8211; szary<\/p>\n<p>&#8211; bia\u0142y<\/p>\n<p>&#8211; czarny<\/p>","protected":false},"excerpt":{"rendered":"<p>Listwa napinaj\u0105ca PVC, dost\u0119pna w trzech\u00a0kolorach. D\u0142ugo\u015b\u0107 sztangi: 2 mb. Sztangi sprzedawane s\u0105 na sztuki. 1 szt. =\u00a02mb. W sezonie zimowym przed u\u017cyciem listwy powinny przele\u017cakowa\u0107 24h w temperaturze pokojowej. &nbsp; Dost\u0119pne kolory: &#8211; szary &#8211; bia\u0142y &#8211; czarny<\/p>","protected":false},"featured_media":5711,"template":"","meta":{"_acf_changed":false},"product_cat":[556],"product_tag":[],"class_list":{"0":"post-5708","1":"product","2":"type-product","3":"status-publish","4":"has-post-thumbnail","6":"product_cat-inne","7":"pa_kolor-bialy","8":"pa_kolor-czarny","9":"pa_kolor-szary","11":"first","12":"instock","13":"taxable","14":"shipping-taxable","15":"purchasable","16":"product-type-variable","swatches":"rey-swatches","show_selected":""},"acf":[],"_links":{"self":[{"href":"https:\/\/sakoplan.pl\/ru\/wp-json\/wp\/v2\/product\/5708","targetHints":{"allow":["GET"]}}],"collection":[{"href":"https:\/\/sakoplan.pl\/ru\/wp-json\/wp\/v2\/product"}],"about":[{"href":"https:\/\/sakoplan.pl\/ru\/wp-json\/wp\/v2\/types\/product"}],"version-history":[{"count":0,"href":"https:\/\/sakoplan.pl\/ru\/wp-json\/wp\/v2\/product\/5708\/revisions"}],"wp:featuredmedia":[{"embeddable":true,"href":"https:\/\/sakoplan.pl\/ru\/wp-json\/wp\/v2\/media\/5711"}],"wp:attachment":[{"href":"https:\/\/sakoplan.pl\/ru\/wp-json\/wp\/v2\/media?parent=5708"}],"wp:term":[{"taxonomy":"product_cat","embeddable":true,"href":"https:\/\/sakoplan.pl\/ru\/wp-json\/wp\/v2\/product_cat?post=5708"},{"taxonomy":"product_tag","embeddable":true,"href":"https:\/\/sakoplan.pl\/ru\/wp-json\/wp\/v2\/product_tag?post=5708"}],"curies":[{"name":"wp","href":"https:\/\/api.w.org\/{rel}","templated":true}]}}