{"id":5690,"date":"2025-11-12T18:19:06","date_gmt":"2025-11-12T18:19:06","guid":{"rendered":"https:\/\/sakoplan.pl\/?post_type=product&#038;p=5690"},"modified":"2025-11-12T18:20:14","modified_gmt":"2025-11-12T18:20:14","slug":"profil-aluminiowy-anodowany-ledorama-100x50","status":"publish","type":"product","link":"https:\/\/sakoplan.pl\/ru\/product\/profil-aluminiowy-anodowany-ledorama-100x50\/","title":{"rendered":"Profil aluminiowy anodowany LEDORAMA 100&#215;50"},"content":{"rendered":"<p>Profil aluminiowy anodowany\u00a0do prezentacji reklamy &#8211; backlitu pod\u015bwietlanej LED. Profil aluminiowy o szeroko\u015bci 10 cm stwarza nieograniczone mo\u017cliwo\u015bci prezentacji reklam.<\/p>\n<p><strong>Cena dotyczy 1 mb.<\/strong><\/p>\n<p>&nbsp;<\/p>\n<p>Kszta\u0142t litery \u201eL\u201d nadaje mu wi\u0119ksz\u0105 sztywno\u015b\u0107 i powi\u0119ksza spektrum mocowa\u0144 do \u015bciany lub innych konstrukcji. Przy projektowaniu profilu uwzgl\u0119dnili\u015bmy elementy sk\u0142adaj\u0105ce si\u0119 na system oraz ich odpowiednie umiejscowienie na profilu aluminiowym.<\/p>\n<p>Profil aluminiowy do prezentacji wydruk\u00f3w backlit z pod\u015bwietleniem LED. Profil dost\u0119pny w wersji surowej i anodowanej.\u00a0\u00a0Anodowanie profilu sprawia, \u017ce jest ona bardziej odporny na warunki atmosferyczne oraz promienie UV, co predysponuje go do zastosowa\u0144 w reklamach zewn\u0119trznych.<\/p>\n<p>Wymiary [sz x gr]:<\/p>\n<p>100 x 50 mm.<\/p>\n<p>D\u0142ugo\u015bc sztang:<\/p>\n<p>6,00 mb.<\/p>\n","protected":false},"excerpt":{"rendered":"<p>Profil aluminiowy anodowany\u00a0do prezentacji reklamy &#8211; backlitu pod\u015bwietlanej LED. Profil aluminiowy o szeroko\u015bci 10 cm stwarza nieograniczone mo\u017cliwo\u015bci prezentacji reklam. Cena dotyczy 1 mb. &nbsp; Kszta\u0142t litery \u201eL\u201d nadaje mu wi\u0119ksz\u0105 sztywno\u015b\u0107 i powi\u0119ksza spektrum mocowa\u0144 do \u015bciany lub innych konstrukcji. Przy projektowaniu profilu uwzgl\u0119dnili\u015bmy elementy sk\u0142adaj\u0105ce si\u0119 na system oraz ich odpowiednie umiejscowienie na [&hellip;]<\/p>\n","protected":false},"featured_media":5692,"template":"","meta":{"_acf_changed":false},"product_cat":[553],"product_tag":[],"class_list":{"0":"post-5690","1":"product","2":"type-product","3":"status-publish","4":"has-post-thumbnail","6":"product_cat-profile-anodowane","8":"first","9":"instock","10":"taxable","11":"shipping-taxable","12":"purchasable","13":"product-type-simple","swatches":"rey-swatches","show_selected":""},"acf":[],"_links":{"self":[{"href":"https:\/\/sakoplan.pl\/ru\/wp-json\/wp\/v2\/product\/5690","targetHints":{"allow":["GET"]}}],"collection":[{"href":"https:\/\/sakoplan.pl\/ru\/wp-json\/wp\/v2\/product"}],"about":[{"href":"https:\/\/sakoplan.pl\/ru\/wp-json\/wp\/v2\/types\/product"}],"version-history":[{"count":0,"href":"https:\/\/sakoplan.pl\/ru\/wp-json\/wp\/v2\/product\/5690\/revisions"}],"wp:featuredmedia":[{"embeddable":true,"href":"https:\/\/sakoplan.pl\/ru\/wp-json\/wp\/v2\/media\/5692"}],"wp:attachment":[{"href":"https:\/\/sakoplan.pl\/ru\/wp-json\/wp\/v2\/media?parent=5690"}],"wp:term":[{"taxonomy":"product_cat","embeddable":true,"href":"https:\/\/sakoplan.pl\/ru\/wp-json\/wp\/v2\/product_cat?post=5690"},{"taxonomy":"product_tag","embeddable":true,"href":"https:\/\/sakoplan.pl\/ru\/wp-json\/wp\/v2\/product_tag?post=5690"}],"curies":[{"name":"wp","href":"https:\/\/api.w.org\/{rel}","templated":true}]}}