{"id":5533,"date":"2025-11-12T12:13:12","date_gmt":"2025-11-12T12:13:12","guid":{"rendered":"https:\/\/sakoplan.pl\/?post_type=product&#038;p=5533"},"modified":"2025-11-12T12:18:54","modified_gmt":"2025-11-12T12:18:54","slug":"tkanina-markizowa-perla","status":"publish","type":"product","link":"https:\/\/sakoplan.pl\/ru\/product\/tkanina-markizowa-perla\/","title":{"rendered":"Tkanina markizowa PERLA"},"content":{"rendered":"<p><strong>Tkanina akrylowa impregnowana teflonem o szer. 120 cm.<\/strong><\/p>\n<p>&#8211; posiada wyj\u0105tkow\u0105 odporno\u015b\u0107 na bakterie i grzybnie,<br \/>\n&#8211; jest odpowiednio zabezpieczona przed utrat\u0105 koloru na s\u0142o\u0144cu,<br \/>\n&#8211; bardzo wytrzyma\u0142a<\/p>\n<p>&nbsp;<\/p>\n<p><span class=\"tlid-translation translation\" lang=\"pl\"><span title=\"\">Tkanina jest w\u00a0<strong>100% akrylowa.\u00a0<\/strong>Stosowana jako nadbud\u00f3wka do \u0142\u00f3dek doskonale sprawdza si\u0119 podczas trudnych warunk\u00f3w atmosferycznych, a przy tym nie traci na jako\u015bci, pozostaj\u0105c idealn\u0105 os\u0142on\u0105 dla naszych jaht\u00f3w i \u0142odzi. Technologia barwienia nadaje mu wyj\u0105tkow\u0105 odporno\u015b\u0107 na promieniowanie UV, dzi\u0119ki czemu proces blakni\u0119cia trwa bardzo d\u0142ugo. Tkanina akrylowa zapewnia\u00a0<\/span><\/span>wysok\u0105 odporno\u015b\u0107 na warunki atmosferyczne, zmiany temperatur, wilgotno\u015b\u0107 i UV. Sprawia to, \u017ce jest ona o wiele trwalsza od poliestru czy polipropylenu w grupie w\u0142\u00f3kien syntetycznych i niepor\u00f3wnywalnie trwalsza od w\u0142\u00f3kien naturalnych (bawe\u0142na, len itp.). Dlatego jest szeroko stosowana jako tkanina techniczna outdoorowa w bran\u017cy os\u0142on przeciws\u0142onecznych, czy \u017ceglarskiej jako tkanina na nadbud\u00f3wk\u0119, bimini, czy szprycbud\u0119 dla jahtu i \u0142odzi.<\/p>\n<p>&nbsp;<\/p>\n<p><strong>NAJWA\u017bNIEJSZE PLUSY TKANINY SOLAR PRO:<\/strong><\/p>\n<p><strong><span class=\"tlid-translation translation\" lang=\"pl\"><span title=\"\">&#8211; Oszcz\u0119dno\u015b\u0107 energii<\/span><\/span><\/strong><\/p>\n<p><span class=\"tlid-translation translation\" lang=\"pl\"><span title=\"\">Wyb\u00f3r odpowiedniej tkaniny chroni\u0105cej przed s\u0142o\u0144cem znacznie poprawia wydajno\u015b\u0107 energetyczn\u0105 budynk\u00f3w, przyczyniaj\u0105c si\u0119 do zmniejszenia zu\u017cycia energii w najgor\u0119tszych miesi\u0105cach.<\/span><\/span><\/p>\n<p><strong><span class=\"tlid-translation translation\" lang=\"pl\"><span title=\"\">&#8211; Trwa\u0142o\u015b\u0107 i odporno\u015b\u0107 koloru<\/span><\/span><\/strong><\/p>\n<p><span class=\"tlid-translation translation\" lang=\"pl\"><span title=\"\">Tkanina Solar Pro jest w 100% akrylowa i barwiona w roztworze, co zapewnia optymaln\u0105\u00a0odporno\u015b\u0107 koloru na promienie UV.<\/span><\/span><\/p>\n<p><strong>&#8211; \u0141atwa w utrzymaniu i odporna na plamy<\/strong><\/p>\n<div class=\"text-wrap tlid-copy-target\">\n<div class=\"result-shield-container tlid-copy-target\" tabindex=\"0\"><span class=\"tlid-translation translation\" lang=\"pl\"><span title=\"\">Odporno\u015b\u0107 na plamy tworzy pow\u0142oka Sauleda Fabric Protector, kt\u00f3ra jest odpowiedzialna za\u00a0<\/span><span title=\"\">efekt barierowy, wzmacniaj\u0105cy hydrofobowo\u015b\u0107 i op\u00f3\u017aniaj\u0105cy<\/span><br \/>\n<span title=\"\">przyczepno\u015b\u0107 brudu.<\/span><\/span><\/div>\n<\/div>\n<p>&#8211;\u00a0<b>10 LETNIA GWARANCJA<\/b><\/p>\n<p>Producent zapewnia 10-letn\u0105 gwarancj\u0119, kt\u00f3ra pokrywa nietypowe zu\u017cycie materia\u0142u b\u0105d\u017a koloru od momentu zainstalowania tkaniny.<\/p>\n<p><strong>-Antybakteryjna pow\u0142oka<\/strong><\/p>\n<p>Dzi\u0119ki zastosowanej pow\u0142oce antybakteryjnej jest ona odporna na ple\u015b\u0144 i gromadzenie si\u0119 bakterii, co przed\u0142u\u017ca jej wytrzyma\u0142o\u015b\u0107 i jako\u015b\u0107 koloru.<\/p>\n<p>&nbsp;<\/p>\n<p>Gramatura: 300 g\/m2<br \/>\nSzeroko\u015b\u0107: 120 cm<br \/>\nNaw\u00f3j: 60 mb<br \/>\nOchrona UV: \u2714<br \/>\nOdporno\u015b\u0107 na bakterie i grzyby: \u2714<\/p>\n<p>&nbsp;<\/p>\n<p>CZYSZCZENIE I KONSERWACJA TKANINY<br \/>\nSpecjalistyczna pow\u0142oka na naszej tkaninie tworzy \u201eefekt\u201d bariery, wzmacniaj\u0105c jej w\u0142a\u015bciwo\u015bci hydrofobowe oraz utrudniaj\u0105c\u0105 przywieranie zabrudze\u0144.<br \/>\nAby cieszy\u0107 si\u0119 pi\u0119knym kolorem i jak najd\u0142u\u017cej utrzyma\u0107 w\u0142a\u015bciwo\u015bci\u00a0 tkaniny nale\u017cy przeprowadza\u0107 jej okresow\u0105 konserwacj\u0105. W tym przypadku jest ona niezwykle \u0142atwa, wystarczy post\u0119powa\u0107 zgodnie z naszymi wskaz\u00f3wkami:<br \/>\n\u2713 Regularnie usuwaj brud z tkaniny mi\u0119kk\u0105 szczotk\u0105.<br \/>\n\u2713 W razie potrzeby umyj\u00a0 g\u0105bk\u0105 roztworem myd\u0142em o neutralnym ph i wod\u0105 o maksymalnej temperatura 30\u00ba C a nast\u0119pnie sp\u0142ucz\u00a0 wod\u0105.<br \/>\n\u2713 Zawsze pozw\u00f3l tkaninie ca\u0142kowicie wyschn\u0105\u0107 przed jej zwini\u0119ciem lub z\u0142o\u017ceniem<br \/>\n\u2713 Nie u\u017cywaj produkt\u00f3w \u015bciernych.<br \/>\n\u2713 Zim\u0105 zapewnij materia\u0142owi os\u0142on\u0119 od niekorzystnych warunk\u00f3w atmosferycznych.<\/p>","protected":false},"excerpt":{"rendered":"<p>Tkanina akrylowa impregnowana teflonem o szer. 120 cm. &#8211; posiada wyj\u0105tkow\u0105 odporno\u015b\u0107 na bakterie i grzybnie, &#8211; jest odpowiednio zabezpieczona przed utrat\u0105 koloru na s\u0142o\u0144cu, &#8211; bardzo wytrzyma\u0142a &nbsp; Tkanina jest w\u00a0100% akrylowa.\u00a0Stosowana jako nadbud\u00f3wka do \u0142\u00f3dek doskonale sprawdza si\u0119 podczas trudnych warunk\u00f3w atmosferycznych, a przy tym nie traci na jako\u015bci, pozostaj\u0105c idealn\u0105 os\u0142on\u0105 dla [&hellip;]<\/p>\n","protected":false},"featured_media":5538,"template":"","meta":{"_acf_changed":false},"product_cat":[528],"product_tag":[],"class_list":{"0":"post-5533","1":"product","2":"type-product","3":"status-publish","4":"has-post-thumbnail","6":"product_cat-tkaniny-jednobarwne","7":"pa_kolor-perla","9":"first","10":"instock","11":"taxable","12":"shipping-taxable","13":"purchasable","14":"product-type-variable","swatches":"rey-swatches","show_selected":""},"acf":[],"_links":{"self":[{"href":"https:\/\/sakoplan.pl\/ru\/wp-json\/wp\/v2\/product\/5533","targetHints":{"allow":["GET"]}}],"collection":[{"href":"https:\/\/sakoplan.pl\/ru\/wp-json\/wp\/v2\/product"}],"about":[{"href":"https:\/\/sakoplan.pl\/ru\/wp-json\/wp\/v2\/types\/product"}],"version-history":[{"count":0,"href":"https:\/\/sakoplan.pl\/ru\/wp-json\/wp\/v2\/product\/5533\/revisions"}],"wp:featuredmedia":[{"embeddable":true,"href":"https:\/\/sakoplan.pl\/ru\/wp-json\/wp\/v2\/media\/5538"}],"wp:attachment":[{"href":"https:\/\/sakoplan.pl\/ru\/wp-json\/wp\/v2\/media?parent=5533"}],"wp:term":[{"taxonomy":"product_cat","embeddable":true,"href":"https:\/\/sakoplan.pl\/ru\/wp-json\/wp\/v2\/product_cat?post=5533"},{"taxonomy":"product_tag","embeddable":true,"href":"https:\/\/sakoplan.pl\/ru\/wp-json\/wp\/v2\/product_tag?post=5533"}],"curies":[{"name":"wp","href":"https:\/\/api.w.org\/{rel}","templated":true}]}}