{"id":5505,"date":"2025-11-12T11:45:05","date_gmt":"2025-11-12T11:45:05","guid":{"rendered":"https:\/\/sakoplan.pl\/?post_type=product&#038;p=5505"},"modified":"2025-11-12T11:47:58","modified_gmt":"2025-11-12T11:47:58","slug":"tkanina-markizowa-vainilla","status":"publish","type":"product","link":"https:\/\/sakoplan.pl\/ru\/product\/tkanina-markizowa-vainilla\/","title":{"rendered":"Tkanina markizowa VAINILLA"},"content":{"rendered":"<p><strong>Tkanina akrylowa impregnowana teflonem o szer. 120 cm.<\/strong><\/p>\n<p>&#8211; posiada wyj\u0105tkow\u0105 odporno\u015b\u0107 na bakterie i grzybnie,<br \/>\n&#8211; jest odpowiednio zabezpieczona przed utrat\u0105 koloru na s\u0142o\u0144cu,<br \/>\n&#8211; bardzo wytrzyma\u0142a<\/p>\n<p>&nbsp;<\/p>\n<p>G\u0142\u00f3wnym zastosowaniem naszych tkanin markizowych jest ochrona przed s\u0142o\u0144cem (nie zabezpieczaj\u0105 one przed ulewnym deszczem &#8211; wodoodporno\u015b\u0107\u00a0do 360 mm s\u0142upa wody).<\/p>\n<p>Materia\u0142y tego typu znajduj\u0105 zastosowanie na:<\/p>\n<ul>\n<li>pokrycia markizowe,<\/li>\n<li>zadaszenia,<\/li>\n<li>meble ogrodowe i pla\u017cowe,<\/li>\n<li>altanki,<\/li>\n<li>namioty,<\/li>\n<li>dekoracja wn\u0119trz,<\/li>\n<li>nadbud\u00f3wki \u0142odzi.<\/li>\n<\/ul>\n<p>&nbsp;<\/p>\n<p>Gramatura: 300 g\/m2<br \/>\nSzeroko\u015b\u0107: 120 cm<br \/>\nNaw\u00f3j: 60 mb<br \/>\nOchrona UV: \u2714<br \/>\nOdporno\u015b\u0107 na bakterie i grzyby: \u2714<\/p>","protected":false},"excerpt":{"rendered":"<p>Tkanina akrylowa impregnowana teflonem o szer. 120 cm. &#8211; posiada wyj\u0105tkow\u0105 odporno\u015b\u0107 na bakterie i grzybnie, &#8211; jest odpowiednio zabezpieczona przed utrat\u0105 koloru na s\u0142o\u0144cu, &#8211; bardzo wytrzyma\u0142a &nbsp; G\u0142\u00f3wnym zastosowaniem naszych tkanin markizowych jest ochrona przed s\u0142o\u0144cem (nie zabezpieczaj\u0105 one przed ulewnym deszczem &#8211; wodoodporno\u015b\u0107\u00a0do 360 mm s\u0142upa wody). Materia\u0142y tego typu znajduj\u0105 zastosowanie [&hellip;]<\/p>\n","protected":false},"featured_media":5511,"template":"","meta":{"_acf_changed":false},"product_cat":[528],"product_tag":[],"class_list":{"0":"post-5505","1":"product","2":"type-product","3":"status-publish","4":"has-post-thumbnail","6":"product_cat-tkaniny-jednobarwne","8":"first","9":"instock","10":"taxable","11":"shipping-taxable","12":"purchasable","13":"product-type-variable","swatches":"rey-swatches","show_selected":""},"acf":[],"_links":{"self":[{"href":"https:\/\/sakoplan.pl\/ru\/wp-json\/wp\/v2\/product\/5505","targetHints":{"allow":["GET"]}}],"collection":[{"href":"https:\/\/sakoplan.pl\/ru\/wp-json\/wp\/v2\/product"}],"about":[{"href":"https:\/\/sakoplan.pl\/ru\/wp-json\/wp\/v2\/types\/product"}],"version-history":[{"count":0,"href":"https:\/\/sakoplan.pl\/ru\/wp-json\/wp\/v2\/product\/5505\/revisions"}],"wp:featuredmedia":[{"embeddable":true,"href":"https:\/\/sakoplan.pl\/ru\/wp-json\/wp\/v2\/media\/5511"}],"wp:attachment":[{"href":"https:\/\/sakoplan.pl\/ru\/wp-json\/wp\/v2\/media?parent=5505"}],"wp:term":[{"taxonomy":"product_cat","embeddable":true,"href":"https:\/\/sakoplan.pl\/ru\/wp-json\/wp\/v2\/product_cat?post=5505"},{"taxonomy":"product_tag","embeddable":true,"href":"https:\/\/sakoplan.pl\/ru\/wp-json\/wp\/v2\/product_tag?post=5505"}],"curies":[{"name":"wp","href":"https:\/\/api.w.org\/{rel}","templated":true}]}}