{"id":5462,"date":"2025-11-12T10:02:12","date_gmt":"2025-11-12T10:02:12","guid":{"rendered":"https:\/\/sakoplan.pl\/?post_type=product&#038;p=5462"},"modified":"2025-11-12T10:13:35","modified_gmt":"2025-11-12T10:13:35","slug":"tkanina-poliestrowa-barwiona-p240","status":"publish","type":"product","link":"https:\/\/sakoplan.pl\/ru\/product\/tkanina-poliestrowa-barwiona-p240\/","title":{"rendered":"Tkanina poliestrowa barwiona P240"},"content":{"rendered":"<p>TkTkanina poliestrowa powlekana PU (poliuretan) o w\u0142a\u015bciwo\u015bciach wodoodpornych i wodoszczelnych. Stosowana g\u0142\u00f3wnie na dachy namiot\u00f3w, banery reklamowe oraz torby i pokrowce. Tkanina do druku metod\u0105 sublimacji. Doskona\u0142a stabilizacja w\u0142\u00f3kien.<\/p>\n<p>&nbsp;<\/p>\n<p>Gramatura: 240 g\/m2<br \/>\nSzeroko\u015b\u0107: 160 cm<br \/>\nKolor: niebieski, bordowy, ciemno zielony, be\u017cowy, zielony, granatowy<br \/>\nNaw\u00f3j: r\u00f3\u017cne<\/p>\n<p>SPLOT:<\/p>\n<p>OSNOWA: 300Dx2. 36T na cal<\/p>\n<p>W\u0104TEK: 300Dx2, 34T na cal<\/p>\n<p>Pokrycie PU zapewnia odporno\u015b\u0107 na przemakanie o warto\u015bci do 800mm wysoko\u015bci s\u0142upa wody<\/p>","protected":false},"excerpt":{"rendered":"<p>TkTkanina poliestrowa powlekana PU (poliuretan) o w\u0142a\u015bciwo\u015bciach wodoodpornych i wodoszczelnych. Stosowana g\u0142\u00f3wnie na dachy namiot\u00f3w, banery reklamowe oraz torby i pokrowce. Tkanina do druku metod\u0105 sublimacji. Doskona\u0142a stabilizacja w\u0142\u00f3kien. &nbsp; Gramatura: 240 g\/m2 Szeroko\u015b\u0107: 160 cm Kolor: niebieski, bordowy, ciemno zielony, be\u017cowy, zielony, granatowy Naw\u00f3j: r\u00f3\u017cne SPLOT: OSNOWA: 300Dx2. 36T na cal W\u0104TEK: 300Dx2, 34T [&hellip;]<\/p>\n","protected":false},"featured_media":5474,"template":"","meta":{"_acf_changed":false},"product_cat":[514],"product_tag":[],"class_list":{"0":"post-5462","1":"product","2":"type-product","3":"status-publish","4":"has-post-thumbnail","6":"product_cat-gramatura-240-g-m2","7":"pa_kolor-bordowy","8":"pa_kolor-ciemny-zielony","9":"pa_kolor-jasny-zielony","10":"pa_kolor-niebieski-5002","12":"first","13":"instock","14":"taxable","15":"shipping-taxable","16":"purchasable","17":"product-type-variable","swatches":"rey-swatches","show_selected":""},"acf":[],"_links":{"self":[{"href":"https:\/\/sakoplan.pl\/ru\/wp-json\/wp\/v2\/product\/5462","targetHints":{"allow":["GET"]}}],"collection":[{"href":"https:\/\/sakoplan.pl\/ru\/wp-json\/wp\/v2\/product"}],"about":[{"href":"https:\/\/sakoplan.pl\/ru\/wp-json\/wp\/v2\/types\/product"}],"version-history":[{"count":0,"href":"https:\/\/sakoplan.pl\/ru\/wp-json\/wp\/v2\/product\/5462\/revisions"}],"wp:featuredmedia":[{"embeddable":true,"href":"https:\/\/sakoplan.pl\/ru\/wp-json\/wp\/v2\/media\/5474"}],"wp:attachment":[{"href":"https:\/\/sakoplan.pl\/ru\/wp-json\/wp\/v2\/media?parent=5462"}],"wp:term":[{"taxonomy":"product_cat","embeddable":true,"href":"https:\/\/sakoplan.pl\/ru\/wp-json\/wp\/v2\/product_cat?post=5462"},{"taxonomy":"product_tag","embeddable":true,"href":"https:\/\/sakoplan.pl\/ru\/wp-json\/wp\/v2\/product_tag?post=5462"}],"curies":[{"name":"wp","href":"https:\/\/api.w.org\/{rel}","templated":true}]}}