{"id":5416,"date":"2025-11-10T14:07:02","date_gmt":"2025-11-10T14:07:02","guid":{"rendered":"https:\/\/sakoplan.pl\/?post_type=product&#038;p=5416"},"modified":"2025-11-10T14:11:30","modified_gmt":"2025-11-10T14:11:30","slug":"material-campingowy-sioen-c2349-350-g-m2-szer-300-cm","status":"publish","type":"product","link":"https:\/\/sakoplan.pl\/ru\/product\/material-campingowy-sioen-c2349-350-g-m2-szer-300-cm\/","title":{"rendered":"Materia\u0142 campingowy \u2013 SIOEN C2349 350 g\/m2 szer. 300 cm"},"content":{"rendered":"<div class=\"row\">\n<div class=\"col-sm-9\">\n<div class=\"row\">\n<div class=\"col-sm-9\">Bardzo lekki (350 g\/m\u00b2) antybakteryjny i odporny na promieniowanie UV materia\u0142 kempingowy na pod\u0142ogi i \u015bciany boczne. Posiada matowe wyko\u0144czenie i specjalnie wyt\u0142oczony wz\u00f3r \u2013 przypomina struktur\u0119 lnu. <strong style=\"color: #484f56; font-size: 1.125rem;\">MATERIA\u0141 PLANDEKOWY SPRZEDAWANY JEST W PE\u0141NYCH ROLKACH.<\/strong><\/div>\n<\/div>\n<\/div>\n<\/div>\n<div><\/div>\n<div><\/div>\n<div>Gramatura: 350 g\/m2<\/div>\n<div>Szeroko\u015b\u0107 rolki: 300 cm<\/div>\n<div>Ochrona UV: \u2714<\/div>\n<div>Odporno\u015b\u0107 na bakterie i grzyby: \u2714<\/div>\n<div>Naw\u00f3j: 65 mb<\/div>","protected":false},"excerpt":{"rendered":"<p>Bardzo lekki (350 g\/m\u00b2) antybakteryjny i odporny na promieniowanie UV materia\u0142 kempingowy na pod\u0142ogi i \u015bciany boczne. Posiada matowe wyko\u0144czenie i specjalnie wyt\u0142oczony wz\u00f3r \u2013 przypomina struktur\u0119 lnu. MATERIA\u0141 PLANDEKOWY SPRZEDAWANY JEST W PE\u0141NYCH ROLKACH. Gramatura: 350 g\/m2 Szeroko\u015b\u0107 rolki: 300 cm Ochrona UV: \u2714 Odporno\u015b\u0107 na bakterie i grzyby: \u2714 Naw\u00f3j: 65 mb<\/p>","protected":false},"featured_media":5421,"template":"","meta":{"_acf_changed":false},"product_cat":[467],"product_tag":[],"class_list":{"0":"post-5416","1":"product","2":"type-product","3":"status-publish","4":"has-post-thumbnail","6":"product_cat-sioen-materialy-kempingowe","7":"pa_kolor-511","9":"first","10":"outofstock","11":"taxable","12":"shipping-taxable","13":"purchasable","14":"product-type-variable","swatches":"rey-swatches","show_selected":""},"acf":[],"_links":{"self":[{"href":"https:\/\/sakoplan.pl\/ru\/wp-json\/wp\/v2\/product\/5416","targetHints":{"allow":["GET"]}}],"collection":[{"href":"https:\/\/sakoplan.pl\/ru\/wp-json\/wp\/v2\/product"}],"about":[{"href":"https:\/\/sakoplan.pl\/ru\/wp-json\/wp\/v2\/types\/product"}],"version-history":[{"count":0,"href":"https:\/\/sakoplan.pl\/ru\/wp-json\/wp\/v2\/product\/5416\/revisions"}],"wp:featuredmedia":[{"embeddable":true,"href":"https:\/\/sakoplan.pl\/ru\/wp-json\/wp\/v2\/media\/5421"}],"wp:attachment":[{"href":"https:\/\/sakoplan.pl\/ru\/wp-json\/wp\/v2\/media?parent=5416"}],"wp:term":[{"taxonomy":"product_cat","embeddable":true,"href":"https:\/\/sakoplan.pl\/ru\/wp-json\/wp\/v2\/product_cat?post=5416"},{"taxonomy":"product_tag","embeddable":true,"href":"https:\/\/sakoplan.pl\/ru\/wp-json\/wp\/v2\/product_tag?post=5416"}],"curies":[{"name":"wp","href":"https:\/\/api.w.org\/{rel}","templated":true}]}}