{"id":5405,"date":"2025-11-10T13:51:03","date_gmt":"2025-11-10T13:51:03","guid":{"rendered":"https:\/\/sakoplan.pl\/?post_type=product&#038;p=5405"},"modified":"2025-11-10T14:05:54","modified_gmt":"2025-11-10T14:05:54","slug":"material-campingowy-sioen-c7458-450-g-m2-szer-150-cm","status":"publish","type":"product","link":"https:\/\/sakoplan.pl\/ru\/product\/material-campingowy-sioen-c7458-450-g-m2-szer-150-cm\/","title":{"rendered":"Materia\u0142 campingowy \u2013 SIOEN C7458 450 g\/m2 szer. 150 cm"},"content":{"rendered":"<div class=\"row\">\n<div class=\"col-sm-9\">Odporna na promieniowanie UV tkanina techniczna o gramaturze 450 g\/m\u00b2 i szeroko\u015bci 150 cm. Posiada pow\u0142ok\u0119 antybakteryjn\u0105. Przeznaczona na pod\u0142ogi i \u015bciany boczne w namiotach kempingowych. Lekka i wytrzyma\u0142a. Posiada matowe wyko\u0144czenie. Standardowo dost\u0119pny w 3 odcieniach szaro\u015bci. <strong style=\"color: #484f56; font-size: 1.125rem;\">MATERIA\u0141 PLANDEKOWY SPRZEDAWANY JEST W ROLKACH LUB METRACH BIE\u017b\u0104CYCH.<\/strong><\/div>\n<\/div>\n<div><\/div>\n<div><\/div>\n<div>Gramatura: 450 g\/m2<\/div>\n<div>Szeroko\u015b\u0107 rolki: 150 cm<\/div>\n<div>Ochrona UV: \u2714<\/div>\n<div>Odporno\u015b\u0107 na bakterie i grzyby: \u2714<\/div>\n<div>Naw\u00f3j: 65 mb<\/div>","protected":false},"excerpt":{"rendered":"<p>Odporna na promieniowanie UV tkanina techniczna o gramaturze 450 g\/m\u00b2 i szeroko\u015bci 150 cm. Posiada pow\u0142ok\u0119 antybakteryjn\u0105. Przeznaczona na pod\u0142ogi i \u015bciany boczne w namiotach kempingowych. Lekka i wytrzyma\u0142a. Posiada matowe wyko\u0144czenie. Standardowo dost\u0119pny w 3 odcieniach szaro\u015bci. MATERIA\u0141 PLANDEKOWY SPRZEDAWANY JEST W ROLKACH LUB METRACH BIE\u017b\u0104CYCH. Gramatura: 450 g\/m2 Szeroko\u015b\u0107 rolki: 150 cm Ochrona [&hellip;]<\/p>\n","protected":false},"featured_media":5409,"template":"","meta":{"_acf_changed":false},"product_cat":[467],"product_tag":[],"class_list":{"0":"post-5405","1":"product","2":"type-product","3":"status-publish","4":"has-post-thumbnail","6":"product_cat-sioen-materialy-kempingowe","7":"pa_kolor-506","8":"pa_kolor-507","9":"pa_kolor-508","11":"first","12":"outofstock","13":"taxable","14":"shipping-taxable","15":"purchasable","16":"product-type-variable","swatches":"rey-swatches","show_selected":""},"acf":[],"_links":{"self":[{"href":"https:\/\/sakoplan.pl\/ru\/wp-json\/wp\/v2\/product\/5405","targetHints":{"allow":["GET"]}}],"collection":[{"href":"https:\/\/sakoplan.pl\/ru\/wp-json\/wp\/v2\/product"}],"about":[{"href":"https:\/\/sakoplan.pl\/ru\/wp-json\/wp\/v2\/types\/product"}],"version-history":[{"count":0,"href":"https:\/\/sakoplan.pl\/ru\/wp-json\/wp\/v2\/product\/5405\/revisions"}],"wp:featuredmedia":[{"embeddable":true,"href":"https:\/\/sakoplan.pl\/ru\/wp-json\/wp\/v2\/media\/5409"}],"wp:attachment":[{"href":"https:\/\/sakoplan.pl\/ru\/wp-json\/wp\/v2\/media?parent=5405"}],"wp:term":[{"taxonomy":"product_cat","embeddable":true,"href":"https:\/\/sakoplan.pl\/ru\/wp-json\/wp\/v2\/product_cat?post=5405"},{"taxonomy":"product_tag","embeddable":true,"href":"https:\/\/sakoplan.pl\/ru\/wp-json\/wp\/v2\/product_tag?post=5405"}],"curies":[{"name":"wp","href":"https:\/\/api.w.org\/{rel}","templated":true}]}}