{"id":5392,"date":"2025-11-10T13:42:55","date_gmt":"2025-11-10T13:42:55","guid":{"rendered":"https:\/\/sakoplan.pl\/?post_type=product&#038;p=5392"},"modified":"2025-11-10T13:49:15","modified_gmt":"2025-11-10T13:49:15","slug":"material-campingowy-tencate-wm-1-280-g-m2-szer-164-cm-kopia","status":"publish","type":"product","link":"https:\/\/sakoplan.pl\/ru\/product\/material-campingowy-tencate-wm-1-280-g-m2-szer-164-cm-kopia\/","title":{"rendered":"Materia\u0142 campingowy \u2013 TENCATE WR-18 240 g\/m2 szer. 164 cm"},"content":{"rendered":"<div class=\"row\">\n<div class=\"col-sm-9\">\n<div class=\"row\">\n<div class=\"col-sm-9\">Materia\u0142 Campingowy najwy\u017cszej jako\u015bci. Seria ALL SEASON TOURING wiod\u0105cego producenta TENCATE. Materia\u0142 WR-18 wykonany jest w 100% z poliestru, powlekany obustronnie AKRYLEM tworz\u0105cym mikroporowat\u0105 powierzchni\u0119. <strong style=\"color: #484f56; font-size: 1.125rem;\">MATERIA\u0141 PLANDEKOWY SPRZEDAWANY JEST W ROLKACH LUB METRACH BIE\u017b\u0104CYCH.<\/strong><\/div>\n<\/div>\n<\/div>\n<\/div>\n<div><\/div>\n<div><\/div>\n<div>\n<p>Materia\u0142 WR-18 wykonany jest w 100% z poliestru,\u00a0\u00a0powlekany obustronnie AKRYLEM tworz\u0105cym\u00a0\u00a0mikroporowat\u0105 powierzchni\u0119. Jest lekki, a jednocze\u015bnie bardzo mocny i wytrzyma\u0142y. Mikroporowata pow\u0142oka akrylowa sprawia, \u017ce \u200b\u200btkanina jest wodoodporna, odporna na warunki atmosferyczne i bardzo trwa\u0142a. Materia\u0142 jest \u0142atwy do czyszczenia i spe\u0142nia najsurowsze wymagania \u015brodowiskowe.<\/p>\n<p><strong>Zastosowanie:<\/strong>\u00a0Materia\u0142y z tej serii doskonale sprawdzaj\u0105\u00a0\u00a0si\u0119 przy produkcji i naprawie przedsionk\u00f3w oraz namiot\u00f3w do przyczep.\u00a0\u00a0Materia\u0142 WR18 to podw\u00f3jnie powlekana tkanina do zastosowa\u0144 na dachach lub \u015bcianach bocznych namiot\u00f3w, gdzie wymagana jest wi\u0119ksza trwa\u0142o\u015b\u0107.<\/p>\n<p>Doskonal sprawdzi si\u0119 tak\u017ce na: Markizy, Namioty rodzinne, Namioty podr\u00f3\u017cne, Namioty przyczepy, Namioty festiwalowe.<\/p>\n<p><strong>Dane techniczne tkaniny:<\/strong><\/p>\n<p><strong>WR-18<\/strong><\/p>\n<p><strong>Materia\u0142:<\/strong>\u00a0100% polyester<\/p>\n<p><strong>Powlekanie:<\/strong>\u00a0akryl<\/p>\n<p><strong>Szeroko\u015b\u0107:<\/strong>\u00a0\u00a0164 cm\/243 cm<\/p>\n<p><strong>Gramatura:<\/strong>\u00a0240 g\/m2<\/p>\n<p>Ochrona UV: \u2714<\/p>\n<p>Odporno\u015b\u0107 na bakterie i grzyby: \u2714<\/p>\n<p><strong>Wytrzyma\u0142o\u015b\u0107 na rozci\u0105ganie<\/strong><\/p>\n<p>Osnowa (5 cm): 140 daN<\/p>\n<p>W\u0105tek (5 cm): 100 daN<\/p>\n<p><strong>Wytrzyma\u0142o\u015b\u0107 na rozrywanie<\/strong><\/p>\n<p>Osnowa (4,3 cm): 2,0 daN<\/p>\n<p>W\u0105tek (4,3 cm): 1,5 daN<\/p>\n<p><strong>Wodoodporno\u015b\u0107:\u00a0\u00a0<\/strong>\u2265 85 cmH2O<\/p>\n<p><strong>Trwa\u0142o\u015b\u0107 kolor\u00f3w i odporno\u015b\u0107 na warunki atmosferyczne:<\/strong>\u00a0\u2265 6 (powlekana strona)<\/p>\n<p>&nbsp;<\/p>\n<p>Potrzebujesz inny kolor lub inny materia\u0142 od TENCATE \u2013 sprowadzimy go specjalnie dla Ciebie! Skontaktuj si\u0119 z nami. Zapewniamy ekspresowe tempo realizacji zam\u00f3wie\u0144 specjalnych.<\/p>\n<\/div>","protected":false},"excerpt":{"rendered":"<p>Materia\u0142 Campingowy najwy\u017cszej jako\u015bci. Seria ALL SEASON TOURING wiod\u0105cego producenta TENCATE. Materia\u0142 WR-18 wykonany jest w 100% z poliestru, powlekany obustronnie AKRYLEM tworz\u0105cym mikroporowat\u0105 powierzchni\u0119. MATERIA\u0141 PLANDEKOWY SPRZEDAWANY JEST W ROLKACH LUB METRACH BIE\u017b\u0104CYCH. Materia\u0142 WR-18 wykonany jest w 100% z poliestru,\u00a0\u00a0powlekany obustronnie AKRYLEM tworz\u0105cym\u00a0\u00a0mikroporowat\u0105 powierzchni\u0119. Jest lekki, a jednocze\u015bnie bardzo mocny i wytrzyma\u0142y. Mikroporowata [&hellip;]<\/p>\n","protected":false},"featured_media":5394,"template":"","meta":{"_acf_changed":false},"product_cat":[466],"product_tag":[],"class_list":{"0":"post-5392","1":"product","2":"type-product","3":"status-publish","4":"has-post-thumbnail","6":"product_cat-tencate","7":"pa_kolor-szary-metalik-silver-77478-metallic","9":"first","10":"outofstock","11":"taxable","12":"shipping-taxable","13":"purchasable","14":"product-type-variable","swatches":"rey-swatches","show_selected":""},"acf":[],"_links":{"self":[{"href":"https:\/\/sakoplan.pl\/ru\/wp-json\/wp\/v2\/product\/5392","targetHints":{"allow":["GET"]}}],"collection":[{"href":"https:\/\/sakoplan.pl\/ru\/wp-json\/wp\/v2\/product"}],"about":[{"href":"https:\/\/sakoplan.pl\/ru\/wp-json\/wp\/v2\/types\/product"}],"version-history":[{"count":0,"href":"https:\/\/sakoplan.pl\/ru\/wp-json\/wp\/v2\/product\/5392\/revisions"}],"wp:featuredmedia":[{"embeddable":true,"href":"https:\/\/sakoplan.pl\/ru\/wp-json\/wp\/v2\/media\/5394"}],"wp:attachment":[{"href":"https:\/\/sakoplan.pl\/ru\/wp-json\/wp\/v2\/media?parent=5392"}],"wp:term":[{"taxonomy":"product_cat","embeddable":true,"href":"https:\/\/sakoplan.pl\/ru\/wp-json\/wp\/v2\/product_cat?post=5392"},{"taxonomy":"product_tag","embeddable":true,"href":"https:\/\/sakoplan.pl\/ru\/wp-json\/wp\/v2\/product_tag?post=5392"}],"curies":[{"name":"wp","href":"https:\/\/api.w.org\/{rel}","templated":true}]}}