{"id":5363,"date":"2025-11-10T13:06:10","date_gmt":"2025-11-10T13:06:10","guid":{"rendered":"https:\/\/sakoplan.pl\/?post_type=product&#038;p=5363"},"modified":"2025-12-15T12:20:00","modified_gmt":"2025-12-15T12:20:00","slug":"tasma-namiotowa-kador-75-mm","status":"publish","type":"product","link":"https:\/\/sakoplan.pl\/ru\/product\/tasma-namiotowa-kador-75-mm\/","title":{"rendered":"Ta\u015bma namiotowa KADOR 7,5 mm"},"content":{"rendered":"<ul>\n<li>\u015arednica zewn\u0119trzna 7,5 mm<\/li>\n<li>Ca\u0142kowita d\u0142ugo\u015b\u0107 skrzyde\u0142ek 30 mm<\/li>\n<li>Ilo\u015b\u0107 skrzyde\u0142ek 2<\/li>\n<li>Szeroko\u015b\u0107 zgrzewu 5 mm<\/li>\n<li>Szer. Skrzyde\u0142ek bez zgrzewu 25 mm<\/li>\n<li>Splot 9 x 9<\/li>\n<li>\u015arednica linki pcv 6,5 mm<\/li>\n<\/ul>\n<p>Ta\u015bmy namiotowe Kador, zwane tak\u017ce Kedra, to jednostronnie powleczona PVC tkanina poliestrowa z zamocowan\u0105 na ko\u0144cu link\u0105, tworz\u0105ca charakterystyczne zgrubienie. Linka otoczona tkanin\u0105 s\u0142u\u017cy do wsuwania w profile namiotowe, a mniejsza szeroko\u015b\u0107 szczelin w por\u00f3wnaniu do \u015brednicy linki uniemo\u017cliwia ich wysuni\u0119cie w kierunku prostopad\u0142ym do profilu.<\/p>\n<p>Tkanina jest powleczona od strony wewn\u0119trznej skrzyde\u0142ek by umo\u017cliwi\u0107 zgrzanie z plandek\u0105, natomiast brak powleczenia na zewn\u0105trz zapewnia odpowiedni po\u015blizg ta\u015bmy potrzebny do wsuni\u0119cia w w\u0105skie otwory w profilach. Opr\u00f3cz typowego zastosowania przy produkcji hal namiotowych, Kadory u\u017cywane s\u0105 do niekt\u00f3rych typ\u00f3w plandek samochodowych, mocowania reklam wielkopowierzchniowych itp.<\/p>","protected":false},"excerpt":{"rendered":"<p>\u015arednica zewn\u0119trzna 7,5 mm Ca\u0142kowita d\u0142ugo\u015b\u0107 skrzyde\u0142ek 30 mm Ilo\u015b\u0107 skrzyde\u0142ek 2 Szeroko\u015b\u0107 zgrzewu 5 mm Szer. Skrzyde\u0142ek bez zgrzewu 25 mm Splot 9 x 9 \u015arednica linki pcv 6,5 mm Ta\u015bmy namiotowe Kador, zwane tak\u017ce Kedra, to jednostronnie powleczona PVC tkanina poliestrowa z zamocowan\u0105 na ko\u0144cu link\u0105, tworz\u0105ca charakterystyczne zgrubienie. Linka otoczona tkanin\u0105 s\u0142u\u017cy [&hellip;]<\/p>\n","protected":false},"featured_media":5364,"template":"","meta":{"_acf_changed":false},"product_cat":[586,464],"product_tag":[],"class_list":{"0":"post-5363","1":"product","2":"type-product","3":"status-publish","4":"has-post-thumbnail","6":"product_cat-okucia-i-akcesoria","7":"product_cat-tasmy-namiotowe-kador","9":"first","10":"instock","11":"taxable","12":"shipping-taxable","13":"purchasable","14":"product-type-simple","swatches":"rey-swatches","show_selected":""},"acf":[],"_links":{"self":[{"href":"https:\/\/sakoplan.pl\/ru\/wp-json\/wp\/v2\/product\/5363","targetHints":{"allow":["GET"]}}],"collection":[{"href":"https:\/\/sakoplan.pl\/ru\/wp-json\/wp\/v2\/product"}],"about":[{"href":"https:\/\/sakoplan.pl\/ru\/wp-json\/wp\/v2\/types\/product"}],"version-history":[{"count":0,"href":"https:\/\/sakoplan.pl\/ru\/wp-json\/wp\/v2\/product\/5363\/revisions"}],"wp:featuredmedia":[{"embeddable":true,"href":"https:\/\/sakoplan.pl\/ru\/wp-json\/wp\/v2\/media\/5364"}],"wp:attachment":[{"href":"https:\/\/sakoplan.pl\/ru\/wp-json\/wp\/v2\/media?parent=5363"}],"wp:term":[{"taxonomy":"product_cat","embeddable":true,"href":"https:\/\/sakoplan.pl\/ru\/wp-json\/wp\/v2\/product_cat?post=5363"},{"taxonomy":"product_tag","embeddable":true,"href":"https:\/\/sakoplan.pl\/ru\/wp-json\/wp\/v2\/product_tag?post=5363"}],"curies":[{"name":"wp","href":"https:\/\/api.w.org\/{rel}","templated":true}]}}