{"id":5347,"date":"2025-11-10T12:41:33","date_gmt":"2025-11-10T12:41:33","guid":{"rendered":"https:\/\/sakoplan.pl\/?post_type=product&#038;p=5347"},"modified":"2025-11-17T11:53:07","modified_gmt":"2025-11-17T11:53:07","slug":"folia-ochronna-do-altanki-05-mm-szer-140-cm","status":"publish","type":"product","link":"https:\/\/sakoplan.pl\/ru\/product\/folia-ochronna-do-altanki-05-mm-szer-140-cm\/","title":{"rendered":"Folia ochronna do altanki 0,5 mm, szer. 140 cm"},"content":{"rendered":"<p>G\u0142adka folia\/plandeka PVC o wysokim stopniu przejrzysto\u015bci. Idealna do zastosowania na zewn\u0105trz. Sprawdza si\u0119 jako ochrona altanek, balkon\u00f3w i ogr\u00f3dk\u00f3w.<\/p>\n<p><strong>Doskonale nadaje si\u0119 do zastosowania w ogrodzie, przepuszcza \u015bwiat\u0142o i jest bardzo wytrzyma\u0142a.<\/strong><\/p>\n<p>&nbsp;<\/p>\n<p><strong>Z uwagi na bardzo du\u017ce zainteresowanie foliami prze\u017aroczystymi, termin realizacji zam\u00f3wie\u0144 detalicznych (materia\u0142 odcinany z rolek) mo\u017ce ulec wyd\u0142u\u017ceniu do 3 dni.<\/strong><\/p>\n<p><strong>Prosimy o wyrozumia\u0142o\u015b\u0107 i cierpliwo\u015b\u0107 &#8211; nasz magazyn pracuje pe\u0142n\u0105 par\u0105 aby zapewni\u0107 Pa\u0144stwu najwy\u017cszej jako\u015bci materia\u0142 dostosowany do Pa\u0144stwa potrzeb.<\/strong><\/p>\n<p>WA\u017bNE: Folia przezroczysta oferuje bardzo wysokie parametry u\u017cytkowe, przy zachowaniu najni\u017cszej ceny na rynku.<\/p>\n<p>&nbsp;<\/p>\n<p>FWP\/05\/140 &#8211; Folia wysokoprzezroczysta<\/p>\n<p>Grubo\u015b\u0107:\u00a0<strong>0,5 mm<\/strong><br \/>\nGramatura:\u00a0<strong>650\u00a0<\/strong><strong>g\/m2<\/strong><br \/>\nSzeroko\u015b\u0107:\u00a0<strong>140 cm<\/strong><br \/>\nNaw\u00f3j:\u00a0<strong>40 mb<\/strong><br \/>\nStopie\u0144 elastyczno\u015bci:\u00a0<strong>48 PHR<\/strong><br \/>\nUniwersalna folia przezroczysta o wysokim wsp\u00f3\u0142czynniku czysto\u015bci i elastyczno\u015bci.<\/p>\n<p>Oferujemy foli\u0119 przezroczyst\u0105 PCV do zastosowania jako ochrona altanek. Posiadamy wersje bez zbrojenia poliestrem (g\u0142adka oraz z nadrukiem kratki) oraz ze zbrojeniem poliestrowym.<\/p>","protected":false},"excerpt":{"rendered":"<p>G\u0142adka folia\/plandeka PVC o wysokim stopniu przejrzysto\u015bci. Idealna do zastosowania na zewn\u0105trz. Sprawdza si\u0119 jako ochrona altanek, balkon\u00f3w i ogr\u00f3dk\u00f3w. Doskonale nadaje si\u0119 do zastosowania w ogrodzie, przepuszcza \u015bwiat\u0142o i jest bardzo wytrzyma\u0142a. &nbsp; Z uwagi na bardzo du\u017ce zainteresowanie foliami prze\u017aroczystymi, termin realizacji zam\u00f3wie\u0144 detalicznych (materia\u0142 odcinany z rolek) mo\u017ce ulec wyd\u0142u\u017ceniu do 3 [&hellip;]<\/p>\n","protected":false},"featured_media":5307,"template":"","meta":{"_acf_changed":false},"product_cat":[660,650,463,630,541],"product_tag":[],"class_list":{"0":"post-5347","1":"product","2":"type-product","3":"status-publish","4":"has-post-thumbnail","6":"product_cat-do-wyrobu-dmuchancow","7":"product_cat-folie-przezroczyste-przemyslowe","8":"product_cat-folie-przezroczyste","9":"product_cat-folie-wysokoprzezroczyste","10":"product_cat-grubosc-ponizej-05-mm","12":"first","13":"instock","14":"taxable","15":"shipping-taxable","16":"purchasable","17":"product-type-variable","swatches":"rey-swatches","show_selected":""},"acf":[],"_links":{"self":[{"href":"https:\/\/sakoplan.pl\/ru\/wp-json\/wp\/v2\/product\/5347","targetHints":{"allow":["GET"]}}],"collection":[{"href":"https:\/\/sakoplan.pl\/ru\/wp-json\/wp\/v2\/product"}],"about":[{"href":"https:\/\/sakoplan.pl\/ru\/wp-json\/wp\/v2\/types\/product"}],"version-history":[{"count":0,"href":"https:\/\/sakoplan.pl\/ru\/wp-json\/wp\/v2\/product\/5347\/revisions"}],"wp:featuredmedia":[{"embeddable":true,"href":"https:\/\/sakoplan.pl\/ru\/wp-json\/wp\/v2\/media\/5307"}],"wp:attachment":[{"href":"https:\/\/sakoplan.pl\/ru\/wp-json\/wp\/v2\/media?parent=5347"}],"wp:term":[{"taxonomy":"product_cat","embeddable":true,"href":"https:\/\/sakoplan.pl\/ru\/wp-json\/wp\/v2\/product_cat?post=5347"},{"taxonomy":"product_tag","embeddable":true,"href":"https:\/\/sakoplan.pl\/ru\/wp-json\/wp\/v2\/product_tag?post=5347"}],"curies":[{"name":"wp","href":"https:\/\/api.w.org\/{rel}","templated":true}]}}