{"id":5268,"date":"2025-11-10T11:02:36","date_gmt":"2025-11-10T11:02:36","guid":{"rendered":"https:\/\/sakoplan.pl\/?post_type=product&#038;p=5268"},"modified":"2025-11-10T11:07:12","modified_gmt":"2025-11-10T11:07:12","slug":"plandeka-antywlamaniowa-protector","status":"publish","type":"product","link":"https:\/\/sakoplan.pl\/ru\/product\/plandeka-antywlamaniowa-protector\/","title":{"rendered":"Plandeka antyw\u0142amaniowa &#8211; PROTECTOR"},"content":{"rendered":"<p>System wielowarstwowej pow\u0142oki mocowanej do plandeki, gdzie g\u0142\u00f3wnym zabezpieczeniem jest g\u0119sta siatka cienkich stalowych drucik\u00f3w.<\/p>\n<p>W zale\u017cno\u015bci od zastosowania sk\u0142ad warstw pow\u0142oki PROTECTOR r\u00f3\u017cni si\u0119, oferuj\u0105c kilka opcji:<\/p>\n<ul>\n<li><strong>TAPE<\/strong>\u00a0\u2013 szybki i wygodny spos\u00f3b monta\u017cu najprostszej wersji za pomoc\u0105 na\u0142o\u017conego specjalnego kleju, daje mo\u017cliwo\u015b\u0107 zastosowania tego rozwi\u0105zania do u\u017cywanych i nowych plandek, mo\u017ce by\u0107 trzymany na magazynie do szybkich zastosowa\u0144 przez producenta nie posiadaj\u0105cego specjalistycznych urz\u0105dze\u0144, ani do\u015bwiadczenia.<\/li>\n<li><strong>PRO<\/strong>\u00a0\u2013 warstwa do bezpo\u015bredniego zgrzewania, do zastosowania tylko do nowych plandek.<\/li>\n<li><strong>ALARM<\/strong>\u00a0\u2013 najbardziej zaawansowana opcja do zgrzewania na nowe plandeki, daj\u0105ca dodatkowo mo\u017cliwo\u015b\u0107 zamocowania alarmu wraz z urz\u0105dzeniami i bateri\u0105.<\/li>\n<li><strong>ROOF<\/strong>\u00a0\u2013 opcja przewidziana do monta\u017cu na dachach naczep, zapewniaj\u0105ca otwieranie dachu, ni\u017csz\u0105 wag\u0119 i ni\u017csze koszty ewentualnych napraw ni\u017c aluminium.<\/li>\n<\/ul>","protected":false},"excerpt":{"rendered":"<p>System wielowarstwowej pow\u0142oki mocowanej do plandeki, gdzie g\u0142\u00f3wnym zabezpieczeniem jest g\u0119sta siatka cienkich stalowych drucik\u00f3w. W zale\u017cno\u015bci od zastosowania sk\u0142ad warstw pow\u0142oki PROTECTOR r\u00f3\u017cni si\u0119, oferuj\u0105c kilka opcji: TAPE\u00a0\u2013 szybki i wygodny spos\u00f3b monta\u017cu najprostszej wersji za pomoc\u0105 na\u0142o\u017conego specjalnego kleju, daje mo\u017cliwo\u015b\u0107 zastosowania tego rozwi\u0105zania do u\u017cywanych i nowych plandek, mo\u017ce by\u0107 trzymany na [&hellip;]<\/p>\n","protected":false},"featured_media":5272,"template":"","meta":{"_acf_changed":false},"product_cat":[452],"product_tag":[],"class_list":{"0":"post-5268","1":"product","2":"type-product","3":"status-publish","4":"has-post-thumbnail","6":"product_cat-antywlamaniowe","8":"first","9":"outofstock","10":"taxable","11":"shipping-taxable","12":"product-type-simple","swatches":"rey-swatches","show_selected":""},"acf":[],"_links":{"self":[{"href":"https:\/\/sakoplan.pl\/ru\/wp-json\/wp\/v2\/product\/5268","targetHints":{"allow":["GET"]}}],"collection":[{"href":"https:\/\/sakoplan.pl\/ru\/wp-json\/wp\/v2\/product"}],"about":[{"href":"https:\/\/sakoplan.pl\/ru\/wp-json\/wp\/v2\/types\/product"}],"version-history":[{"count":0,"href":"https:\/\/sakoplan.pl\/ru\/wp-json\/wp\/v2\/product\/5268\/revisions"}],"wp:featuredmedia":[{"embeddable":true,"href":"https:\/\/sakoplan.pl\/ru\/wp-json\/wp\/v2\/media\/5272"}],"wp:attachment":[{"href":"https:\/\/sakoplan.pl\/ru\/wp-json\/wp\/v2\/media?parent=5268"}],"wp:term":[{"taxonomy":"product_cat","embeddable":true,"href":"https:\/\/sakoplan.pl\/ru\/wp-json\/wp\/v2\/product_cat?post=5268"},{"taxonomy":"product_tag","embeddable":true,"href":"https:\/\/sakoplan.pl\/ru\/wp-json\/wp\/v2\/product_tag?post=5268"}],"curies":[{"name":"wp","href":"https:\/\/api.w.org\/{rel}","templated":true}]}}