{"id":5218,"date":"2025-11-07T10:25:56","date_gmt":"2025-11-07T10:25:56","guid":{"rendered":"https:\/\/sakoplan.pl\/?post_type=product&#038;p=5218"},"modified":"2025-11-17T09:51:46","modified_gmt":"2025-11-17T09:51:46","slug":"folia-zbrojona-trudnopalna-fz509fr-szer-250-cm-oczka-2x2","status":"publish","type":"product","link":"https:\/\/sakoplan.pl\/ru\/product\/folia-zbrojona-trudnopalna-fz509fr-szer-250-cm-oczka-2x2\/","title":{"rendered":"Folia zbrojona trudnopalna FZ509FR, szer. 250 cm ,oczka 2&#215;2"},"content":{"rendered":"<p>Folia prze\u017aroczysta trudnopalna zbrojona siatk\u0105 poliestrow\u0105. Wielko\u015bci oczek siatki: 2&#215;2 mm<\/p>\n<p>&nbsp;<\/p>\n<p>Gramatura: 500 g\/m2<br \/>\nSzeroko\u015b\u0107: 250 cm<br \/>\nNaw\u00f3j: 65 mb<\/p>","protected":false},"excerpt":{"rendered":"<p>Folia prze\u017aroczysta trudnopalna zbrojona siatk\u0105 poliestrow\u0105. Wielko\u015bci oczek siatki: 2&#215;2 mm &nbsp; Gramatura: 500 g\/m2 Szeroko\u015b\u0107: 250 cm Naw\u00f3j: 65 mb<\/p>","protected":false},"featured_media":5225,"template":"","meta":{"_acf_changed":false},"product_cat":[546,267,632],"product_tag":[],"class_list":{"0":"post-5218","1":"product","2":"type-product","3":"status-publish","4":"has-post-thumbnail","6":"product_cat-gramatura-500g-m2","7":"product_cat-sakotex","8":"product_cat-zbojone-trudnopalne","10":"first","11":"instock","12":"taxable","13":"shipping-taxable","14":"purchasable","15":"product-type-variable","swatches":"rey-swatches","show_selected":""},"acf":[],"_links":{"self":[{"href":"https:\/\/sakoplan.pl\/ru\/wp-json\/wp\/v2\/product\/5218","targetHints":{"allow":["GET"]}}],"collection":[{"href":"https:\/\/sakoplan.pl\/ru\/wp-json\/wp\/v2\/product"}],"about":[{"href":"https:\/\/sakoplan.pl\/ru\/wp-json\/wp\/v2\/types\/product"}],"version-history":[{"count":0,"href":"https:\/\/sakoplan.pl\/ru\/wp-json\/wp\/v2\/product\/5218\/revisions"}],"wp:featuredmedia":[{"embeddable":true,"href":"https:\/\/sakoplan.pl\/ru\/wp-json\/wp\/v2\/media\/5225"}],"wp:attachment":[{"href":"https:\/\/sakoplan.pl\/ru\/wp-json\/wp\/v2\/media?parent=5218"}],"wp:term":[{"taxonomy":"product_cat","embeddable":true,"href":"https:\/\/sakoplan.pl\/ru\/wp-json\/wp\/v2\/product_cat?post=5218"},{"taxonomy":"product_tag","embeddable":true,"href":"https:\/\/sakoplan.pl\/ru\/wp-json\/wp\/v2\/product_tag?post=5218"}],"curies":[{"name":"wp","href":"https:\/\/api.w.org\/{rel}","templated":true}]}}