{"id":5148,"date":"2025-11-07T08:38:25","date_gmt":"2025-11-07T08:38:25","guid":{"rendered":"https:\/\/sakoplan.pl\/?post_type=product&#038;p=5148"},"modified":"2025-11-17T11:28:23","modified_gmt":"2025-11-17T11:28:23","slug":"sts1100-pontonowka-1100-g-m2-155-cm","status":"publish","type":"product","link":"https:\/\/sakoplan.pl\/ru\/product\/sts1100-pontonowka-1100-g-m2-155-cm\/","title":{"rendered":"STS1100, ponton\u00f3wka, 1100 g\/m2, 155 cm"},"content":{"rendered":"<p>Materia\u0142 do wyrobu ponton\u00f3w i \u0142odzi dmuchanych, podwy\u017cszone parametry AB i UV. <strong>MATERIA\u0141 PLANDEKOWY SPRZEDAWANY JEST W ROLKACH LUB METRACH BIE\u017b\u0104CYCH.<\/strong><\/p>\n<p>&nbsp;<\/p>\n<p>Gramatura: 1100 g\/m2<\/p>\n<p>Szeroko\u015b\u0107: 155 cm<\/p>\n<p>Naw\u00f3j 50 mb<\/p>","protected":false},"excerpt":{"rendered":"<p>Materia\u0142 do wyrobu ponton\u00f3w i \u0142odzi dmuchanych, podwy\u017cszone parametry AB i UV. MATERIA\u0141 PLANDEKOWY SPRZEDAWANY JEST W ROLKACH LUB METRACH BIE\u017b\u0104CYCH. &nbsp; Gramatura: 1100 g\/m2 Szeroko\u015b\u0107: 155 cm Naw\u00f3j 50 mb<\/p>","protected":false},"featured_media":5151,"template":"","meta":{"_acf_changed":false},"product_cat":[659,263],"product_tag":[],"class_list":{"0":"post-5148","1":"product","2":"type-product","3":"status-publish","4":"has-post-thumbnail","6":"product_cat-do-wyrobu-lodzi-i-pontonow","7":"product_cat-sakoplan-gramatura-powyzej-900-g-m2","8":"pa_kolor-378","9":"pa_kolor-6005-butelkowy","10":"pa_kolor-7037-7024","11":"pa_kolor-59","12":"pa_kolor-62","14":"first","15":"outofstock","16":"taxable","17":"shipping-taxable","18":"purchasable","19":"product-type-variable","swatches":"rey-swatches","show_selected":""},"acf":[],"_links":{"self":[{"href":"https:\/\/sakoplan.pl\/ru\/wp-json\/wp\/v2\/product\/5148","targetHints":{"allow":["GET"]}}],"collection":[{"href":"https:\/\/sakoplan.pl\/ru\/wp-json\/wp\/v2\/product"}],"about":[{"href":"https:\/\/sakoplan.pl\/ru\/wp-json\/wp\/v2\/types\/product"}],"version-history":[{"count":0,"href":"https:\/\/sakoplan.pl\/ru\/wp-json\/wp\/v2\/product\/5148\/revisions"}],"wp:featuredmedia":[{"embeddable":true,"href":"https:\/\/sakoplan.pl\/ru\/wp-json\/wp\/v2\/media\/5151"}],"wp:attachment":[{"href":"https:\/\/sakoplan.pl\/ru\/wp-json\/wp\/v2\/media?parent=5148"}],"wp:term":[{"taxonomy":"product_cat","embeddable":true,"href":"https:\/\/sakoplan.pl\/ru\/wp-json\/wp\/v2\/product_cat?post=5148"},{"taxonomy":"product_tag","embeddable":true,"href":"https:\/\/sakoplan.pl\/ru\/wp-json\/wp\/v2\/product_tag?post=5148"}],"curies":[{"name":"wp","href":"https:\/\/api.w.org\/{rel}","templated":true}]}}