{"id":5131,"date":"2025-11-06T21:08:49","date_gmt":"2025-11-06T21:08:49","guid":{"rendered":"https:\/\/sakoplan.pl\/?post_type=product&#038;p=5131"},"modified":"2025-11-18T10:21:31","modified_gmt":"2025-11-18T10:21:31","slug":"bs900fr-900-g-m2-szer-300-cm-rolka-145-mb-kopia","status":"publish","type":"product","link":"https:\/\/sakoplan.pl\/ru\/product\/bs900fr-900-g-m2-szer-300-cm-rolka-145-mb-kopia\/","title":{"rendered":"BS900FR, 900 g\/m2, szer. 300 cm &#8211; rolka 29 mb"},"content":{"rendered":"<div class=\"row\">\n<div class=\"col-sm-9\">\n<div class=\"row\">\n<div class=\"col-sm-9\">\n<div class=\"row\">\n<div class=\"col-sm-9\">\n<div class=\"row\">\n<div class=\"col-sm-9\">\n<div class=\"row\">\n<div class=\"col-sm-9\">Bardzo wytrzyma\u0142y materia\u0142 plandekowy z grupy produkt\u00f3w\u00a0<strong>SAKOPLAN<\/strong>\u00a0typu PANAMA, lakierowy obustronnie.\u00a0<strong>Materia\u0142 z atestem trudnopalno\u015bci<\/strong>\u00a0<strong>B-s2,d0<\/strong>. <strong>MATERIA\u0141 PLANDEKOWY SPRZEDAWANY JEST W ROLKACH O NAWOJU:\u00a0<\/strong>14,5\/<strong>29<\/strong>\/58<strong>\u00a0MB.<\/strong><\/div>\n<\/div>\n<\/div>\n<\/div>\n<\/div>\n<\/div>\n<\/div>\n<\/div>\n<\/div>\n<\/div>\n<div><\/div>\n<div><\/div>\n<div>\n<p>Gramatura: 900 g\/m2<br \/>\nSzeroko\u015b\u0107: 300 cm<br \/>\nNaw\u00f3j: <strong>29 mb<br \/>\nTrudnopalny: \u2714<\/strong><\/p>\n<div id=\"manufacturer-short_description\">\n<div id=\"manufacturer-short_description\">\n<div id=\"manufacturer-short_description\">\n<div id=\"manufacturer-short_description\">\n<p>Wzorcowy materia\u0142 plandekowy na rynku europejskim<\/p>\n<p><strong>SAKOPLAN<\/strong>\u00a0to linia materia\u0142\u00f3w wprowadzona na rynek przez Sako Expo w 2008 roku. Jest wynikiem 20 lat do\u015bwiadczenia i zdobytej wiedzy w dziedzinie materia\u0142\u00f3w plandekowych.<\/p>\n<\/div>\n<div id=\"manufacturer-description\">\n<p>Od 2016 roku produkcj\u0119 naszej flagowej serii materia\u0142\u00f3w wykonujemy w nowej fabryce wyposa\u017conej w najnowocze\u015bniejsze linie produkcyjne, mog\u0105ce zapewni\u0107 nam nowe, najwy\u017csze parametry technologiczne. W miejscu produkcji pod naszym nadzorem wdro\u017cono know-how parametr\u00f3w sk\u0142adu i wymaga\u0144 dla materia\u0142\u00f3w linii\u00a0<strong>SAKOPLAN<\/strong>.<\/p>\n<\/div>\n<\/div>\n<\/div>\n<\/div>\n<\/div>","protected":false},"excerpt":{"rendered":"<p>Bardzo wytrzyma\u0142y materia\u0142 plandekowy z grupy produkt\u00f3w\u00a0SAKOPLAN\u00a0typu PANAMA, lakierowy obustronnie.\u00a0Materia\u0142 z atestem trudnopalno\u015bci\u00a0B-s2,d0. MATERIA\u0141 PLANDEKOWY SPRZEDAWANY JEST W ROLKACH O NAWOJU:\u00a014,5\/29\/58\u00a0MB. Gramatura: 900 g\/m2 Szeroko\u015b\u0107: 300 cm Naw\u00f3j: 29 mb Trudnopalny: \u2714 Wzorcowy materia\u0142 plandekowy na rynku europejskim SAKOPLAN\u00a0to linia materia\u0142\u00f3w wprowadzona na rynek przez Sako Expo w 2008 roku. Jest wynikiem 20 lat do\u015bwiadczenia [&hellip;]<\/p>\n","protected":false},"featured_media":1844,"template":"","meta":{"_acf_changed":false},"product_cat":[15,656,261,268],"product_tag":[],"class_list":{"0":"post-5131","1":"product","2":"type-product","3":"status-publish","4":"has-post-thumbnail","6":"product_cat-materialy-namiotowe","7":"product_cat-material-na-hale-namiotowe","8":"product_cat-sakoplan-gramatura-900-g-m2","9":"product_cat-sakoplan-trudnopalne","10":"pa_kolor-63","12":"first","13":"instock","14":"taxable","15":"shipping-taxable","16":"purchasable","17":"product-type-simple","swatches":"rey-swatches","show_selected":""},"acf":[],"_links":{"self":[{"href":"https:\/\/sakoplan.pl\/ru\/wp-json\/wp\/v2\/product\/5131","targetHints":{"allow":["GET"]}}],"collection":[{"href":"https:\/\/sakoplan.pl\/ru\/wp-json\/wp\/v2\/product"}],"about":[{"href":"https:\/\/sakoplan.pl\/ru\/wp-json\/wp\/v2\/types\/product"}],"version-history":[{"count":0,"href":"https:\/\/sakoplan.pl\/ru\/wp-json\/wp\/v2\/product\/5131\/revisions"}],"wp:featuredmedia":[{"embeddable":true,"href":"https:\/\/sakoplan.pl\/ru\/wp-json\/wp\/v2\/media\/1844"}],"wp:attachment":[{"href":"https:\/\/sakoplan.pl\/ru\/wp-json\/wp\/v2\/media?parent=5131"}],"wp:term":[{"taxonomy":"product_cat","embeddable":true,"href":"https:\/\/sakoplan.pl\/ru\/wp-json\/wp\/v2\/product_cat?post=5131"},{"taxonomy":"product_tag","embeddable":true,"href":"https:\/\/sakoplan.pl\/ru\/wp-json\/wp\/v2\/product_tag?post=5131"}],"curies":[{"name":"wp","href":"https:\/\/api.w.org\/{rel}","templated":true}]}}