{"id":5124,"date":"2025-11-06T21:00:55","date_gmt":"2025-11-06T21:00:55","guid":{"rendered":"https:\/\/sakoplan.pl\/?post_type=product&#038;p=5124"},"modified":"2025-11-18T10:19:49","modified_gmt":"2025-11-18T10:19:49","slug":"bs900sl-900-g-m2-szer-300-cm-rolka-29-mb","status":"publish","type":"product","link":"https:\/\/sakoplan.pl\/ru\/product\/bs900sl-900-g-m2-szer-300-cm-rolka-29-mb\/","title":{"rendered":"BS900SL, 900 g\/m2, szer. 300 cm &#8211; rolka 29 mb"},"content":{"rendered":"<div class=\"row\">\n<div class=\"col-sm-9\">\n<div class=\"row\">\n<div class=\"col-sm-9\">Bardzo wytrzyma\u0142y materia\u0142 plandekowy z grupy produkt\u00f3w\u00a0<strong>SAKOPLAN<\/strong>\u00a0typu PANAMA, lakierowy\u00a0<strong>jednostronnie<\/strong>. <strong style=\"color: #484f56; font-size: 1.125rem;\">MATERIA\u0141 PLANDEKOWY SPRZEDAWANY JEST W ROLKACH O NAWOJU:\u00a0<\/strong><span style=\"color: #484f56; font-size: 1.125rem;\">14,5\/<\/span><strong style=\"color: #484f56; font-size: 1.125rem;\">29<\/strong><span style=\"color: #484f56; font-size: 1.125rem;\">\/58<\/span><strong style=\"color: #484f56; font-size: 1.125rem;\">\u00a0MB.<\/strong><\/div>\n<\/div>\n<\/div>\n<\/div>\n<div><\/div>\n<div><\/div>\n<div>\n<p>Gramatura: 900 g\/m2<br \/>\nSzeroko\u015b\u0107: 300 cm<br \/>\nNaw\u00f3j:\u00a0<strong>29\u00a0mb<\/strong><\/p>\n<div id=\"manufacturer-short_description\">\n<p>Wzorcowy materia\u0142 plandekowy na rynku europejskim<\/p>\n<p><strong>SAKOPLAN<\/strong>\u00a0to linia materia\u0142\u00f3w wprowadzona na rynek przez Sako Expo w 2008 roku. Jest wynikiem 20 lat do\u015bwiadczenia i zdobytej wiedzy w dziedzinie materia\u0142\u00f3w plandekowych.<\/p>\n<\/div>\n<div id=\"manufacturer-description\">\n<p>Od 2016 roku produkcj\u0119 naszej flagowej serii materia\u0142\u00f3w wykonujemy w nowej fabryce wyposa\u017conej w najnowocze\u015bniejsze linie produkcyjne, mog\u0105ce zapewni\u0107 nam nowe, najwy\u017csze parametry technologiczne. W miejscu produkcji pod naszym nadzorem wdro\u017cono know-how parametr\u00f3w sk\u0142adu i wymaga\u0144 dla materia\u0142\u00f3w linii\u00a0<strong>SAKOPLAN<\/strong>.<\/p>\n<\/div>\n<\/div>","protected":false},"excerpt":{"rendered":"<p>Bardzo wytrzyma\u0142y materia\u0142 plandekowy z grupy produkt\u00f3w\u00a0SAKOPLAN\u00a0typu PANAMA, lakierowy\u00a0jednostronnie. MATERIA\u0141 PLANDEKOWY SPRZEDAWANY JEST W ROLKACH O NAWOJU:\u00a014,5\/29\/58\u00a0MB. Gramatura: 900 g\/m2 Szeroko\u015b\u0107: 300 cm Naw\u00f3j:\u00a029\u00a0mb Wzorcowy materia\u0142 plandekowy na rynku europejskim SAKOPLAN\u00a0to linia materia\u0142\u00f3w wprowadzona na rynek przez Sako Expo w 2008 roku. Jest wynikiem 20 lat do\u015bwiadczenia i zdobytej wiedzy w dziedzinie materia\u0142\u00f3w plandekowych. Od [&hellip;]<\/p>\n","protected":false},"featured_media":4418,"template":"","meta":{"_acf_changed":false},"product_cat":[15,660,261],"product_tag":[],"class_list":{"0":"post-5124","1":"product","2":"type-product","3":"status-publish","4":"has-post-thumbnail","6":"product_cat-materialy-namiotowe","7":"product_cat-do-wyrobu-dmuchancow","8":"product_cat-sakoplan-gramatura-900-g-m2","9":"pa_kolor-7500-srebro","11":"first","12":"instock","13":"taxable","14":"shipping-taxable","15":"purchasable","16":"product-type-simple","swatches":"rey-swatches","show_selected":""},"acf":[],"_links":{"self":[{"href":"https:\/\/sakoplan.pl\/ru\/wp-json\/wp\/v2\/product\/5124","targetHints":{"allow":["GET"]}}],"collection":[{"href":"https:\/\/sakoplan.pl\/ru\/wp-json\/wp\/v2\/product"}],"about":[{"href":"https:\/\/sakoplan.pl\/ru\/wp-json\/wp\/v2\/types\/product"}],"version-history":[{"count":0,"href":"https:\/\/sakoplan.pl\/ru\/wp-json\/wp\/v2\/product\/5124\/revisions"}],"wp:featuredmedia":[{"embeddable":true,"href":"https:\/\/sakoplan.pl\/ru\/wp-json\/wp\/v2\/media\/4418"}],"wp:attachment":[{"href":"https:\/\/sakoplan.pl\/ru\/wp-json\/wp\/v2\/media?parent=5124"}],"wp:term":[{"taxonomy":"product_cat","embeddable":true,"href":"https:\/\/sakoplan.pl\/ru\/wp-json\/wp\/v2\/product_cat?post=5124"},{"taxonomy":"product_tag","embeddable":true,"href":"https:\/\/sakoplan.pl\/ru\/wp-json\/wp\/v2\/product_tag?post=5124"}],"curies":[{"name":"wp","href":"https:\/\/api.w.org\/{rel}","templated":true}]}}