{"id":5116,"date":"2025-11-06T20:04:17","date_gmt":"2025-11-06T20:04:17","guid":{"rendered":"https:\/\/sakoplan.pl\/?post_type=product&#038;p=5116"},"modified":"2025-11-17T10:39:16","modified_gmt":"2025-11-17T10:39:16","slug":"b6134-900-g-m2-szer-300-cm-rolka-60mb","status":"publish","type":"product","link":"https:\/\/sakoplan.pl\/ru\/product\/b6134-900-g-m2-szer-300-cm-rolka-60mb\/","title":{"rendered":"B6134, 900 g\/m2, szer. 300 cm &#8211; rolka 60mb"},"content":{"rendered":"<div class=\"col-sm-9\">Materia\u0142 obustronnie powleczony PVC, lakierowany, po\u0142ysk obustronnie. Splot podw\u00f3jny &#8211; nazwa materia\u0142u: Panama. <strong>MATERIA\u0141 PLANDEKOWY SPRZEDAWANY JEST W ROLKACH O NAWOJU 60 MB<\/strong><\/div>\n<div><\/div>\n<div>Gramatura: 900 g\/m2<br \/>\nSzeroko\u015b\u0107: 300 cm<br \/>\nNaw\u00f3j:\u00a060 mb<br \/>\nTrudnopalny: \u2714<\/div>","protected":false},"excerpt":{"rendered":"<p>Materia\u0142 obustronnie powleczony PVC, lakierowany, po\u0142ysk obustronnie. Splot podw\u00f3jny &#8211; nazwa materia\u0142u: Panama. MATERIA\u0141 PLANDEKOWY SPRZEDAWANY JEST W ROLKACH O NAWOJU 60 MB Gramatura: 900 g\/m2 Szeroko\u015b\u0107: 300 cm Naw\u00f3j:\u00a060 mb Trudnopalny: \u2714<\/p>","protected":false},"featured_media":5117,"template":"","meta":{"_acf_changed":false},"product_cat":[654,262],"product_tag":[],"class_list":{"0":"post-5116","1":"product","2":"type-product","3":"status-publish","4":"has-post-thumbnail","6":"product_cat-materialy-na-zapory-przeciwpowodziowe","7":"product_cat-sioen-gramatura-900-g-m2","8":"pa_kolor-387","10":"first","11":"outofstock","12":"taxable","13":"shipping-taxable","14":"purchasable","15":"product-type-simple","swatches":"rey-swatches","show_selected":""},"acf":[],"_links":{"self":[{"href":"https:\/\/sakoplan.pl\/ru\/wp-json\/wp\/v2\/product\/5116","targetHints":{"allow":["GET"]}}],"collection":[{"href":"https:\/\/sakoplan.pl\/ru\/wp-json\/wp\/v2\/product"}],"about":[{"href":"https:\/\/sakoplan.pl\/ru\/wp-json\/wp\/v2\/types\/product"}],"version-history":[{"count":0,"href":"https:\/\/sakoplan.pl\/ru\/wp-json\/wp\/v2\/product\/5116\/revisions"}],"wp:featuredmedia":[{"embeddable":true,"href":"https:\/\/sakoplan.pl\/ru\/wp-json\/wp\/v2\/media\/5117"}],"wp:attachment":[{"href":"https:\/\/sakoplan.pl\/ru\/wp-json\/wp\/v2\/media?parent=5116"}],"wp:term":[{"taxonomy":"product_cat","embeddable":true,"href":"https:\/\/sakoplan.pl\/ru\/wp-json\/wp\/v2\/product_cat?post=5116"},{"taxonomy":"product_tag","embeddable":true,"href":"https:\/\/sakoplan.pl\/ru\/wp-json\/wp\/v2\/product_tag?post=5116"}],"curies":[{"name":"wp","href":"https:\/\/api.w.org\/{rel}","templated":true}]}}