{"id":5006,"date":"2025-11-06T18:00:08","date_gmt":"2025-11-06T18:00:08","guid":{"rendered":"https:\/\/sakoplan.pl\/?post_type=product&#038;p=5006"},"modified":"2025-11-18T09:20:14","modified_gmt":"2025-11-18T09:20:14","slug":"b6000-900-g-m2-szer-300-cm-rolka-58-mb","status":"publish","type":"product","link":"https:\/\/sakoplan.pl\/ru\/product\/b6000-900-g-m2-szer-300-cm-rolka-58-mb\/","title":{"rendered":"B6000, 900 g\/m2, szer. 300 cm &#8211; rolka 58 mb"},"content":{"rendered":"<p>Materia\u0142 obustronnie powleczony PVC, lakierowany, po\u0142ysk obustronnie. Splot podw\u00f3jny &#8211; nazwa materia\u0142u: Panama. <strong>MATERIA\u0141 MATERIA\u0141 PLANDEKOWY SPRZEDAWANY JEST W ROLKACH O NAWOJU:\u00a014,5\/29\/58 MB<\/strong><\/p>\n<p>&nbsp;<\/p>\n<p>Gramatura: 900 g\/m2<br \/>\nSzeroko\u015b\u0107: 300 cm<br \/>\nNaw\u00f3j:\u00a0<strong>58 mb<\/strong><\/p>","protected":false},"excerpt":{"rendered":"<p>Materia\u0142 obustronnie powleczony PVC, lakierowany, po\u0142ysk obustronnie. Splot podw\u00f3jny &#8211; nazwa materia\u0142u: Panama. MATERIA\u0141 MATERIA\u0141 PLANDEKOWY SPRZEDAWANY JEST W ROLKACH O NAWOJU:\u00a014,5\/29\/58 MB &nbsp; Gramatura: 900 g\/m2 Szeroko\u015b\u0107: 300 cm Naw\u00f3j:\u00a058 mb<\/p>","protected":false},"featured_media":4591,"template":"","meta":{"_acf_changed":false},"product_cat":[660,651,262],"product_tag":[],"class_list":{"0":"post-5006","1":"product","2":"type-product","3":"status-publish","4":"has-post-thumbnail","6":"product_cat-do-wyrobu-dmuchancow","7":"product_cat-na-bramy-przemyslowe","8":"product_cat-sioen-gramatura-900-g-m2","9":"pa_kolor-1003-1014-miodowy","10":"pa_kolor-327","11":"pa_kolor-322","12":"pa_kolor-378","13":"pa_kolor-299","14":"pa_kolor-379","15":"pa_kolor-328","16":"pa_kolor-1622-1013","17":"pa_kolor-3001-burgund","18":"pa_kolor-3002-karmirowy","19":"pa_kolor-3015-rubinowy","20":"pa_kolor-306","21":"pa_kolor-387","22":"pa_kolor-334","23":"pa_kolor-3056-oranz","24":"pa_kolor-380","25":"pa_kolor-307","26":"pa_kolor-5003-szafirowy","27":"pa_kolor-5004-kobaltowy","28":"pa_kolor-301","29":"pa_kolor-338","30":"pa_kolor-308","31":"pa_kolor-381","32":"pa_kolor-339","33":"pa_kolor-309","34":"pa_kolor-382","35":"pa_kolor-5063-chabrowy","36":"pa_kolor-6001-szmaragdowy","37":"pa_kolor-342","38":"pa_kolor-6018-groszek","39":"pa_kolor-343","40":"pa_kolor-312","41":"pa_kolor-7001-ral-7038","42":"pa_kolor-344","43":"pa_kolor-345","44":"pa_kolor-7024-7037","45":"pa_kolor-384","46":"pa_kolor-385","47":"pa_kolor-7244-7043-melanz","48":"pa_kolor-7340-ral7016-antracyt","49":"pa_kolor-7500-srebro","50":"pa_kolor-7999-ral-9005","51":"pa_kolor-302","53":"first","54":"instock","55":"taxable","56":"shipping-taxable","57":"purchasable","58":"product-type-variable","swatches":"rey-swatches","show_selected":""},"acf":[],"_links":{"self":[{"href":"https:\/\/sakoplan.pl\/ru\/wp-json\/wp\/v2\/product\/5006","targetHints":{"allow":["GET"]}}],"collection":[{"href":"https:\/\/sakoplan.pl\/ru\/wp-json\/wp\/v2\/product"}],"about":[{"href":"https:\/\/sakoplan.pl\/ru\/wp-json\/wp\/v2\/types\/product"}],"version-history":[{"count":0,"href":"https:\/\/sakoplan.pl\/ru\/wp-json\/wp\/v2\/product\/5006\/revisions"}],"wp:featuredmedia":[{"embeddable":true,"href":"https:\/\/sakoplan.pl\/ru\/wp-json\/wp\/v2\/media\/4591"}],"wp:attachment":[{"href":"https:\/\/sakoplan.pl\/ru\/wp-json\/wp\/v2\/media?parent=5006"}],"wp:term":[{"taxonomy":"product_cat","embeddable":true,"href":"https:\/\/sakoplan.pl\/ru\/wp-json\/wp\/v2\/product_cat?post=5006"},{"taxonomy":"product_tag","embeddable":true,"href":"https:\/\/sakoplan.pl\/ru\/wp-json\/wp\/v2\/product_tag?post=5006"}],"curies":[{"name":"wp","href":"https:\/\/api.w.org\/{rel}","templated":true}]}}