{"id":4738,"date":"2025-11-06T10:12:33","date_gmt":"2025-11-06T10:12:33","guid":{"rendered":"https:\/\/sakoplan.pl\/?post_type=product&#038;p=4738"},"modified":"2025-11-17T11:40:20","modified_gmt":"2025-11-17T11:40:20","slug":"b9000-680-g-m2-szer-275-cm","status":"publish","type":"product","link":"https:\/\/sakoplan.pl\/ru\/product\/b9000-680-g-m2-szer-275-cm\/","title":{"rendered":"B9000, 680 g\/m2, szer. 275 cm"},"content":{"rendered":"<p>Materia\u0142 obustronnie powleczony PVC, lakierowany po\u0142ysk z obydwu stron. Dost\u0119pnych kilka szeroko\u015bci. <strong>MATERIA\u0141 PLANDEKOWY SPRZEDAWANY JEST W ROLKACH LUB METRACH BIE\u017b\u0104CYCH.<\/strong><\/p>\n<p>&nbsp;<\/p>\n<p>Gramatura: 680 g\/m2<br \/>\nNaw\u00f3j: 65 mb<br \/>\nSzeroko\u015b\u0107: 275 cm<\/p>\n<p>Kolory: bia\u0142y (9002), srebrny (7500), szary (7003), zielony (6001)<\/p>","protected":false},"excerpt":{"rendered":"<p>Materia\u0142 obustronnie powleczony PVC, lakierowany po\u0142ysk z obydwu stron. Dost\u0119pnych kilka szeroko\u015bci. MATERIA\u0141 PLANDEKOWY SPRZEDAWANY JEST W ROLKACH LUB METRACH BIE\u017b\u0104CYCH. &nbsp; Gramatura: 680 g\/m2 Naw\u00f3j: 65 mb Szeroko\u015b\u0107: 275 cm Kolory: bia\u0142y (9002), srebrny (7500), szary (7003), zielony (6001)<\/p>","protected":false},"featured_media":4740,"template":"","meta":{"_acf_changed":false},"product_cat":[660,260],"product_tag":[],"class_list":{"0":"post-4738","1":"product","2":"type-product","3":"status-publish","4":"has-post-thumbnail","6":"product_cat-do-wyrobu-dmuchancow","7":"product_cat-sioen-gramatura-680-g-m2","8":"pa_kolor-7500-srebro","9":"pa_kolor-302","11":"first","12":"instock","13":"taxable","14":"shipping-taxable","15":"purchasable","16":"product-type-variable","swatches":"rey-swatches","show_selected":""},"acf":[],"_links":{"self":[{"href":"https:\/\/sakoplan.pl\/ru\/wp-json\/wp\/v2\/product\/4738","targetHints":{"allow":["GET"]}}],"collection":[{"href":"https:\/\/sakoplan.pl\/ru\/wp-json\/wp\/v2\/product"}],"about":[{"href":"https:\/\/sakoplan.pl\/ru\/wp-json\/wp\/v2\/types\/product"}],"version-history":[{"count":0,"href":"https:\/\/sakoplan.pl\/ru\/wp-json\/wp\/v2\/product\/4738\/revisions"}],"wp:featuredmedia":[{"embeddable":true,"href":"https:\/\/sakoplan.pl\/ru\/wp-json\/wp\/v2\/media\/4740"}],"wp:attachment":[{"href":"https:\/\/sakoplan.pl\/ru\/wp-json\/wp\/v2\/media?parent=4738"}],"wp:term":[{"taxonomy":"product_cat","embeddable":true,"href":"https:\/\/sakoplan.pl\/ru\/wp-json\/wp\/v2\/product_cat?post=4738"},{"taxonomy":"product_tag","embeddable":true,"href":"https:\/\/sakoplan.pl\/ru\/wp-json\/wp\/v2\/product_tag?post=4738"}],"curies":[{"name":"wp","href":"https:\/\/api.w.org\/{rel}","templated":true}]}}