{"id":4562,"date":"2025-11-05T16:59:07","date_gmt":"2025-11-05T16:59:07","guid":{"rendered":"https:\/\/sakoplan.pl\/?post_type=product&#038;p=4562"},"modified":"2025-11-17T10:43:30","modified_gmt":"2025-11-17T10:43:30","slug":"bsm650fr-iso-650-g-m2-szer-250-cm","status":"publish","type":"product","link":"https:\/\/sakoplan.pl\/ru\/product\/bsm650fr-iso-650-g-m2-szer-250-cm\/","title":{"rendered":"BSM650FR ISO 650 g\/m2, szer. 250 cm"},"content":{"rendered":"<p>Materia\u0142 plandekowy\u00a0z grupy produkt\u00f3w\u00a0<strong>SAKOPLAN<\/strong>\u00a0przeznaczony do produkcji plandek i pow\u0142ok wojskowych, po &#8220;prawej&#8221; stronie lakierowany matowo, antyrefleksyjnie z atestem wytrzyma\u0142o\u015bci.<br \/>\nOferowany w kolorze khaki 6987 , posiada atesty niepalno\u015bci (B1 i ITB). <strong>MATERIA\u0141 PLANDEKOWY SPRZEDAWANY JEST W ROLKACH LUB METRACH BIE\u017b\u0104CYCH.<\/strong><\/p>\n<p>&nbsp;<\/p>\n<p>Gramatura: 650 g\/m2<br \/>\nSzeroko\u015b\u0107: 250 cm<br \/>\nNaw\u00f3j: 65 mb<\/p>\n<div id=\"manufacturer-short_description\">\n<p><strong>SAKOPLAN<\/strong>\u00a0to linia materia\u0142\u00f3w wprowadzona na rynek przez Sako Expo w 2008 roku. Jest wynikiem 20 lat do\u015bwiadczenia i zdobytej wiedzy w dziedzinie materia\u0142\u00f3w plandekowych.<\/p>\n<\/div>\n<div id=\"manufacturer-description\">\n<p>Od 2016 roku produkcj\u0119 naszej flagowej serii materia\u0142\u00f3w wykonujemy w nowej fabryce wyposa\u017conej w najnowocze\u015bniejsze linie produkcyjne, mog\u0105ce zapewni\u0107 nam nowe, najwy\u017csze parametry technologiczne. W miejscu produkcji pod naszym nadzorem wdro\u017cono know-how parametr\u00f3w sk\u0142adu i wymaga\u0144 dla materia\u0142\u00f3w linii\u00a0<strong>SAKOPLAN<\/strong>.<\/p>\n<\/div>","protected":false},"excerpt":{"rendered":"<p>Materia\u0142 plandekowy\u00a0z grupy produkt\u00f3w\u00a0SAKOPLAN\u00a0przeznaczony do produkcji plandek i pow\u0142ok wojskowych, po &#8220;prawej&#8221; stronie lakierowany matowo, antyrefleksyjnie z atestem wytrzyma\u0142o\u015bci. Oferowany w kolorze khaki 6987 , posiada atesty niepalno\u015bci (B1 i ITB). MATERIA\u0141 PLANDEKOWY SPRZEDAWANY JEST W ROLKACH LUB METRACH BIE\u017b\u0104CYCH. &nbsp; Gramatura: 650 g\/m2 Szeroko\u015b\u0107: 250 cm Naw\u00f3j: 65 mb SAKOPLAN\u00a0to linia materia\u0142\u00f3w wprowadzona na [&hellip;]<\/p>\n","protected":false},"featured_media":4557,"template":"","meta":{"_acf_changed":false},"product_cat":[656,71,258,268],"product_tag":[],"class_list":{"0":"post-4562","1":"product","2":"type-product","3":"status-publish","4":"has-post-thumbnail","6":"product_cat-material-na-hale-namiotowe","7":"product_cat-pokrycie-zewnetrzne","8":"product_cat-sakoplan-650-g-m2","9":"product_cat-sakoplan-trudnopalne","10":"pa_kolor-6987-nato-green-khaki","12":"first","13":"outofstock","14":"taxable","15":"shipping-taxable","16":"purchasable","17":"product-type-variable","swatches":"rey-swatches","show_selected":""},"acf":[],"_links":{"self":[{"href":"https:\/\/sakoplan.pl\/ru\/wp-json\/wp\/v2\/product\/4562","targetHints":{"allow":["GET"]}}],"collection":[{"href":"https:\/\/sakoplan.pl\/ru\/wp-json\/wp\/v2\/product"}],"about":[{"href":"https:\/\/sakoplan.pl\/ru\/wp-json\/wp\/v2\/types\/product"}],"version-history":[{"count":0,"href":"https:\/\/sakoplan.pl\/ru\/wp-json\/wp\/v2\/product\/4562\/revisions"}],"wp:featuredmedia":[{"embeddable":true,"href":"https:\/\/sakoplan.pl\/ru\/wp-json\/wp\/v2\/media\/4557"}],"wp:attachment":[{"href":"https:\/\/sakoplan.pl\/ru\/wp-json\/wp\/v2\/media?parent=4562"}],"wp:term":[{"taxonomy":"product_cat","embeddable":true,"href":"https:\/\/sakoplan.pl\/ru\/wp-json\/wp\/v2\/product_cat?post=4562"},{"taxonomy":"product_tag","embeddable":true,"href":"https:\/\/sakoplan.pl\/ru\/wp-json\/wp\/v2\/product_tag?post=4562"}],"curies":[{"name":"wp","href":"https:\/\/api.w.org\/{rel}","templated":true}]}}