{"id":4352,"date":"2025-11-05T11:07:39","date_gmt":"2025-11-05T11:07:39","guid":{"rendered":"https:\/\/sakoplan.pl\/?post_type=product&#038;p=4352"},"modified":"2025-11-10T11:21:35","modified_gmt":"2025-11-10T11:21:35","slug":"sak600-600-g-m2-szer-250-cm","status":"publish","type":"product","link":"https:\/\/sakoplan.pl\/ru\/product\/sak600-600-g-m2-szer-250-cm\/","title":{"rendered":"SAK600, 600 g\/m2, szer. 250 cm"},"content":{"rendered":"<p>Lekki materia\u0142 powlekany PVC. Doskonale nadaje si\u0119 na ma\u0142e przyczepki, zadaszenia oraz wszelkiego rodzaju p\u0142achty. Szeroko stosowany na kotary i boki namiot\u00f3w. Wyko\u0144czenie powierzchni &#8211; po\u0142ysk. Wersja bez lakieru. Ekonomiczny materia\u0142 w szeroko\u015bci 250 cm i du\u017cych nawojach &#8211; 80 mb. <strong>MATERIA\u0141 PLANDEKOWY SPRZEDAWANY JEST W ROLKACH LUB METRACH BIE\u017b\u0104CYCH.<\/strong><\/p>\n<p>&nbsp;<\/p>\n<p>Gramatura: 600 g\/m2<\/p>\n<p>Szeroko\u015b\u0107: 250 cm<br \/>\nNaw\u00f3j:\u00a080 mb<\/p>","protected":false},"excerpt":{"rendered":"<p>Lekki materia\u0142 powlekany PVC. Doskonale nadaje si\u0119 na ma\u0142e przyczepki, zadaszenia oraz wszelkiego rodzaju p\u0142achty. Szeroko stosowany na kotary i boki namiot\u00f3w. Wyko\u0144czenie powierzchni &#8211; po\u0142ysk. Wersja bez lakieru. Ekonomiczny materia\u0142 w szeroko\u015bci 250 cm i du\u017cych nawojach &#8211; 80 mb. MATERIA\u0141 PLANDEKOWY SPRZEDAWANY JEST W ROLKACH LUB METRACH BIE\u017b\u0104CYCH. &nbsp; Gramatura: 600 g\/m2 Szeroko\u015b\u0107: [&hellip;]<\/p>\n","protected":false},"featured_media":4364,"template":"","meta":{"_acf_changed":false},"product_cat":[71,253],"product_tag":[],"class_list":{"0":"post-4352","1":"product","2":"type-product","3":"status-publish","4":"has-post-thumbnail","6":"product_cat-pokrycie-zewnetrzne","7":"product_cat-sakotex-gramatura-ponizej-630-g-m2","8":"pa_kolor-5002-ultramaryna","9":"pa_kolor-59","11":"first","12":"instock","13":"taxable","14":"shipping-taxable","15":"purchasable","16":"product-type-variable","swatches":"rey-swatches","show_selected":""},"acf":[],"_links":{"self":[{"href":"https:\/\/sakoplan.pl\/ru\/wp-json\/wp\/v2\/product\/4352","targetHints":{"allow":["GET"]}}],"collection":[{"href":"https:\/\/sakoplan.pl\/ru\/wp-json\/wp\/v2\/product"}],"about":[{"href":"https:\/\/sakoplan.pl\/ru\/wp-json\/wp\/v2\/types\/product"}],"version-history":[{"count":0,"href":"https:\/\/sakoplan.pl\/ru\/wp-json\/wp\/v2\/product\/4352\/revisions"}],"wp:featuredmedia":[{"embeddable":true,"href":"https:\/\/sakoplan.pl\/ru\/wp-json\/wp\/v2\/media\/4364"}],"wp:attachment":[{"href":"https:\/\/sakoplan.pl\/ru\/wp-json\/wp\/v2\/media?parent=4352"}],"wp:term":[{"taxonomy":"product_cat","embeddable":true,"href":"https:\/\/sakoplan.pl\/ru\/wp-json\/wp\/v2\/product_cat?post=4352"},{"taxonomy":"product_tag","embeddable":true,"href":"https:\/\/sakoplan.pl\/ru\/wp-json\/wp\/v2\/product_tag?post=4352"}],"curies":[{"name":"wp","href":"https:\/\/api.w.org\/{rel}","templated":true}]}}