{"id":4348,"date":"2025-11-05T10:29:26","date_gmt":"2025-11-05T10:29:26","guid":{"rendered":"https:\/\/sakoplan.pl\/?post_type=product&#038;p=4348"},"modified":"2025-11-10T11:22:50","modified_gmt":"2025-11-10T11:22:50","slug":"sak600-fr-600-g-m2-szer-250-cm","status":"publish","type":"product","link":"https:\/\/sakoplan.pl\/ru\/product\/sak600-fr-600-g-m2-szer-250-cm\/","title":{"rendered":"SAK600 FR, 600 g\/m2, szer. 250 cm"},"content":{"rendered":"<p>Lekki materia\u0142 powlekany PVC. Doskonale nadaje si\u0119 na ma\u0142e przyczepki, zadaszenia oraz wszelkiego rodzaju p\u0142achty. Szeroko stosowany na kotary i boki namiot\u00f3w. Wyko\u0144czenie powierzchni &#8211; po\u0142ysk. Wersja bez lakieru. Semi-powlekany. Ekonomiczny materia\u0142 posiadaj\u0105cy atesty trudnopalno\u015bci. <strong>MATERIA\u0141 PLANDEKOWY SPRZEDAWANY JEST W ROLKACH LUB METRACH BIE\u017b\u0104CYCH.<\/strong><\/p>\n<p>&nbsp;<\/p>\n<p>Gramatura: 600 g\/m2<\/p>\n<p>Szeroko\u015b\u0107: 250 cm<br \/>\nNaw\u00f3j: 65\u00a0mb<\/p>","protected":false},"excerpt":{"rendered":"<p>Lekki materia\u0142 powlekany PVC. Doskonale nadaje si\u0119 na ma\u0142e przyczepki, zadaszenia oraz wszelkiego rodzaju p\u0142achty. Szeroko stosowany na kotary i boki namiot\u00f3w. Wyko\u0144czenie powierzchni &#8211; po\u0142ysk. Wersja bez lakieru. Semi-powlekany. Ekonomiczny materia\u0142 posiadaj\u0105cy atesty trudnopalno\u015bci. MATERIA\u0141 PLANDEKOWY SPRZEDAWANY JEST W ROLKACH LUB METRACH BIE\u017b\u0104CYCH. &nbsp; Gramatura: 600 g\/m2 Szeroko\u015b\u0107: 250 cm Naw\u00f3j: 65\u00a0mb<\/p>","protected":false},"featured_media":1844,"template":"","meta":{"_acf_changed":false},"product_cat":[71,253],"product_tag":[],"class_list":{"0":"post-4348","1":"product","2":"type-product","3":"status-publish","4":"has-post-thumbnail","6":"product_cat-pokrycie-zewnetrzne","7":"product_cat-sakotex-gramatura-ponizej-630-g-m2","8":"pa_kolor-63","10":"first","11":"instock","12":"taxable","13":"shipping-taxable","14":"purchasable","15":"product-type-variable","swatches":"rey-swatches","show_selected":""},"acf":[],"_links":{"self":[{"href":"https:\/\/sakoplan.pl\/ru\/wp-json\/wp\/v2\/product\/4348","targetHints":{"allow":["GET"]}}],"collection":[{"href":"https:\/\/sakoplan.pl\/ru\/wp-json\/wp\/v2\/product"}],"about":[{"href":"https:\/\/sakoplan.pl\/ru\/wp-json\/wp\/v2\/types\/product"}],"version-history":[{"count":0,"href":"https:\/\/sakoplan.pl\/ru\/wp-json\/wp\/v2\/product\/4348\/revisions"}],"wp:featuredmedia":[{"embeddable":true,"href":"https:\/\/sakoplan.pl\/ru\/wp-json\/wp\/v2\/media\/1844"}],"wp:attachment":[{"href":"https:\/\/sakoplan.pl\/ru\/wp-json\/wp\/v2\/media?parent=4348"}],"wp:term":[{"taxonomy":"product_cat","embeddable":true,"href":"https:\/\/sakoplan.pl\/ru\/wp-json\/wp\/v2\/product_cat?post=4348"},{"taxonomy":"product_tag","embeddable":true,"href":"https:\/\/sakoplan.pl\/ru\/wp-json\/wp\/v2\/product_tag?post=4348"}],"curies":[{"name":"wp","href":"https:\/\/api.w.org\/{rel}","templated":true}]}}