{"id":4344,"date":"2025-11-05T09:44:06","date_gmt":"2025-11-05T09:44:06","guid":{"rendered":"https:\/\/sakoplan.pl\/?post_type=product&#038;p=4344"},"modified":"2025-11-20T11:20:03","modified_gmt":"2025-11-20T11:20:03","slug":"polietylen-plandeka-okryciowa-pe-200-200-g-m2-szer-400-cm","status":"publish","type":"product","link":"https:\/\/sakoplan.pl\/ru\/product\/polietylen-plandeka-okryciowa-pe-200-200-g-m2-szer-400-cm\/","title":{"rendered":"Polietylen \/ plandeka okryciowa &#8211; PE 200, 200 g\/m2, szer. 400 cm"},"content":{"rendered":"<p>Tkanina polietylenowa (HDPE) obustronnie laminowana ze stabilizacj\u0105 UV. Wysoka gramatura jak na tkaniny polietylenowe zapewnia bardzo dobre parametry wytrzyma\u0142o\u015bci na rozrywanie i przecieranie przy niskiej wadze. Jest stosowana powszechnie jako lekka plandeka okryciowa. Charakteryzuje si\u0119 r\u00f3wnie\u017c mo\u017cliwo\u015bci\u0105 u\u017cycia urz\u0105dze\u0144 zgrzewaj\u0105cych za pomoc\u0105 gor\u0105cego powietrza. Nowa szeroko\u015b\u0107.<\/p>\n<p>&nbsp;<\/p>\n<p>W szeroko\u015bci 400cm dost\u0119pna\u00a0 tylko w kolorze szarym<br \/>\n&#8211; w szeroko\u015bci 200 cm tak\u017ce w szarym i innych 3 kolorach:<\/p>\n<p>Granatowym<br \/>\nKhaki (oliwkowy)<br \/>\nBia\u0142y<\/p>\n<p>&nbsp;<\/p>\n<p>G\u0142\u00f3wne cechy:<\/p>\n<p>odporna na wod\u0119<br \/>\nodporna na promieniowanie UV<br \/>\n\u0142atwo zmywalna<\/p>\n<p>&nbsp;<\/p>\n<p>Najbardziej popularne zastosowania:<\/p>\n<p>Budownictwo &#8211; plandeki okryciowe<br \/>\nGeotechnika &#8211; membrany separacyjne<br \/>\nDom i Ogr\u00f3d &#8211; pokrowce i p\u0142achty okryciowe<\/p>\n<p>&nbsp;<\/p>\n<p>Dane techniczne:<br \/>\nGramatura: 200 g\/m2<br \/>\nSzeroko\u015b\u0107: 400 cm<br \/>\nNaw\u00f3j: 100 mb<\/p>\n<p>Uniwersalna tkanina polietylenowa laminowana obustronnie.<\/p>","protected":false},"excerpt":{"rendered":"<p>Tkanina polietylenowa (HDPE) obustronnie laminowana ze stabilizacj\u0105 UV. Wysoka gramatura jak na tkaniny polietylenowe zapewnia bardzo dobre parametry wytrzyma\u0142o\u015bci na rozrywanie i przecieranie przy niskiej wadze. Jest stosowana powszechnie jako lekka plandeka okryciowa. Charakteryzuje si\u0119 r\u00f3wnie\u017c mo\u017cliwo\u015bci\u0105 u\u017cycia urz\u0105dze\u0144 zgrzewaj\u0105cych za pomoc\u0105 gor\u0105cego powietrza. Nowa szeroko\u015b\u0107. &nbsp; W szeroko\u015bci 400cm dost\u0119pna\u00a0 tylko w kolorze szarym [&hellip;]<\/p>\n","protected":false},"featured_media":4305,"template":"","meta":{"_acf_changed":false},"product_cat":[661,645,253],"product_tag":[],"class_list":{"0":"post-4344","1":"product","2":"type-product","3":"status-publish","4":"has-post-thumbnail","6":"product_cat-na-namioty-kampingowe","7":"product_cat-pe200","8":"product_cat-sakotex-gramatura-ponizej-630-g-m2","9":"pa_kolor-szary-7038","11":"first","12":"outofstock","13":"taxable","14":"shipping-taxable","15":"purchasable","16":"product-type-variable","swatches":"rey-swatches","show_selected":""},"acf":[],"_links":{"self":[{"href":"https:\/\/sakoplan.pl\/ru\/wp-json\/wp\/v2\/product\/4344","targetHints":{"allow":["GET"]}}],"collection":[{"href":"https:\/\/sakoplan.pl\/ru\/wp-json\/wp\/v2\/product"}],"about":[{"href":"https:\/\/sakoplan.pl\/ru\/wp-json\/wp\/v2\/types\/product"}],"version-history":[{"count":0,"href":"https:\/\/sakoplan.pl\/ru\/wp-json\/wp\/v2\/product\/4344\/revisions"}],"wp:featuredmedia":[{"embeddable":true,"href":"https:\/\/sakoplan.pl\/ru\/wp-json\/wp\/v2\/media\/4305"}],"wp:attachment":[{"href":"https:\/\/sakoplan.pl\/ru\/wp-json\/wp\/v2\/media?parent=4344"}],"wp:term":[{"taxonomy":"product_cat","embeddable":true,"href":"https:\/\/sakoplan.pl\/ru\/wp-json\/wp\/v2\/product_cat?post=4344"},{"taxonomy":"product_tag","embeddable":true,"href":"https:\/\/sakoplan.pl\/ru\/wp-json\/wp\/v2\/product_tag?post=4344"}],"curies":[{"name":"wp","href":"https:\/\/api.w.org\/{rel}","templated":true}]}}